{"id":3179,"date":"2017-05-13T23:17:14","date_gmt":"2017-05-13T22:17:14","guid":{"rendered":"http:\/\/mathsguyon.fr\/?page_id=3179"},"modified":"2023-12-07T13:36:50","modified_gmt":"2023-12-07T12:36:50","slug":"loi-binomiale","status":"publish","type":"page","link":"https:\/\/mathsguyon.fr\/?page_id=3179","title":{"rendered":"Loi Discr\u00e8tes"},"content":{"rendered":"<h2 style=\"text-align: center;\"><a href=\"http:\/\/mathsguyon.fr\/wp-content\/uploads\/2023\/12\/Cours-2023.pdf\">Cours\u00a0<\/a> \u00a0 \u00a0 \u00a0 \u00a0 \u00a0 \u00a0 <a href=\"http:\/\/mathsguyon.fr\/wp-content\/uploads\/2023\/12\/PDT_2023_lois_discretes.pdf\">Plan de travail corrig\u00e9<\/a><\/h2>\n<h1 style=\"text-align: center;\"><span style=\"color: #800000;\">Vid\u00e9os de cours :<\/span><\/h1>\n<h2><a href=\"https:\/\/youtube.com\/embed\/Pdfk_ZRSqOk?rel=0\">Vid\u00e9o 1<\/a> : Rappels Variables al\u00e9atoires et Lois de probabilit\u00e9s<\/h2>\n<h2><a href=\"https:\/\/youtube.com\/embed\/iorTcHz3iCY?rel=0\">Vid\u00e9o 2<\/a> : Loi uniforme<\/h2>\n<h2 align=\"LEFT\"><a href=\"https:\/\/youtube.com\/embed\/L82mKN_ZaxU\">Vid\u00e9o 3<\/a> : \u00c9preuve de Bernoulli<\/h2>\n<h2 align=\"LEFT\"><a href=\"https:\/\/youtube.com\/embed\/3w9EDduBGTs\">Vid\u00e9o 4<\/a> : Loi de Bernoulli<\/h2>\n<h2 align=\"LEFT\"><a href=\"https:\/\/youtube.com\/embed\/MKJkb3Y5UAM\">Vid\u00e9o 5<\/a> : Sch\u00e9ma de Bernoulli<\/h2>\n<h2>Vid\u00e9o 6 : Loi g\u00e9om\u00e9trique<\/h2>\n<h2 align=\"LEFT\"><a href=\"https:\/\/youtube.com\/embed\/95AcxhIYp3E\">Vid\u00e9o 7<\/a> : Arbre pond\u00e9r\u00e9 et loi binomiale<\/h2>\n<h2><a href=\"https:\/\/youtube.com\/embed\/8P3asTyL_Ek\">Vid\u00e9o 8<\/a> : Coefficient binomiaux<\/h2>\n<h2><a href=\"https:\/\/youtube.com\/embed\/WdSmj1VEsuo\">Vid\u00e9o 9<\/a> : Calculs des coefficients binomiaux par d\u00e9nombrement +<\/h2>\n<h2><a href=\"https:\/\/youtube.com\/embed\/In56wkcJ22Q\">Vid\u00e9o 10<\/a> : Calculs des coefficients binomiaux \u00e0 la calculatrice<\/h2>\n<h2><a href=\"https:\/\/youtube.com\/embed\/GCGE1nmLc4k\">Vid\u00e9o 11<\/a> : Calculer les probabilit\u00e9s d&rsquo;une loi binomiale (formule)<\/h2>\n<h2>Vid\u00e9o 12 : Calculer les probabilit\u00e9s d&rsquo;une loi binomiale avec une calculatrice : <a href=\"https:\/\/youtube.com\/embed\/l9OoHVRpM8U\">Casio<\/a> &#8211; Numworks<\/h2>\n<h2><a href=\"https:\/\/youtube.com\/embed\/JTKKWJIaj4g\">Vid\u00e9o 13<\/a> : Calculer les probabilit\u00e9s d&rsquo;une loi binomiale avec un tableur<\/h2>\n<h2 align=\"LEFT\"><a href=\"https:\/\/youtube.com\/embed\/Zoi4RmpYZUE\">Vid\u00e9o 14<\/a> : D\u00e9terminer une loi Binomiale \u00e0 la calculatrice <a href=\"https:\/\/youtube.com\/embed\/Zoi4RmpYZUE\">CASIO <\/a>;<\/h2>\n<h2 align=\"LEFT\">NUMWORKS<\/h2>\n<h2><a href=\"https:\/\/youtube.com\/embed\/gCOWxD8oiQs\">Vid\u00e9o 15<\/a> : Esp\u00e9rance d\u2019une loi Binomiale<\/h2>\n<h2>Vid\u00e9o 16 : Repr\u00e9sentation graphique d\u2019une loi Binomiale avec la calculatrice <a href=\"http:\/\/youtube.com\/embed\/--kxhl2vTFk?hd=1\">CASIO\u00a0<\/a> &#8211;\u00a0 Numwoks<\/h2>\n<h2>Vid\u00e9o 17 : Repr\u00e9sentation graphique d\u2019une loi Binomiale avec la calculatrice<\/h2>\n<h2><a href=\"https:\/\/youtube.com\/embed\/QpI9WMJrW4I\">Vid\u00e9o 18<\/a>: Repr\u00e9sentation graphique d\u2019une loi Binomiale avec un tableur<span style=\"font-family: Comic Sans MS,cursive;\"><span style=\"font-size: small;\"><u><br \/>\n<\/u><\/span><\/span><\/h2>\n","protected":false},"excerpt":{"rendered":"<p>Cours\u00a0 \u00a0 \u00a0 \u00a0 \u00a0 \u00a0 \u00a0 Plan de travail corrig\u00e9 Vid\u00e9os de cours : Vid\u00e9o 1 : Rappels Variables al\u00e9atoires et Lois de probabilit\u00e9s Vid\u00e9o 2 : Loi uniforme Vid\u00e9o 3 : \u00c9preuve de Bernoulli Vid\u00e9o 4 : Loi &hellip; <a href=\"https:\/\/mathsguyon.fr\/?page_id=3179\">Continuer la lecture <span class=\"meta-nav\">&rarr;<\/span><\/a><\/p>\n","protected":false},"author":1,"featured_media":0,"parent":1104,"menu_order":0,"comment_status":"closed","ping_status":"closed","template":"","meta":{"footnotes":""},"class_list":["post-3179","page","type-page","status-publish","hentry"],"_links":{"self":[{"href":"https:\/\/mathsguyon.fr\/index.php?rest_route=\/wp\/v2\/pages\/3179","targetHints":{"allow":["GET"]}}],"collection":[{"href":"https:\/\/mathsguyon.fr\/index.php?rest_route=\/wp\/v2\/pages"}],"about":[{"href":"https:\/\/mathsguyon.fr\/index.php?rest_route=\/wp\/v2\/types\/page"}],"author":[{"embeddable":true,"href":"https:\/\/mathsguyon.fr\/index.php?rest_route=\/wp\/v2\/users\/1"}],"replies":[{"embeddable":true,"href":"https:\/\/mathsguyon.fr\/index.php?rest_route=%2Fwp%2Fv2%2Fcomments&post=3179"}],"version-history":[{"count":39,"href":"https:\/\/mathsguyon.fr\/index.php?rest_route=\/wp\/v2\/pages\/3179\/revisions"}],"predecessor-version":[{"id":9423,"href":"https:\/\/mathsguyon.fr\/index.php?rest_route=\/wp\/v2\/pages\/3179\/revisions\/9423"}],"up":[{"embeddable":true,"href":"https:\/\/mathsguyon.fr\/index.php?rest_route=\/wp\/v2\/pages\/1104"}],"wp:attachment":[{"href":"https:\/\/mathsguyon.fr\/index.php?rest_route=%2Fwp%2Fv2%2Fmedia&parent=3179"}],"curies":[{"name":"wp","href":"https:\/\/api.w.org\/{rel}","templated":true}]}}