{"id":3064,"date":"2017-05-01T17:05:57","date_gmt":"2017-05-01T16:05:57","guid":{"rendered":"http:\/\/mathsguyon.fr\/?page_id=3064"},"modified":"2018-03-28T23:22:57","modified_gmt":"2018-03-28T22:22:57","slug":"terminale-stmg","status":"publish","type":"page","link":"https:\/\/mathsguyon.fr\/?page_id=3064","title":{"rendered":"Terminale STMG"},"content":{"rendered":"<h1 style=\"text-align: center;\"><strong><span style=\"color: #800000;\">Chapitres de Terminale STMG :<\/span><\/strong><\/h1>\n<h1><a href=\"http:\/\/mathsguyon.fr\/?page_id=3366\">1. Informations chiffr\u00e9es<\/a><\/h1>\n<h1><a href=\"http:\/\/mathsguyon.fr\/?page_id=3663\">2. Les suites<\/a><\/h1>\n<h1><a href=\"http:\/\/mathsguyon.fr\/?page_id=3665\">3. Statistiques \u00e0 deux variables<\/a><\/h1>\n<h1><a href=\"http:\/\/mathsguyon.fr\/?page_id=3800\"><span style=\"color: #800000;\">4. Etudes de fonctions<\/span><\/a><\/h1>\n<h1><a href=\"http:\/\/mathsguyon.fr\/?page_id=4328\">5. Probabilit\u00e9s conditionnelles<\/a><\/h1>\n<h1><a href=\"http:\/\/mathsguyon.fr\/?page_id=4322\">6. Loi normale<\/a><\/h1>\n<p>&nbsp;<\/p>\n<h1 style=\"text-align: center;\"><a href=\"http:\/\/mathsguyon.fr\/?page_id=4371\">Annales Bac STMG corrig\u00e9s<\/a><\/h1>\n","protected":false},"excerpt":{"rendered":"<p>Chapitres de Terminale STMG : 1. Informations chiffr\u00e9es 2. Les suites 3. Statistiques \u00e0 deux variables 4. Etudes de fonctions 5. Probabilit\u00e9s conditionnelles 6. Loi normale &nbsp; Annales Bac STMG corrig\u00e9s<\/p>\n","protected":false},"author":1,"featured_media":0,"parent":3059,"menu_order":0,"comment_status":"closed","ping_status":"closed","template":"","meta":{"footnotes":""},"class_list":["post-3064","page","type-page","status-publish","hentry"],"_links":{"self":[{"href":"https:\/\/mathsguyon.fr\/index.php?rest_route=\/wp\/v2\/pages\/3064","targetHints":{"allow":["GET"]}}],"collection":[{"href":"https:\/\/mathsguyon.fr\/index.php?rest_route=\/wp\/v2\/pages"}],"about":[{"href":"https:\/\/mathsguyon.fr\/index.php?rest_route=\/wp\/v2\/types\/page"}],"author":[{"embeddable":true,"href":"https:\/\/mathsguyon.fr\/index.php?rest_route=\/wp\/v2\/users\/1"}],"replies":[{"embeddable":true,"href":"https:\/\/mathsguyon.fr\/index.php?rest_route=%2Fwp%2Fv2%2Fcomments&post=3064"}],"version-history":[{"count":12,"href":"https:\/\/mathsguyon.fr\/index.php?rest_route=\/wp\/v2\/pages\/3064\/revisions"}],"predecessor-version":[{"id":3465,"href":"https:\/\/mathsguyon.fr\/index.php?rest_route=\/wp\/v2\/pages\/3064\/revisions\/3465"}],"up":[{"embeddable":true,"href":"https:\/\/mathsguyon.fr\/index.php?rest_route=\/wp\/v2\/pages\/3059"}],"wp:attachment":[{"href":"https:\/\/mathsguyon.fr\/index.php?rest_route=%2Fwp%2Fv2%2Fmedia&parent=3064"}],"curies":[{"name":"wp","href":"https:\/\/api.w.org\/{rel}","templated":true}]}}