{"id":2926,"date":"2017-04-17T09:20:10","date_gmt":"2017-04-17T08:20:10","guid":{"rendered":"http:\/\/mathsguyon.fr\/?page_id=2926"},"modified":"2018-03-04T21:46:41","modified_gmt":"2018-03-04T20:46:41","slug":"probabilites","status":"publish","type":"page","link":"https:\/\/mathsguyon.fr\/?page_id=2926","title":{"rendered":"Probabilit\u00e9s"},"content":{"rendered":"<ul>\n<li>\n<h2><a href=\"http:\/\/mathsguyon.fr\/wp-content\/uploads\/2017\/04\/Proba-STMG_trou2.pdf\">Cours \u00e0 trou<\/a> (pdf)<\/h2>\n<\/li>\n<li>\n<h2><a href=\"http:\/\/mathsguyon.fr\/wp-content\/uploads\/2017\/04\/Proba-STMG2.pdf\">Cours complet<\/a> (pdf)<\/h2>\n<\/li>\n<li>\n<h2><a href=\"http:\/\/mathsguyon.fr\/wp-content\/uploads\/2017\/04\/PDT.pdf\">Plan De Travail (pdf)<\/a><\/h2>\n<\/li>\n<\/ul>\n<h1 style=\"text-align: center;\"><span style=\"color: #800000;\">Les vid\u00e9os de cours :<\/span><\/h1>\n<h2><a href=\"https:\/\/youtube.com\/embed\/ZTYR1TCfgh0\">Vid\u00e9o 1<\/a> : D\u00e9finitions et notations de base en probabilit\u00e9s<\/h2>\n<h2 align=\"left\"><a href=\"https:\/\/youtube.com\/embed\/lTexCrnK8Zc\">Vid\u00e9o 2<\/a> : Probabilit\u00e9s \u00e9l\u00e9mentaires<\/h2>\n<h2 align=\"left\"><a href=\"https:\/\/youtube.com\/embed\/oo0ynm8xs1U\">Vid\u00e9o 3<\/a> : Probabilit\u00e9s et ensembles<\/h2>\n<h2 align=\"left\"><a href=\"https:\/\/youtube.com\/embed\/ZTecbPji9fU\">Vid\u00e9o 4 <\/a>: Arbres pond\u00e9r\u00e9s<\/h2>\n<h2 align=\"left\"><a href=\"https:\/\/youtube.com\/embed\/L82mKN_ZaxU\">Vid\u00e9o 5<\/a> : \u00c9preuve de Bernoulli<\/h2>\n<h2 align=\"left\"><a href=\"https:\/\/youtube.com\/embed\/MKJkb3Y5UAM\">Vid\u00e9o 6<\/a> : Sch\u00e9ma de Bernoulli<\/h2>\n<h2 align=\"left\"><a href=\"https:\/\/youtube.com\/embed\/tJkBQ8gS66o\">Vid\u00e9o 7<\/a> :Variable al\u00e9atoire et sch\u00e9ma de Bernoulli<\/h2>\n<h2 align=\"left\"><a href=\"https:\/\/youtube.com\/embed\/95AcxhIYp3E\">Vid\u00e9o 8<\/a> : Calculer une loi Binomiale avec un arbre pond\u00e9r\u00e9<\/h2>\n<h2 align=\"left\"><a href=\"https:\/\/youtube.com\/embed\/l9OoHVRpM8U\">Vid\u00e9o 9<\/a> : Calculer une loi Binomiale avec une calculatrice<\/h2>\n<h2 align=\"left\"><a href=\"https:\/\/youtube.com\/embed\/JTKKWJIaj4g\">Vid\u00e9o 10<\/a> : Calculer une loi Binomiale avec un tableur<\/h2>\n<h2 align=\"left\"><a href=\"https:\/\/youtube.com\/embed\/Zoi4RmpYZUE\">Vid\u00e9o 11<\/a> : D\u00e9terminer une loi binomiale avec une calculatrice<\/h2>\n<h2><a href=\"https:\/\/youtube.com\/embed\/--kxhl2vTFk\">Vid\u00e9o 12<\/a> : Repr\u00e9senter graphiquement une loi binomiale \u00e0 la calculatrice<\/h2>\n<h2><a href=\"https:\/\/youtube.com\/embed\/QpI9WMJrW4I\">Vid\u00e9o 13<\/a> : D\u00e9terminer une loi binomiale et la repr\u00e9senter avec un tableur<\/h2>\n<h2 align=\"left\"><a href=\"https:\/\/youtube.com\/embed\/gCOWxD8oiQs\">Vid\u00e9o 14<\/a> : Esp\u00e9rance d&rsquo;une loi binomiale<\/h2>\n<h1 style=\"text-align: center;\"><span style=\"color: #800000;\">Exercices corrig\u00e9s en vid\u00e9o :<\/span><\/h1>\n<h2><span style=\"color: #800000;\">Exercice 1 :<\/span><\/h2>\n<p>Une urne contient 2 boules gagnantes et 8 boules perdantes. Une exp\u00e9rience consiste \u00e0 tirer au hasard 3 fois de suite une boule en la remettant \u00e0 chaque fois dans l\u2019urne.<\/p>\n<p>Soit X la variable al\u00e9atoire \u00e9gale au nombre de boules gagnantes.<\/p>\n<ol>\n<li>Quelle est la loi suivie par X\u00a0?<\/li>\n<li>Calculer la probabilit\u00e9 P(X=2) d&rsquo;obtenir 2 boules gagnantes.<\/li>\n<li>Calculer la probabilit\u00e9 P(X2) d\u2019obtenir au moins 2 boules gagnantes.<\/li>\n<\/ol>\n<p><a href=\"https:\/\/youtube.com\/embed\/b18_r8r4K2s\">Correction en vid\u00e9o <\/a><\/p>\n<p>&nbsp;<\/p>\n","protected":false},"excerpt":{"rendered":"<p>Cours \u00e0 trou (pdf) Cours complet (pdf) Plan De Travail (pdf) Les vid\u00e9os de cours : Vid\u00e9o 1 : D\u00e9finitions et notations de base en probabilit\u00e9s Vid\u00e9o 2 : Probabilit\u00e9s \u00e9l\u00e9mentaires Vid\u00e9o 3 : Probabilit\u00e9s et ensembles Vid\u00e9o 4 : &hellip; <a href=\"https:\/\/mathsguyon.fr\/?page_id=2926\">Continuer la lecture <span class=\"meta-nav\">&rarr;<\/span><\/a><\/p>\n","protected":false},"author":1,"featured_media":0,"parent":1097,"menu_order":0,"comment_status":"closed","ping_status":"closed","template":"","meta":{"footnotes":""},"class_list":["post-2926","page","type-page","status-publish","hentry"],"_links":{"self":[{"href":"https:\/\/mathsguyon.fr\/index.php?rest_route=\/wp\/v2\/pages\/2926","targetHints":{"allow":["GET"]}}],"collection":[{"href":"https:\/\/mathsguyon.fr\/index.php?rest_route=\/wp\/v2\/pages"}],"about":[{"href":"https:\/\/mathsguyon.fr\/index.php?rest_route=\/wp\/v2\/types\/page"}],"author":[{"embeddable":true,"href":"https:\/\/mathsguyon.fr\/index.php?rest_route=\/wp\/v2\/users\/1"}],"replies":[{"embeddable":true,"href":"https:\/\/mathsguyon.fr\/index.php?rest_route=%2Fwp%2Fv2%2Fcomments&post=2926"}],"version-history":[{"count":22,"href":"https:\/\/mathsguyon.fr\/index.php?rest_route=\/wp\/v2\/pages\/2926\/revisions"}],"predecessor-version":[{"id":3261,"href":"https:\/\/mathsguyon.fr\/index.php?rest_route=\/wp\/v2\/pages\/2926\/revisions\/3261"}],"up":[{"embeddable":true,"href":"https:\/\/mathsguyon.fr\/index.php?rest_route=\/wp\/v2\/pages\/1097"}],"wp:attachment":[{"href":"https:\/\/mathsguyon.fr\/index.php?rest_route=%2Fwp%2Fv2%2Fmedia&parent=2926"}],"curies":[{"name":"wp","href":"https:\/\/api.w.org\/{rel}","templated":true}]}}