{"id":277,"date":"2016-04-04T10:53:53","date_gmt":"2016-04-04T09:53:53","guid":{"rendered":"http:\/\/mathsguyon.fr\/?page_id=277"},"modified":"2024-12-27T17:43:46","modified_gmt":"2024-12-27T16:43:46","slug":"probabilites","status":"publish","type":"page","link":"https:\/\/mathsguyon.fr\/?page_id=277","title":{"rendered":"Probabilit\u00e9s"},"content":{"rendered":"<h1 style=\"text-align: center;\"><span style=\"color: #800000;\"><strong>Documents en pdf :<\/strong><\/span><\/h1>\n<h2 style=\"text-align: center;\"><a href=\"http:\/\/mathsguyon.fr\/wp-content\/uploads\/2024\/05\/Cours_proba_2024.pdf\">Cours en pdf<\/a><\/h2>\n<h1>\u00a0\u00a0\u00a0 <strong>Les vid\u00e9os de cours :<\/strong><\/h1>\n<ul>\n<li>\n<h2><a href=\"https:\/\/youtube.com\/embed\/VLqwBdgLkRg?rel=0\" target=\"_blank\" rel=\"noopener noreferrer\">Activit\u00e9 de d\u00e9part en vid\u00e9o<\/a><\/h2>\n<ul>\n<li>\n<h2><a href=\"https:\/\/youtube.com\/embed\/iSMiIfZzLMM\">Vid\u00e9o compl\u00e9mentaire<\/a> : Probabilit\u00e9 et loi des grands nombres.<\/h2>\n<\/li>\n<\/ul>\n<\/li>\n<li>\n<h2><a href=\"https:\/\/youtube.com\/embed\/PzQVSaBZ5jg?rel=0\" target=\"_blank\" rel=\"noopener noreferrer\">Vid\u00e9o de cours n\u00b01 <\/a>: Vocabulaire et d\u00e9finitions<\/h2>\n<\/li>\n<\/ul>\n<h1>QCM n\u00b01 : \u00a0\u00a0\u00a0\u00a0 <a href=\"https:\/\/link.dgpad.net\/jAZo\">Avec identifiants<\/a> \u00a0\u00a0\u00a0\u00a0\u00a0\u00a0\u00a0\u00a0 <a href=\"https:\/\/link.dgpad.net\/CEwN\">Sans identifiants<\/a><\/h1>\n<ul>\n<li>\n<h2><a href=\"https:\/\/youtube.com\/embed\/wPj3D4rymb0\">Vid\u00e9o de cours n\u00b02 <\/a>: Probabilit\u00e9 d&rsquo;un \u00e9v\u00e8nement<\/h2>\n<\/li>\n<\/ul>\n<h1>QCM n\u00b02 : \u00a0\u00a0\u00a0\u00a0 <a href=\"https:\/\/link.dgpad.net\/BozN\">Avec identifiants<\/a> \u00a0\u00a0\u00a0\u00a0\u00a0\u00a0\u00a0\u00a0 <a href=\"https:\/\/link.dgpad.net\/6MVM\">Sans identifiants<\/a><\/h1>\n<ul>\n<li>\n<h2><a href=\"https:\/\/youtube.com\/embed\/InIJvrPhE4s\">Vid\u00e9o de cours n\u00b03 :<\/a> Rappels Union et Intersection<\/h2>\n<\/li>\n<li>\n<h2><a href=\"https:\/\/youtube.com\/embed\/lqecuEPbXP0\">Vid\u00e9o de cours n\u00b0 4 : <\/a>Relation entre Intersection et Union<\/h2>\n<\/li>\n<li>\n<h2><a href=\"https:\/\/youtube.com\/embed\/lemRkl_npwc\">Vid\u00e9o de cours n\u00b05 :<\/a> Tirages successifs<\/h2>\n<\/li>\n<\/ul>\n<h2 style=\"text-align: center;\"><\/h2>\n<h2 style=\"text-align: center;\">\u00a0 <a href=\"https:\/\/mathsguyon.fr\/wp-content\/uploads\/2024\/12\/PDT_2024_proba.pdf\" class=\"pdfemb-viewer\" style=\"\" data-width=\"max\" data-height=\"max\" data-toolbar=\"bottom\" data-toolbar-fixed=\"off\">Plan De Travail<\/a><\/h2>\n","protected":false},"excerpt":{"rendered":"<p>Documents en pdf : Cours en pdf \u00a0\u00a0\u00a0 Les vid\u00e9os de cours : Activit\u00e9 de d\u00e9part en vid\u00e9o Vid\u00e9o compl\u00e9mentaire : Probabilit\u00e9 et loi des grands nombres. Vid\u00e9o de cours n\u00b01 : Vocabulaire et d\u00e9finitions QCM n\u00b01 : \u00a0\u00a0\u00a0\u00a0 Avec &hellip; <a href=\"https:\/\/mathsguyon.fr\/?page_id=277\">Continuer la lecture <span class=\"meta-nav\">&rarr;<\/span><\/a><\/p>\n","protected":false},"author":1,"featured_media":0,"parent":21,"menu_order":0,"comment_status":"closed","ping_status":"closed","template":"","meta":{"footnotes":""},"class_list":["post-277","page","type-page","status-publish","hentry"],"_links":{"self":[{"href":"https:\/\/mathsguyon.fr\/index.php?rest_route=\/wp\/v2\/pages\/277","targetHints":{"allow":["GET"]}}],"collection":[{"href":"https:\/\/mathsguyon.fr\/index.php?rest_route=\/wp\/v2\/pages"}],"about":[{"href":"https:\/\/mathsguyon.fr\/index.php?rest_route=\/wp\/v2\/types\/page"}],"author":[{"embeddable":true,"href":"https:\/\/mathsguyon.fr\/index.php?rest_route=\/wp\/v2\/users\/1"}],"replies":[{"embeddable":true,"href":"https:\/\/mathsguyon.fr\/index.php?rest_route=%2Fwp%2Fv2%2Fcomments&post=277"}],"version-history":[{"count":37,"href":"https:\/\/mathsguyon.fr\/index.php?rest_route=\/wp\/v2\/pages\/277\/revisions"}],"predecessor-version":[{"id":10191,"href":"https:\/\/mathsguyon.fr\/index.php?rest_route=\/wp\/v2\/pages\/277\/revisions\/10191"}],"up":[{"embeddable":true,"href":"https:\/\/mathsguyon.fr\/index.php?rest_route=\/wp\/v2\/pages\/21"}],"wp:attachment":[{"href":"https:\/\/mathsguyon.fr\/index.php?rest_route=%2Fwp%2Fv2%2Fmedia&parent=277"}],"curies":[{"name":"wp","href":"https:\/\/api.w.org\/{rel}","templated":true}]}}