{"id":2645,"date":"2017-02-20T21:34:02","date_gmt":"2017-02-20T20:34:02","guid":{"rendered":"http:\/\/mathsguyon.fr\/?page_id=2645"},"modified":"2017-03-23T14:03:04","modified_gmt":"2017-03-23T13:03:04","slug":"suites-numeriques","status":"publish","type":"page","link":"https:\/\/mathsguyon.fr\/?page_id=2645","title":{"rendered":"Suites num\u00e9riques"},"content":{"rendered":"<h2><span style=\"color: #800000;\"> Suites num\u00e9riques :<\/span>\u00a0 <a href=\"http:\/\/mathsguyon.fr\/wp-content\/uploads\/2017\/02\/cours_suite2.pdf\">Cours_\u00e0 trou<\/a><\/h2>\n<h2><span style=\"color: #800000;\">Suites arithm\u00e9tiques et g\u00e9om\u00e9triques : <a href=\"http:\/\/mathsguyon.fr\/wp-content\/uploads\/2017\/02\/cours_suiteartith_geom_trou.pdf\">Cours_\u00e0_trou\u00a0<\/a><\/span><\/h2>\n<h2><span style=\"color: #800000;\"><a href=\"http:\/\/mathsguyon.fr\/wp-content\/uploads\/2017\/02\/PDT-suites_STMG_fini.pdf\">Plan De Travail : applications de base (page 1 \u00e0 4)<\/a><\/span><\/h2>\n<h2><a href=\"http:\/\/mathsguyon.fr\/wp-content\/uploads\/2016\/10\/PDT-modelisation.pdf\">Plan De Travail : mod\u00e9lisation avec les suites (page 5)<\/a><\/h2>\n<hr \/>\n<h1 style=\"text-align: center;\"><strong><span style=\"color: #800000;\">Vid\u00e9os sur les suites arithm\u00e9tiques et g\u00e9om\u00e9triques :<br \/>\n<\/span><\/strong><\/h1>\n<h2><a href=\"https:\/\/youtube.com\/embed\/BannsoFEzpw\">Vid\u00e9o 1 :<\/a> D\u00e9finition d&rsquo;une suite arithm\u00e9tique<\/h2>\n<h2><a href=\"https:\/\/youtube.com\/embed\/9BLUNmTat9M\">Vid\u00e9o 2 :<\/a> Terme g\u00e9n\u00e9ral d&rsquo;une suite arithm\u00e9tique<\/h2>\n<h2><a href=\"https:\/\/www.youtube.com\/embed\/23ozQogokIg\">Vid\u00e9o 3 <\/a>: Sens de variation d&rsquo;une suite arithm\u00e9tique<\/h2>\n<h2><a href=\"https:\/\/youtube.com\/embed\/nk-d_y4k1-U\">Vid\u00e9o 4<\/a> : Repr\u00e9sentation graphique d&rsquo;une suite arithm\u00e9tique<\/h2>\n<h2><a href=\"https:\/\/youtube.com\/embed\/TG6nd9Iti4I\">Vid\u00e9o 5 <\/a>: D\u00e9finition d&rsquo;une suite g\u00e9om\u00e9trique<\/h2>\n<h2><a href=\"https:\/\/youtube.com\/embed\/258HjvzZEm4\">Vid\u00e9o 6<\/a> : Terme g\u00e9n\u00e9ral d&rsquo;une suite g\u00e9om\u00e9trique<\/h2>\n<h2 class=\"entry-content\"><a href=\"https:\/\/youtube.com\/embed\/YKjuw2FqHMc\">Vid\u00e9o 7 :<\/a> Sens de variation d&rsquo;une suite g\u00e9om\u00e9trique<a href=\"https:\/\/youtube.com\/embed\/CT1zSLigPo4\">\u00a0<\/a><\/h2>\n<h2 class=\"entry-content\"><a href=\"https:\/\/youtube.com\/embed\/CT1zSLigPo4\">Vid\u00e9o 8<\/a> : Repr\u00e9sentation graphique d&rsquo;une suite g\u00e9om\u00e9trique<\/h2>\n<footer class=\"entry-meta\"><span class=\"edit-link\"><a class=\"post-edit-link\" href=\"http:\/\/mathsguyon.fr\/wp-admin\/post.php?post=2599&amp;action=edit\">Modifier<\/a><\/span><\/footer>\n","protected":false},"excerpt":{"rendered":"<p>Suites num\u00e9riques :\u00a0 Cours_\u00e0 trou Suites arithm\u00e9tiques et g\u00e9om\u00e9triques : Cours_\u00e0_trou\u00a0 Plan De Travail : applications de base (page 1 \u00e0 4) Plan De Travail : mod\u00e9lisation avec les suites (page 5) Vid\u00e9os sur les suites arithm\u00e9tiques et g\u00e9om\u00e9triques : &hellip; <a href=\"https:\/\/mathsguyon.fr\/?page_id=2645\">Continuer la lecture <span class=\"meta-nav\">&rarr;<\/span><\/a><\/p>\n","protected":false},"author":1,"featured_media":0,"parent":0,"menu_order":0,"comment_status":"closed","ping_status":"closed","template":"","meta":{"footnotes":""},"class_list":["post-2645","page","type-page","status-publish","hentry"],"_links":{"self":[{"href":"https:\/\/mathsguyon.fr\/index.php?rest_route=\/wp\/v2\/pages\/2645","targetHints":{"allow":["GET"]}}],"collection":[{"href":"https:\/\/mathsguyon.fr\/index.php?rest_route=\/wp\/v2\/pages"}],"about":[{"href":"https:\/\/mathsguyon.fr\/index.php?rest_route=\/wp\/v2\/types\/page"}],"author":[{"embeddable":true,"href":"https:\/\/mathsguyon.fr\/index.php?rest_route=\/wp\/v2\/users\/1"}],"replies":[{"embeddable":true,"href":"https:\/\/mathsguyon.fr\/index.php?rest_route=%2Fwp%2Fv2%2Fcomments&post=2645"}],"version-history":[{"count":17,"href":"https:\/\/mathsguyon.fr\/index.php?rest_route=\/wp\/v2\/pages\/2645\/revisions"}],"predecessor-version":[{"id":2838,"href":"https:\/\/mathsguyon.fr\/index.php?rest_route=\/wp\/v2\/pages\/2645\/revisions\/2838"}],"wp:attachment":[{"href":"https:\/\/mathsguyon.fr\/index.php?rest_route=%2Fwp%2Fv2%2Fmedia&parent=2645"}],"curies":[{"name":"wp","href":"https:\/\/api.w.org\/{rel}","templated":true}]}}