{"id":262,"date":"2016-03-31T21:33:54","date_gmt":"2016-03-31T20:33:54","guid":{"rendered":"http:\/\/mathsguyon.fr\/?page_id=262"},"modified":"2022-02-16T08:34:16","modified_gmt":"2022-02-16T07:34:16","slug":"fonctions-generalites","status":"publish","type":"page","link":"https:\/\/mathsguyon.fr\/?page_id=262","title":{"rendered":"Fonctions (g\u00e9n\u00e9ralit\u00e9s)"},"content":{"rendered":"<h2 style=\"text-align: center;\"><span style=\"color: #000000;\">\u00a0 <a href=\"https:\/\/mathsguyon.fr\/test\/index.php?l=fr&amp;n=3e&amp;c=Fonction\">Cours en ligne avec vid\u00e9os et QCM int\u00e9gr\u00e9s<\/a><\/span><\/h2>\n<h2 style=\"text-align: center;\"><span style=\"color: #000000;\"> \u00a0\u00a0\u00a0\u00a0 <a style=\"color: #000000;\" href=\"http:\/\/mathsguyon.fr\/wp-content\/uploads\/2016\/03\/notion-de-fonction_2016_elevescomplet_2017.pdf\">Cours \u00e0 trou<\/a> en pdf \u00a0\u00a0\u00a0\u00a0\u00a0\u00a0\u00a0\u00a0\u00a0\u00a0\u00a0\u00a0 <a style=\"color: #000000;\" href=\"http:\/\/mathsguyon.fr\/wp-content\/uploads\/2016\/03\/notion-de-fonction_2016_elevescomplet-1.pdf\">Cours compl\u00e9t\u00e9 en pdf<\/a><\/span><\/h2>\n<h2 style=\"text-align: center;\"><a href=\"http:\/\/mathsguyon.fr\/wp-content\/uploads\/2022\/02\/Plan_de_travail_fonctions__2_courtbien.pdf\">Plan de travail<\/a><\/h2>\n<h2 style=\"text-align: center;\"><a href=\"http:\/\/mathsguyon.fr\/wp-content\/uploads\/2022\/02\/Plan_de_travail_fonctions__2_corr.pdf\">Correction Plan de travail<\/a><\/h2>\n<h1 style=\"text-align: center;\"><span style=\"color: #800000;\">Les vid\u00e9os du cours :<\/span><\/h1>\n<hr \/>\n<div class=\"entry-content\" style=\"text-align: center;\">\n<h2><span style=\"color: #800000;\"><strong>Vocabulaire et notations :<br \/>\n<\/strong><\/span><\/h2>\n<h2><a href=\"https:\/\/youtube.com\/embed\/XUWoRC4R6LY\">Vid\u00e9o 1<\/a> : Vocabulaire et notations &#8212; <a href=\"https:\/\/youtube.com\/embed\/q4GExUasJic\">Vid\u00e9o 2<\/a> : Vocabulaire et notations<\/h2>\n<h2><strong>QCM 1 :\u00a0\u00a0<\/strong> <a href=\"https:\/\/link.dgpad.net\/rvZW\">Identifi\u00e9\u00a0\u00a0<\/a> &#8211;\u00a0 <a href=\"https:\/\/link.dgpad.net\/XJMv\">Anonyme<\/a> \u00a0\u00a0\u00a0\u00a0&#8211; <strong>QCM 2 : <\/strong>\u00a0 <a href=\"https:\/\/link.dgpad.net\/LrDq\">Identifi\u00e9\u00a0\u00a0 <\/a>&#8211;\u00a0 <a href=\"https:\/\/link.dgpad.net\/jJy4\">Anonyme<\/a><\/h2>\n<hr \/>\n<h2><span style=\"color: #800000;\"><strong>Tableaux de valeurs :<br \/>\n<\/strong><\/span><\/h2>\n<h2><a href=\"https:\/\/youtube.com\/embed\/J06wQkR2pBs\">Vid\u00e9o 3 :<\/a> &#8212; <a href=\"https:\/\/youtube.com\/embed\/DPAOiqujDhI\">Vid\u00e9o 4 :<\/a>\u00a0 (suite)<\/h2>\n<h2><strong>QCM 3 :<\/strong>\u00a0\u00a0 <a href=\"https:\/\/link.dgpad.net\/XUoV\">Identifi\u00e9\u00a0\u00a0 <\/a>&#8211;\u00a0 <a href=\"https:\/\/link.dgpad.net\/jJy4\">Anonyme<\/a> \u00a0\u00a0\u00a0&#8211;\u00a0\u00a0 <strong>QCM 4 :<\/strong>\u00a0\u00a0 <a href=\"https:\/\/link.dgpad.net\/zeAY\">Identifi\u00e9\u00a0\u00a0<\/a> &#8211;\u00a0 <a href=\"https:\/\/link.dgpad.net\/4X2E\">Anonyme<\/a><\/h2>\n<hr \/>\n<h2><strong><span style=\"color: #993300;\">Expression alg\u00e9brique :<\/span><\/strong><\/h2>\n<h2><a href=\"https:\/\/youtube.com\/embed\/tGWUwsLZtSc\">Vid\u00e9o 5<\/a>\u00a0 &#8212; <a href=\"https:\/\/youtube.com\/embed\/7-9fGSW6o6E\">Vid\u00e9o 6<\/a> :\u00a0 (suite)<\/h2>\n<h2><strong>QCM 5 :<\/strong>\u00a0\u00a0 <a href=\"https:\/\/link.dgpad.net\/Equn\">Identifi\u00e9\u00a0\u00a0<\/a> &#8211;\u00a0 <a href=\"https:\/\/link.dgpad.net\/jjMC\">Anonyme<\/a> \u00a0\u00a0\u00a0\u00a0&#8212;\u00a0\u00a0 <strong>QCM 6 :<\/strong>\u00a0\u00a0 <a href=\"https:\/\/link.dgpad.net\/DTtj\">Identifi\u00e9\u00a0\u00a0<\/a> &#8211;\u00a0 <a href=\"https:\/\/link.dgpad.net\/gEv2\">Anonyme<\/a><\/h2>\n<hr \/>\n<h2><strong><span style=\"color: #800000;\">Repr\u00e9sentation graphique d&rsquo;une fonction<\/span><br \/>\n<\/strong><\/h2>\n<h2><a href=\"https:\/\/youtube.com\/embed\/oaU0Nb72tu0\">Vid\u00e9o 7 <\/a> &#8212; <a href=\"https:\/\/www.youtube.com\/embed\/xfQuQihYbps\">Vid\u00e9o 8<\/a>\u00a0 (suite)<\/h2>\n<h2><strong>QCM 7 :<\/strong>\u00a0\u00a0 <a href=\"https:\/\/link.dgpad.net\/5uVh\">Identifi\u00e9\u00a0\u00a0<\/a> &#8211;\u00a0 Anonyme<\/h2>\n<hr \/>\n<h2><span style=\"color: #993300;\">\u00a0\u00c9valuations formatives :<\/span><\/h2>\n<h2><strong>QCM D\u00e9finitions :<\/strong>\u00a0\u00a0 <a href=\"https:\/\/link.dgpad.net\/PhNj\">Identifi\u00e9\u00a0<\/a><\/h2>\n<h2><strong>QCM Tableaux de valeurs:<\/strong>\u00a0\u00a0 <a href=\"https:\/\/link.dgpad.net\/4Y1W\">Identifi\u00e9\u00a0<\/a><\/h2>\n<h2><strong>QCM Expression alg\u00e9brique :<\/strong>\u00a0\u00a0 <a href=\"https:\/\/link.dgpad.net\/PvBb\">Identifi\u00e9\u00a0<\/a><\/h2>\n<h2><strong>QCM Repr\u00e9sentation grahique :<\/strong>\u00a0\u00a0 <a href=\"https:\/\/link.dgpad.net\/tj7g\">Identifi\u00e9\u00a0<\/a><\/h2>\n<h1><a href=\"https:\/\/coopmaths.fr\/mathalea.html?ex=3F12-3,s=5,n=1,cd=1,i=1&amp;ex=3F12-4,s=3,i=1&amp;ex=3F13-1,i=1&amp;ex=3F10-2,s=2,s2=false,n=2,cd=0,i=1&amp;ex=3F10,i=1&amp;ex=3F12-2,s=5,n=3,i=1&amp;v=l\">Bilan<\/a><\/h1>\n<h2 style=\"text-align: left;\"><\/h2>\n<\/div>\n","protected":false},"excerpt":{"rendered":"<p>\u00a0 Cours en ligne avec vid\u00e9os et QCM int\u00e9gr\u00e9s \u00a0\u00a0\u00a0\u00a0 Cours \u00e0 trou en pdf \u00a0\u00a0\u00a0\u00a0\u00a0\u00a0\u00a0\u00a0\u00a0\u00a0\u00a0\u00a0 Cours compl\u00e9t\u00e9 en pdf Plan de travail Correction Plan de travail Les vid\u00e9os du cours : Vocabulaire et notations : Vid\u00e9o 1 : Vocabulaire &hellip; <a href=\"https:\/\/mathsguyon.fr\/?page_id=262\">Continuer la lecture <span class=\"meta-nav\">&rarr;<\/span><\/a><\/p>\n","protected":false},"author":1,"featured_media":0,"parent":795,"menu_order":0,"comment_status":"closed","ping_status":"closed","template":"","meta":{"footnotes":""},"class_list":["post-262","page","type-page","status-publish","hentry"],"_links":{"self":[{"href":"https:\/\/mathsguyon.fr\/index.php?rest_route=\/wp\/v2\/pages\/262","targetHints":{"allow":["GET"]}}],"collection":[{"href":"https:\/\/mathsguyon.fr\/index.php?rest_route=\/wp\/v2\/pages"}],"about":[{"href":"https:\/\/mathsguyon.fr\/index.php?rest_route=\/wp\/v2\/types\/page"}],"author":[{"embeddable":true,"href":"https:\/\/mathsguyon.fr\/index.php?rest_route=\/wp\/v2\/users\/1"}],"replies":[{"embeddable":true,"href":"https:\/\/mathsguyon.fr\/index.php?rest_route=%2Fwp%2Fv2%2Fcomments&post=262"}],"version-history":[{"count":66,"href":"https:\/\/mathsguyon.fr\/index.php?rest_route=\/wp\/v2\/pages\/262\/revisions"}],"predecessor-version":[{"id":8760,"href":"https:\/\/mathsguyon.fr\/index.php?rest_route=\/wp\/v2\/pages\/262\/revisions\/8760"}],"up":[{"embeddable":true,"href":"https:\/\/mathsguyon.fr\/index.php?rest_route=\/wp\/v2\/pages\/795"}],"wp:attachment":[{"href":"https:\/\/mathsguyon.fr\/index.php?rest_route=%2Fwp%2Fv2%2Fmedia&parent=262"}],"curies":[{"name":"wp","href":"https:\/\/api.w.org\/{rel}","templated":true}]}}