{"id":2599,"date":"2017-02-04T10:47:58","date_gmt":"2017-02-04T09:47:58","guid":{"rendered":"http:\/\/mathsguyon.fr\/?page_id=2599"},"modified":"2025-03-10T10:36:08","modified_gmt":"2025-03-10T09:36:08","slug":"les-suites-numeriques","status":"publish","type":"page","link":"https:\/\/mathsguyon.fr\/?page_id=2599","title":{"rendered":"Les suites num\u00e9riques"},"content":{"rendered":"<h1 style=\"text-align: center;\"><a href=\"https:\/\/www.dropbox.com\/s\/r7jbkimcpw2cqfn\/Cours_suites_2023.pdf?dl=0\">Cours pdf<\/a><\/h1>\n<h2 style=\"text-align: center;\"><a href=\"https:\/\/www.dropbox.com\/s\/jeq79wanwkhqr8p\/PDT_2023_enonce.pdf?dl=0\">Plan de travail avec corrections<\/a><\/h2>\n<hr \/>\n<h1 style=\"text-align: center;\"><span style=\"color: #800000;\"><strong>Le cours en vid\u00e9o\u00a0 :<\/strong><\/span><\/h1>\n<h2 style=\"text-align: center;\"><strong>D\u00e9finition d&rsquo;une suite num\u00e9rique<\/strong><\/h2>\n<h2 style=\"text-align: center;\"><a href=\"https:\/\/youtube.com\/embed\/ZlD_3ZWW_AM\">Vid\u00e9o 1<\/a> &#8211; QCM n\u00b01\u00a0 : <a href=\"https:\/\/link.dgpad.net\/5tSG\">Identifi\u00e9\u00a0<\/a> &#8212;\u00a0 <a href=\"https:\/\/link.dgpad.net\/EN6Q\">Anonyme<\/a><\/h2>\n<hr \/>\n<h2 style=\"text-align: center;\"><strong>Suite d\u00e9finie par une fonction explicite<\/strong><\/h2>\n<h2 style=\"text-align: center;\"><a href=\"https:\/\/youtube.com\/embed\/Os9Y8bS_qlk\">Vid\u00e9o 2<\/a> &#8211;\u00a0 QCM n\u00b02\u00a0 : <a href=\"https:\/\/link.dgpad.net\/XBnk\">Identifi\u00e9\u00a0<\/a> &#8212;\u00a0 <a href=\"https:\/\/link.dgpad.net\/N1oY\">Anonyme<\/a><\/h2>\n<hr \/>\n<h2 style=\"text-align: center;\"><strong>Suite d\u00e9finie par r\u00e9currence<\/strong><\/h2>\n<h2 style=\"text-align: center;\"><a href=\"https:\/\/youtube.com\/embed\/sgdo23JiIDo\">Vid\u00e9o 3<\/a> &#8211;\u00a0 QCM n\u00b03\u00a0 : <a href=\"https:\/\/link.dgpad.net\/xqLH\">Identifi\u00e9\u00a0<\/a> &#8212;\u00a0 <a href=\"https:\/\/link.dgpad.net\/T51C\">Anonyme<\/a><\/h2>\n<hr \/>\n<h2 style=\"text-align: center;\"><strong>Afficher les valeurs d\u2019une suite avec la calculatrice :<\/strong><\/h2>\n<h2 style=\"text-align: center;\"><a href=\"https:\/\/youtube.com\/embed\/VDtEeq5uk-A\">Casio<\/a> &#8212; <a href=\"https:\/\/youtube.com\/embed\/82u8rTMh5_U\">Numworks<\/a><\/h2>\n<hr \/>\n<h2 style=\"text-align: center;\"><strong>Sens de variation d&rsquo;une suite<\/strong><\/h2>\n<h2 style=\"text-align: center;\"><a href=\"https:\/\/youtube.com\/embed\/PElrTAE5dOY\">Vid\u00e9o 5<\/a><\/h2>\n<hr \/>\n<h2 style=\"text-align: center;\"><strong>Sens de variation Comparaison $\\dfrac{u_{n+1}}{u_n}$<\/strong><\/h2>\n<h2 style=\"text-align: center;\"><a href=\"https:\/\/youtube.com\/embed\/FP_YEKUIvKI\">Vid\u00e9o 6 :<\/a><\/h2>\n<hr \/>\n<h2 style=\"text-align: center;\"><strong>Sens de variation d&rsquo;une suite avec \u00e9tude variations fonction associ\u00e9e<\/strong><\/h2>\n<h2 style=\"text-align: center;\"><a href=\"https:\/\/youtube.com\/embed\/wWz3xtSfTa0\">Vid\u00e9o 7 <\/a><\/h2>\n<hr \/>\n<h2 style=\"text-align: center;\">QCM n\u00b04\u00a0 : <a href=\"https:\/\/link.dgpad.net\/yYQV\">Identifi\u00e9<\/a>\u00a0 &#8212;\u00a0 <a href=\"https:\/\/link.dgpad.net\/9NEZ\">Anonyme<\/a><\/h2>\n","protected":false},"excerpt":{"rendered":"<p>Cours pdf Plan de travail avec corrections Le cours en vid\u00e9o\u00a0 : D\u00e9finition d&rsquo;une suite num\u00e9rique Vid\u00e9o 1 &#8211; QCM n\u00b01\u00a0 : Identifi\u00e9\u00a0 &#8212;\u00a0 Anonyme Suite d\u00e9finie par une fonction explicite Vid\u00e9o 2 &#8211;\u00a0 QCM n\u00b02\u00a0 : Identifi\u00e9\u00a0 &#8212;\u00a0 Anonyme &hellip; <a href=\"https:\/\/mathsguyon.fr\/?page_id=2599\">Continuer la lecture <span class=\"meta-nav\">&rarr;<\/span><\/a><\/p>\n","protected":false},"author":1,"featured_media":0,"parent":0,"menu_order":0,"comment_status":"closed","ping_status":"closed","template":"","meta":{"footnotes":""},"class_list":["post-2599","page","type-page","status-publish","hentry"],"_links":{"self":[{"href":"https:\/\/mathsguyon.fr\/index.php?rest_route=\/wp\/v2\/pages\/2599","targetHints":{"allow":["GET"]}}],"collection":[{"href":"https:\/\/mathsguyon.fr\/index.php?rest_route=\/wp\/v2\/pages"}],"about":[{"href":"https:\/\/mathsguyon.fr\/index.php?rest_route=\/wp\/v2\/types\/page"}],"author":[{"embeddable":true,"href":"https:\/\/mathsguyon.fr\/index.php?rest_route=\/wp\/v2\/users\/1"}],"replies":[{"embeddable":true,"href":"https:\/\/mathsguyon.fr\/index.php?rest_route=%2Fwp%2Fv2%2Fcomments&post=2599"}],"version-history":[{"count":76,"href":"https:\/\/mathsguyon.fr\/index.php?rest_route=\/wp\/v2\/pages\/2599\/revisions"}],"predecessor-version":[{"id":10262,"href":"https:\/\/mathsguyon.fr\/index.php?rest_route=\/wp\/v2\/pages\/2599\/revisions\/10262"}],"wp:attachment":[{"href":"https:\/\/mathsguyon.fr\/index.php?rest_route=%2Fwp%2Fv2%2Fmedia&parent=2599"}],"curies":[{"name":"wp","href":"https:\/\/api.w.org\/{rel}","templated":true}]}}