{"id":2503,"date":"2017-01-23T23:14:49","date_gmt":"2017-01-23T22:14:49","guid":{"rendered":"http:\/\/mathsguyon.fr\/?page_id=2503"},"modified":"2024-05-12T15:27:09","modified_gmt":"2024-05-12T14:27:09","slug":"vecteurs-sans-coordonnees","status":"publish","type":"page","link":"https:\/\/mathsguyon.fr\/?page_id=2503","title":{"rendered":"Vecteurs"},"content":{"rendered":"<h1 style=\"text-align: center;\">\u00a0<a href=\"http:\/\/mathsguyon.fr\/wp-content\/uploads\/2024\/05\/Cours_vecteurs_2024.pdf\">Cours<\/a>\u00a0\u00a0\u00a0<a href=\"http:\/\/mathsguyon.fr\/wp-content\/uploads\/2024\/05\/PDT_vecteurs_2024.pdf\">Plan de Travail<\/a><\/h1>\n<h2 style=\"text-align: center;\"><a href=\"http:\/\/mathsguyon.fr\/wp-content\/uploads\/2023\/04\/Flash-vecteur.pdf\">\u00c9valuation formative<\/a> &#8211;\u00a0 <a href=\"http:\/\/mathsguyon.fr\/wp-content\/uploads\/2023\/04\/Flash-vecteur_corr-1.pdf\">correction<\/a><\/h2>\n<h2 style=\"text-align: center;\"><strong><span style=\"color: #993300;\">QCM Bilan sur le chapitre :\u00a0 \u00a0<\/span><\/strong><a href=\"https:\/\/link.dgpad.net\/8yiE\">identifi\u00e9<\/a> &#8211; <a href=\"https:\/\/link.dgpad.net\/qAFP\">non identifi\u00e9<\/a><\/h2>\n<h1 style=\"text-align: center;\"><span style=\"color: #800000;\">\u00a0Le cours en vid\u00e9os :<\/span><\/h1>\n<h2><a href=\"https:\/\/youtube.com\/embed\/HojRIUBKGJg\">Vid\u00e9o 1 <\/a>: Introduction<\/h2>\n<h2><a href=\"https:\/\/youtube.com\/embed\/UWKTcI35TfM\">Vid\u00e9o 2 :<\/a> D\u00e9finition<\/h2>\n<h2 style=\"text-align: center;\"><span style=\"color: #800000;\">QCM n\u00b01<\/span>:\u00a0<a href=\"https:\/\/link.dgpad.net\/XiG9\"><span style=\"color: #800000;\"> Identifi\u00e9 &#8211;<\/span><\/a><span style=\"color: #800000;\"> \u00a0\u00a0\u00a0<a href=\"https:\/\/link.dgpad.net\/Fwvg\">Anonyme<\/a><\/span><\/h2>\n<h2><a href=\"https:\/\/youtube.com\/embed\/Mxl8xsJwdvQ\">Vid\u00e9o 3 :<\/a> Vecteurs et translations<\/h2>\n<h2 style=\"text-align: center;\"><span style=\"color: #800000;\">QCM n\u00b02 : <a href=\"https:\/\/link.dgpad.net\/av3S\">Identifi\u00e9\u00a0<\/a> &#8211;\u00a0 <a href=\"https:\/\/link.dgpad.net\/NVsK\">Anonyme<\/a><\/span><\/h2>\n<h2><a href=\"https:\/\/youtube.com\/embed\/s477VpIbJ_M\">Vid\u00e9o 4 :<\/a> \u00c9galit\u00e9 vectorielle<\/h2>\n<h2 style=\"text-align: center;\"><span style=\"color: #800000;\">QCM n\u00b03 :<\/span> <a href=\"https:\/\/link.dgpad.net\/cy7K\">Identifi\u00e9<\/a>\u00a0 &#8211;\u00a0 <a href=\"https:\/\/link.dgpad.net\/SSQB\">Anonyme<\/a><\/h2>\n<h2><a href=\"https:\/\/youtube.com\/embed\/jVGeqInpwuM\">Vid\u00e9o 5 :<\/a> Construire la comme de deux vecteurs<\/h2>\n<h2 style=\"text-align: center;\"><span style=\"color: #800000;\">QCM n\u00b04 :<\/span> \u00a0\u00a0 <a href=\"https:\/\/link.dgpad.net\/VdyN\">Identifi\u00e9<\/a> \u00a0\u00a0\u00a0 &#8211; <a href=\"https:\/\/link.dgpad.net\/fLXx\">Anonyme<\/a><\/h2>\n<h2><a href=\"https:\/\/youtube.com\/embed\/oNJyK4FOKNU\">Vid\u00e9o 6 :<\/a> relation de Chasles<\/h2>\n<h2 style=\"text-align: center;\"><span style=\"color: #800000;\">QCM n\u00b05<\/span> : <a href=\"https:\/\/link.dgpad.net\/K47Y\">Identifi\u00e9\u00a0<\/a> &#8211;\u00a0 <a href=\"https:\/\/link.dgpad.net\/gnPC\">Anonyme<\/a><\/h2>\n<h2><a href=\"https:\/\/youtube.com\/embed\/GCeZvm5ygs4\">Vid\u00e9o 7 :<\/a> Lire les coordonn\u00e9es d&rsquo;un vecteur<\/h2>\n<h2 style=\"text-align: center;\"><span style=\"color: #800000;\">QCM n\u00b06<\/span> : <a href=\"https:\/\/link.dgpad.net\/6orm\">Identifi\u00e9\u00a0<\/a> &#8211;\u00a0 <a href=\"https:\/\/link.dgpad.net\/C4cH\">Anonyme<\/a><\/h2>\n<h2><a href=\"https:\/\/youtube.com\/embed\/AdpyGuma3Q8\">Vid\u00e9o 8 :<\/a> Construire un vecteur connaissant ses coordonn\u00e9es<\/h2>\n<h2 style=\"text-align: center;\"><span style=\"color: #800000;\">QCM n\u00b07<\/span> : <a href=\"https:\/\/link.dgpad.net\/57Mw\">Identifi\u00e9\u00a0<\/a> &#8211;\u00a0 <a href=\"https:\/\/link.dgpad.net\/kAE3\">Anonyme<\/a><\/h2>\n","protected":false},"excerpt":{"rendered":"<p>\u00a0Cours\u00a0\u00a0\u00a0Plan de Travail \u00c9valuation formative &#8211;\u00a0 correction QCM Bilan sur le chapitre :\u00a0 \u00a0identifi\u00e9 &#8211; non identifi\u00e9 \u00a0Le cours en vid\u00e9os : Vid\u00e9o 1 : Introduction Vid\u00e9o 2 : D\u00e9finition QCM n\u00b01:\u00a0 Identifi\u00e9 &#8211; \u00a0\u00a0\u00a0Anonyme Vid\u00e9o 3 : Vecteurs et &hellip; <a href=\"https:\/\/mathsguyon.fr\/?page_id=2503\">Continuer la lecture <span class=\"meta-nav\">&rarr;<\/span><\/a><\/p>\n","protected":false},"author":1,"featured_media":0,"parent":0,"menu_order":0,"comment_status":"closed","ping_status":"closed","template":"","meta":{"footnotes":""},"class_list":["post-2503","page","type-page","status-publish","hentry"],"_links":{"self":[{"href":"https:\/\/mathsguyon.fr\/index.php?rest_route=\/wp\/v2\/pages\/2503","targetHints":{"allow":["GET"]}}],"collection":[{"href":"https:\/\/mathsguyon.fr\/index.php?rest_route=\/wp\/v2\/pages"}],"about":[{"href":"https:\/\/mathsguyon.fr\/index.php?rest_route=\/wp\/v2\/types\/page"}],"author":[{"embeddable":true,"href":"https:\/\/mathsguyon.fr\/index.php?rest_route=\/wp\/v2\/users\/1"}],"replies":[{"embeddable":true,"href":"https:\/\/mathsguyon.fr\/index.php?rest_route=%2Fwp%2Fv2%2Fcomments&post=2503"}],"version-history":[{"count":70,"href":"https:\/\/mathsguyon.fr\/index.php?rest_route=\/wp\/v2\/pages\/2503\/revisions"}],"predecessor-version":[{"id":9558,"href":"https:\/\/mathsguyon.fr\/index.php?rest_route=\/wp\/v2\/pages\/2503\/revisions\/9558"}],"wp:attachment":[{"href":"https:\/\/mathsguyon.fr\/index.php?rest_route=%2Fwp%2Fv2%2Fmedia&parent=2503"}],"curies":[{"name":"wp","href":"https:\/\/api.w.org\/{rel}","templated":true}]}}