{"id":25,"date":"2016-03-21T22:59:03","date_gmt":"2016-03-21T21:59:03","guid":{"rendered":"http:\/\/mathsguyon.fr\/?page_id=25"},"modified":"2024-05-26T09:15:57","modified_gmt":"2024-05-26T08:15:57","slug":"equations-de-droites","status":"publish","type":"page","link":"https:\/\/mathsguyon.fr\/?page_id=25","title":{"rendered":"\u00c9quations r\u00e9duites de droites"},"content":{"rendered":"<h2 style=\"text-align: center;\"><a href=\"http:\/\/mathsguyon.fr\/wp-content\/uploads\/2024\/05\/Cours_equations_de_droites_2024.pdf\">Cours en pdf\u00a0<\/a>\u00a0\u00a0\u00a0\u00a0<a href=\"http:\/\/mathsguyon.fr\/wp-content\/uploads\/2024\/05\/PDT_equations_de_droites_2024.pdf\">Plan de travail pdf<\/a><\/h2>\n<hr \/>\n<h2><strong><span style=\"color: #800000;\">1. Fonctions affines et \u00e9quations de droites : <\/span><\/strong><a href=\"https:\/\/www.youtube.com\/embed\/i36okclSsA0?rel=0\">Vid\u00e9o 1 <\/a><\/h2>\n<hr \/>\n<h2><strong><span style=\"color: #800000;\">2. Tracer une droite d&rsquo;\u00e9quation \\(y = m x + p \\) : <\/span><\/strong><a href=\"https:\/\/youtube.com\/embed\/Rbqq6Wv_Vmo?rel=0\">Vid\u00e9o 2\u00a0<\/a><\/h2>\n<hr \/>\n<h2><strong><span style=\"color: #800000;\">3. Tracer une droite d&rsquo;\u00e9quation \\(x = a\\) : <\/span><\/strong><a href=\"https:\/\/www.youtube.com\/embed\/C3bUvDLkWKE\">Vid\u00e9o 3<\/a><\/h2>\n<hr \/>\n<h2><strong><span style=\"color: #800000;\">4. Propri\u00e9t\u00e9s graphiques du coefficient directeur <\/span><\/strong><strong><span style=\"color: #800000;\">et de l\u2019ordonn\u00e9e \u00e0 l\u2019origine : <\/span><\/strong><a href=\"https:\/\/youtube.com\/embed\/cHXi59Ka9ts\">Vid\u00e9o 4<\/a><\/h2>\n<p><strong>Exercice 1 :<\/strong><br \/>\nSans justification, donner une \u00e9quation r\u00e9duite des 5 droites trac\u00e9es dans le rep\u00e8re ci-contre :\u00a0 <a href=\"http:\/\/mathsguyon.fr\/?page_id=686\">Solutions brutes<\/a>\u00a0\u00a0 &#8211;\u00a0\u00a0 <a href=\"https:\/\/youtube.com\/embed\/H3YvZ0k4TVo\">Correction vid\u00e9os<\/a><\/p>\n<p><img loading=\"lazy\" decoding=\"async\" class=\"alignnone size-full wp-image-684\" src=\"http:\/\/mathsguyon.fr\/wp-content\/uploads\/2016\/05\/equations-de-droites.png\" alt=\"\" width=\"3188\" height=\"1282\" srcset=\"https:\/\/mathsguyon.fr\/wp-content\/uploads\/2016\/05\/equations-de-droites.png 3188w, https:\/\/mathsguyon.fr\/wp-content\/uploads\/2016\/05\/equations-de-droites-300x121.png 300w, https:\/\/mathsguyon.fr\/wp-content\/uploads\/2016\/05\/equations-de-droites-768x309.png 768w, https:\/\/mathsguyon.fr\/wp-content\/uploads\/2016\/05\/equations-de-droites-1024x412.png 1024w\" sizes=\"auto, (max-width: 3188px) 100vw, 3188px\" \/><\/p>\n<hr \/>\n<h2><span style=\"color: #800000;\"><strong>5. Calcul du coefficient directeur : <\/strong><\/span><a href=\"https:\/\/youtube.com\/embed\/qB9MKxZr2O0?rel=0\">Vid\u00e9o 5 <\/a><\/h2>\n<hr \/>\n<h2><strong><span style=\"color: #800000;\">6. D\u00e9terminer une \u00e9quation de droite (exemple 1) : <\/span><\/strong><a href=\"https:\/\/youtube.com\/embed\/QoQG5MfNohM?rel=0\">Vid\u00e9o 6\u00a0<\/a><\/h2>\n<hr \/>\n<h2><strong><span style=\"color: #800000;\">7. D\u00e9terminer une \u00e9quation de droite (exemple 2) : <\/span><\/strong><a href=\"https:\/\/youtube.com\/embed\/J_KueGFyVLw\">Vid\u00e9o 7<\/a><\/h2>\n<hr \/>\n<h2><strong><span style=\"color: #800000;\">8. Reconna\u00eetre si deux droites sont parall\u00e8les ou s\u00e9cantes : <\/span><\/strong><a href=\"https:\/\/youtube.com\/embed\/3bL6dqIiXuA?rel=0\" target=\"_blank\" rel=\"noopener noreferrer\">Vid\u00e9o 8<\/a><\/h2>\n<hr \/>\n<h2><strong><span style=\"color: #800000;\">9. Prouver que trois points sont, ou non, align\u00e9s : <\/span><\/strong><a href=\"https:\/\/youtube.com\/embed\/1ku-x9HHdaM?rel=0\" target=\"_blank\" rel=\"noopener noreferrer\">Vid\u00e9o 9<\/a><\/h2>\n<hr \/>\n<h2><strong><span style=\"color: #800000;\">10. D\u00e9terminer le point d&rsquo;intersection de deux droites : <\/span><\/strong><a href=\"https:\/\/www.youtube.com\/embed\/r0-TQogmcos?rel=0\">Vid\u00e9o 10<\/a><\/h2>\n<p><strong>Exercice 2 :\u00a0 <a href=\"https:\/\/youtube.com\/embed\/GsTCE_k9aXU\">Correction en vid\u00e9o<\/a><\/strong><br \/>\nD\u00e9terminer les coordonn\u00e9es du point d&rsquo;intersection de la droite \\((d_1)\\)\u00a0 d&rsquo;\u00e9quation \\(y=3x-2\\)\u00a0 et de la droite \\((d_2)\\)\u00a0 d&rsquo;\u00e9quation \\(y=7x-9\\)<\/p>\n<hr \/>\n<h2><strong><span style=\"color: #800000;\">11. Vecteur directeur d&rsquo;une droite<\/span><\/strong><\/h2>\n<h2 style=\"text-align: center;\"><\/h2>\n<p><span style=\"border-radius: 2px; text-indent: 20px; width: auto; padding: 0px 4px 0px 0px; text-align: center; font: bold 11px\/20px 'Helvetica Neue',Helvetica,sans-serif; color: #ffffff; background: #bd081c no-repeat scroll 3px 50% \/ 14px 14px; position: absolute; opacity: 1; z-index: 8675309; display: none; cursor: pointer;\">Enregistrer<\/span><\/p>\n<p><span style=\"border-radius: 2px; text-indent: 20px; width: auto; padding: 0px 4px 0px 0px; text-align: center; font: bold 11px\/20px 'Helvetica Neue',Helvetica,sans-serif; color: #ffffff; background: #bd081c no-repeat scroll 3px 50% \/ 14px 14px; position: absolute; opacity: 1; z-index: 8675309; display: none; cursor: pointer;\">Enregistrer<\/span><\/p>\n<p><span style=\"border-radius: 2px; text-indent: 20px; width: auto; padding: 0px 4px 0px 0px; text-align: center; font: bold 11px\/20px 'Helvetica Neue',Helvetica,sans-serif; color: #ffffff; background: #bd081c no-repeat scroll 3px 50% \/ 14px 14px; position: absolute; opacity: 1; z-index: 8675309; display: none; cursor: pointer;\">Enregistrer<\/span><\/p>\n<p><span style=\"border-radius: 2px; text-indent: 20px; width: auto; padding: 0px 4px 0px 0px; text-align: center; font: bold 11px\/20px 'Helvetica Neue',Helvetica,sans-serif; color: #ffffff; background: #bd081c no-repeat scroll 3px 50% \/ 14px 14px; position: absolute; opacity: 1; z-index: 8675309; display: none; cursor: pointer;\">Enregistrer<\/span><\/p>\n","protected":false},"excerpt":{"rendered":"<p>Cours en pdf\u00a0\u00a0\u00a0\u00a0\u00a0Plan de travail pdf 1. Fonctions affines et \u00e9quations de droites : Vid\u00e9o 1 2. Tracer une droite d&rsquo;\u00e9quation \\(y = m x + p \\) : Vid\u00e9o 2\u00a0 3. Tracer une droite d&rsquo;\u00e9quation \\(x = a\\) : &hellip; <a href=\"https:\/\/mathsguyon.fr\/?page_id=25\">Continuer la lecture <span class=\"meta-nav\">&rarr;<\/span><\/a><\/p>\n","protected":false},"author":1,"featured_media":0,"parent":21,"menu_order":0,"comment_status":"closed","ping_status":"closed","template":"","meta":{"footnotes":""},"class_list":["post-25","page","type-page","status-publish","hentry"],"_links":{"self":[{"href":"https:\/\/mathsguyon.fr\/index.php?rest_route=\/wp\/v2\/pages\/25","targetHints":{"allow":["GET"]}}],"collection":[{"href":"https:\/\/mathsguyon.fr\/index.php?rest_route=\/wp\/v2\/pages"}],"about":[{"href":"https:\/\/mathsguyon.fr\/index.php?rest_route=\/wp\/v2\/types\/page"}],"author":[{"embeddable":true,"href":"https:\/\/mathsguyon.fr\/index.php?rest_route=\/wp\/v2\/users\/1"}],"replies":[{"embeddable":true,"href":"https:\/\/mathsguyon.fr\/index.php?rest_route=%2Fwp%2Fv2%2Fcomments&post=25"}],"version-history":[{"count":53,"href":"https:\/\/mathsguyon.fr\/index.php?rest_route=\/wp\/v2\/pages\/25\/revisions"}],"predecessor-version":[{"id":9609,"href":"https:\/\/mathsguyon.fr\/index.php?rest_route=\/wp\/v2\/pages\/25\/revisions\/9609"}],"up":[{"embeddable":true,"href":"https:\/\/mathsguyon.fr\/index.php?rest_route=\/wp\/v2\/pages\/21"}],"wp:attachment":[{"href":"https:\/\/mathsguyon.fr\/index.php?rest_route=%2Fwp%2Fv2%2Fmedia&parent=25"}],"curies":[{"name":"wp","href":"https:\/\/api.w.org\/{rel}","templated":true}]}}