{"id":2459,"date":"2017-01-13T16:20:11","date_gmt":"2017-01-13T15:20:11","guid":{"rendered":"http:\/\/mathsguyon.fr\/?page_id=2459"},"modified":"2018-01-22T11:13:18","modified_gmt":"2018-01-22T10:13:18","slug":"vecteurs-et-coordonnees-dans-le-plan","status":"publish","type":"page","link":"https:\/\/mathsguyon.fr\/?page_id=2459","title":{"rendered":"Vecteurs et coordonn\u00e9es"},"content":{"rendered":"<h1>1. <a href=\"http:\/\/mathsguyon.fr\/?page_id=3988\">Rappels de g\u00e9om\u00e9trie<\/a><\/h1>\n<h1><a href=\"http:\/\/mathsguyon.fr\/?page_id=3904\">2. Coordonn\u00e9es dans le plan<\/a><\/h1>\n<h1>3. <a href=\"http:\/\/mathsguyon.fr\/?page_id=2503\">Les Vecteurs<\/a><\/h1>\n<h1><\/h1>\n<p>&nbsp;<\/p>\n<p>&nbsp;<\/p>\n<p>&nbsp;<\/p>\n","protected":false},"excerpt":{"rendered":"<p>1. Rappels de g\u00e9om\u00e9trie 2. Coordonn\u00e9es dans le plan 3. Les Vecteurs &nbsp; &nbsp; &nbsp;<\/p>\n","protected":false},"author":1,"featured_media":0,"parent":21,"menu_order":0,"comment_status":"closed","ping_status":"closed","template":"","meta":{"footnotes":""},"class_list":["post-2459","page","type-page","status-publish","hentry"],"_links":{"self":[{"href":"https:\/\/mathsguyon.fr\/index.php?rest_route=\/wp\/v2\/pages\/2459","targetHints":{"allow":["GET"]}}],"collection":[{"href":"https:\/\/mathsguyon.fr\/index.php?rest_route=\/wp\/v2\/pages"}],"about":[{"href":"https:\/\/mathsguyon.fr\/index.php?rest_route=\/wp\/v2\/types\/page"}],"author":[{"embeddable":true,"href":"https:\/\/mathsguyon.fr\/index.php?rest_route=\/wp\/v2\/users\/1"}],"replies":[{"embeddable":true,"href":"https:\/\/mathsguyon.fr\/index.php?rest_route=%2Fwp%2Fv2%2Fcomments&post=2459"}],"version-history":[{"count":16,"href":"https:\/\/mathsguyon.fr\/index.php?rest_route=\/wp\/v2\/pages\/2459\/revisions"}],"predecessor-version":[{"id":4099,"href":"https:\/\/mathsguyon.fr\/index.php?rest_route=\/wp\/v2\/pages\/2459\/revisions\/4099"}],"up":[{"embeddable":true,"href":"https:\/\/mathsguyon.fr\/index.php?rest_route=\/wp\/v2\/pages\/21"}],"wp:attachment":[{"href":"https:\/\/mathsguyon.fr\/index.php?rest_route=%2Fwp%2Fv2%2Fmedia&parent=2459"}],"curies":[{"name":"wp","href":"https:\/\/api.w.org\/{rel}","templated":true}]}}