{"id":2391,"date":"2017-01-04T00:03:30","date_gmt":"2017-01-03T23:03:30","guid":{"rendered":"http:\/\/mathsguyon.fr\/?page_id=2391"},"modified":"2018-03-04T21:46:41","modified_gmt":"2018-03-04T20:46:41","slug":"derivation","status":"publish","type":"page","link":"https:\/\/mathsguyon.fr\/?page_id=2391","title":{"rendered":"D\u00e9rivation"},"content":{"rendered":"<h2><a href=\"http:\/\/mathsguyon.fr\/wp-content\/uploads\/2017\/01\/Derivation_stmg_trou.pdf\">Le cours \u00e0 trou<\/a><\/h2>\n<h1 style=\"text-align: center;\"><strong>Vid\u00e9os de cours avec QCM<\/strong><\/h1>\n<h2><a href=\"https:\/\/edpuzzle.com\/assignments\/586c9b0dec30463e16eba66b\/watch\">Vid\u00e9o 1<\/a> : Fonction d\u00e9riv\u00e9e<\/h2>\n<h2 style=\"padding-left: 60px;\">Rappels : <a href=\"https:\/\/youtube.com\/embed\/cHXi59Ka9ts\">Vid\u00e9o :<\/a> Lire graphiquement une \u00e9quation de droite<\/h2>\n<h2><a href=\"https:\/\/youtube.com\/embed\/0CpbsqI65z0\">Vid\u00e9o 2 :<\/a> Retrouver le nombre d\u00e9riv\u00e9 \u00e0 la calculatrice<\/h2>\n<h2><a href=\"https:\/\/edpuzzle.com\/assignments\/586e7297ec30463e16fa1f3e\/watch\">Vid\u00e9o 3 :<\/a> D\u00e9riv\u00e9e d&rsquo;un polyn\u00f4me de degr\u00e9 2<\/h2>\n<h2><a href=\"https:\/\/edpuzzle.com\/assignments\/5873fdfac0e1823e087ce776\/watch\">Vid\u00e9o 4<\/a> : D\u00e9riv\u00e9e d&rsquo;un polyn\u00f4me de degr\u00e9 3<\/h2>\n<h2><a href=\"https:\/\/edpuzzle.com\/assignments\/587401e19468503e36d247b0\/watch\">Vid\u00e9o 5<\/a> : Equation d&rsquo;une tangente<\/h2>\n<h2><a href=\"https:\/\/youtube.com\/embed\/bh9xYQ2AAnk\">Vid\u00e9o 6 :<\/a> Tutoriel vid\u00e9o pour retrouver une \u00e9quation de tangente<\/h2>\n<h2><a href=\"https:\/\/edpuzzle.com\/assignments\/587668307f58976f56740514\/watch\">Vid\u00e9o 7 :<\/a> sens de variation et d\u00e9riv\u00e9<\/h2>\n<h1 style=\"text-align: center;\"><strong><span style=\"color: #993300;\"><a style=\"color: #993300;\" href=\"https:\/\/www.youtube.com\/playlist?list=PLGXh-xX-w8pHBVhqdyfXkM7y6Ij0UVHYe\">La playlist sur Youtube sans les QCM<\/a><\/span><\/strong><\/h1>\n","protected":false},"excerpt":{"rendered":"<p>Le cours \u00e0 trou Vid\u00e9os de cours avec QCM Vid\u00e9o 1 : Fonction d\u00e9riv\u00e9e Rappels : Vid\u00e9o : Lire graphiquement une \u00e9quation de droite Vid\u00e9o 2 : Retrouver le nombre d\u00e9riv\u00e9 \u00e0 la calculatrice Vid\u00e9o 3 : D\u00e9riv\u00e9e d&rsquo;un polyn\u00f4me &hellip; <a href=\"https:\/\/mathsguyon.fr\/?page_id=2391\">Continuer la lecture <span class=\"meta-nav\">&rarr;<\/span><\/a><\/p>\n","protected":false},"author":1,"featured_media":0,"parent":1097,"menu_order":0,"comment_status":"closed","ping_status":"closed","template":"","meta":{"footnotes":""},"class_list":["post-2391","page","type-page","status-publish","hentry"],"_links":{"self":[{"href":"https:\/\/mathsguyon.fr\/index.php?rest_route=\/wp\/v2\/pages\/2391","targetHints":{"allow":["GET"]}}],"collection":[{"href":"https:\/\/mathsguyon.fr\/index.php?rest_route=\/wp\/v2\/pages"}],"about":[{"href":"https:\/\/mathsguyon.fr\/index.php?rest_route=\/wp\/v2\/types\/page"}],"author":[{"embeddable":true,"href":"https:\/\/mathsguyon.fr\/index.php?rest_route=\/wp\/v2\/users\/1"}],"replies":[{"embeddable":true,"href":"https:\/\/mathsguyon.fr\/index.php?rest_route=%2Fwp%2Fv2%2Fcomments&post=2391"}],"version-history":[{"count":16,"href":"https:\/\/mathsguyon.fr\/index.php?rest_route=\/wp\/v2\/pages\/2391\/revisions"}],"predecessor-version":[{"id":2469,"href":"https:\/\/mathsguyon.fr\/index.php?rest_route=\/wp\/v2\/pages\/2391\/revisions\/2469"}],"up":[{"embeddable":true,"href":"https:\/\/mathsguyon.fr\/index.php?rest_route=\/wp\/v2\/pages\/1097"}],"wp:attachment":[{"href":"https:\/\/mathsguyon.fr\/index.php?rest_route=%2Fwp%2Fv2%2Fmedia&parent=2391"}],"curies":[{"name":"wp","href":"https:\/\/api.w.org\/{rel}","templated":true}]}}