{"id":2139,"date":"2016-12-05T23:34:42","date_gmt":"2016-12-05T22:34:42","guid":{"rendered":"http:\/\/mathsguyon.fr\/?page_id=2139"},"modified":"2019-02-02T15:15:12","modified_gmt":"2019-02-02T14:15:12","slug":"derivation","status":"publish","type":"page","link":"https:\/\/mathsguyon.fr\/?page_id=2139","title":{"rendered":"D\u00e9rivation"},"content":{"rendered":"<h1 style=\"text-align: center;\"><span style=\"color: #800000;\">Documents de cours :<\/span><\/h1>\n<h2><a href=\"http:\/\/mathsguyon.fr\/wp-content\/uploads\/2016\/10\/activit\u00e92.pdf\">Activit\u00e9 coefficient directeur de la tangente<\/a><\/h2>\n<h2><a href=\"http:\/\/mathsguyon.fr\/wp-content\/uploads\/2016\/12\/Derivation_trou.pdf\">Le cours \u00e0_trou<\/a>\u00a0\u00a0\u00a0\u00a0\u00a0\u00a0\u00a0\u00a0\u00a0\u00a0\u00a0\u00a0\u00a0\u00a0\u00a0\u00a0\u00a0\u00a0\u00a0\u00a0\u00a0\u00a0 <a href=\"http:\/\/mathsguyon.fr\/wp-content\/uploads\/2016\/12\/Derivation.pdf\">Le cours compl\u00e9t\u00e9<\/a><\/h2>\n<h2 style=\"text-align: center;\"><span style=\"color: #800000;\">Plan De Travail :<\/span><\/h2>\n<h2><a href=\"http:\/\/mathsguyon.fr\/wp-content\/uploads\/2018\/01\/PDT-nombre-d\u00e9riv\u00e93.pdf\">Plan de Travail<\/a> \u00a0\u00a0\u00a0\u00a0 Correction<a href=\"https:\/\/padlet.com\/mathsguyon\/akr4adwvjrp1\"> exos 1 &#8211; 2 &#8211; 3 &#8211; 7- 8<\/a><\/h2>\n<h1><a href=\"http:\/\/mathsguyon.fr\/wp-content\/uploads\/2019\/02\/\u00e9val_form_dervi.pdf\">Plan de travail (suite)<\/a><\/h1>\n<h2 style=\"text-align: center;\"><a href=\"http:\/\/mathsguyon.fr\/?page_id=4142\">Exercices corrig\u00e9s\u00a0 en vid\u00e9os, pdf<\/a><\/h2>\n<h1 style=\"text-align: center;\"><span style=\"color: #800000;\">Le cours en vid\u00e9o\u00a0 :<\/span><\/h1>\n<h2><a href=\"https:\/\/youtube.com\/embed\/QkvSNow5OaI\">Vid\u00e9o 1 :<\/a> Taux d&rsquo;accroissement d&rsquo;une fonction<\/h2>\n<h2><a href=\"https:\/\/youtube.com\/embed\/tNr5rReUj5M\">Vid\u00e9o 2 :<\/a> Taux d&rsquo;accroissement et coefficient directeur de la tangente<\/h2>\n<h2><a href=\"https:\/\/youtube.com\/embed\/pdn7dLt8zVA\">Vid\u00e9o 3 :<\/a> Nombre d\u00e9riv\u00e9e<\/h2>\n<h3 style=\"padding-left: 60px;\"><a href=\"https:\/\/youtube.com\/embed\/0CpbsqI65z0\">Tutoriel vid\u00e9o <\/a>: Retrouver le nombre d\u00e9riv\u00e9 \u00e0 la calculatrice<\/h3>\n<h2><a href=\"https:\/\/youtube.com\/embed\/uUz9xqmMk5g\">Vid\u00e9o 4:<\/a> \u00c9quation de la tangente \u00e0 une courbe en un point<\/h2>\n<h2><a href=\"https:\/\/youtube.com\/embed\/6T-B2Vbxw4o\">Vid\u00e9o 5 :<\/a> Tracer une tangente<\/h2>\n<h2><a href=\"https:\/\/youtube.com\/embed\/bh9xYQ2AAnk\">Vid\u00e9o 6 :<\/a> D\u00e9terminer une \u00e9quation de tangente \u00e0 la calculatrice Casio 35+<\/h2>\n<h2><a href=\"https:\/\/youtube.com\/embed\/yixmTg5Z8fs\">Vid\u00e9o 7 :<\/a> D\u00e9terminer une fonction d\u00e9riv\u00e9e<\/h2>\n<h2><a href=\"https:\/\/youtube.com\/embed\/DVdXPbaHwYY\">Vid\u00e9o 8 :<\/a> D\u00e9riv\u00e9es des fonctions de r\u00e9f\u00e9rences<\/h2>\n<h2 style=\"text-align: center;\"><a href=\"https:\/\/test.quiziniere.com\/#\/Exercice\/PZB7WP\"><span style=\"color: #800000;\"><strong>QCM n\u00b01<\/strong><\/span><\/a><\/h2>\n<h2><a href=\"https:\/\/youtube.com\/embed\/xJ4Xh-YnxuE\">Vid\u00e9o 9 : <\/a>Op\u00e9rations avec les d\u00e9riv\u00e9es<\/h2>\n<h2 style=\"text-align: center;\"><a href=\"https:\/\/test.quiziniere.com\/#\/Exercice\/PGDBDP\"><strong><span style=\"color: #800000;\">QCM n\u00b02<\/span><\/strong><\/a><\/h2>\n<h2><a href=\"https:\/\/youtube.com\/embed\/9hcBaj1l2XA\">Vid\u00e9o 10 :<\/a> D\u00e9riv\u00e9e d&rsquo;un produit de fonctions<\/h2>\n<h2><a href=\"https:\/\/youtube.com\/embed\/SXox9JCehSg\">Vid\u00e9o 11 :<\/a> D\u00e9riv\u00e9e d&rsquo;un quotient de fonctions<\/h2>\n<h2 style=\"text-align: center;\"><a href=\"https:\/\/test.quiziniere.com\/#\/Exercice\/PO7LYP\"><strong><span style=\"color: #800000;\">QCM n\u00b03<\/span><\/strong><\/a><\/h2>\n<h2><a href=\"https:\/\/youtube.com\/embed\/4o7tA8nzKaY\">Vid\u00e9o 12 :<\/a> Variations de fonction et d\u00e9riv\u00e9es<\/h2>\n<h2 style=\"text-align: center;\"><a href=\"https:\/\/test.quiziniere.com\/#\/Exercice\/PL7QMP\"><span style=\"color: #800000;\">QCM n\u00b04<\/span><\/a><\/h2>\n<h2><a href=\"https:\/\/youtube.com\/embed\/J8jQ2vx72tk\">Vid\u00e9o 13 <\/a>: Extr\u00e9mum d&rsquo;une fonction<\/h2>\n<h3 style=\"text-align: center;\"><\/h3>\n","protected":false},"excerpt":{"rendered":"<p>Documents de cours : Activit\u00e9 coefficient directeur de la tangente Le cours \u00e0_trou\u00a0\u00a0\u00a0\u00a0\u00a0\u00a0\u00a0\u00a0\u00a0\u00a0\u00a0\u00a0\u00a0\u00a0\u00a0\u00a0\u00a0\u00a0\u00a0\u00a0\u00a0\u00a0 Le cours compl\u00e9t\u00e9 Plan De Travail : Plan de Travail \u00a0\u00a0\u00a0\u00a0 Correction exos 1 &#8211; 2 &#8211; 3 &#8211; 7- 8 Plan de travail (suite) Exercices corrig\u00e9s\u00a0 &hellip; <a href=\"https:\/\/mathsguyon.fr\/?page_id=2139\">Continuer la lecture <span class=\"meta-nav\">&rarr;<\/span><\/a><\/p>\n","protected":false},"author":1,"featured_media":0,"parent":1104,"menu_order":0,"comment_status":"closed","ping_status":"closed","template":"","meta":{"footnotes":""},"class_list":["post-2139","page","type-page","status-publish","hentry"],"_links":{"self":[{"href":"https:\/\/mathsguyon.fr\/index.php?rest_route=\/wp\/v2\/pages\/2139","targetHints":{"allow":["GET"]}}],"collection":[{"href":"https:\/\/mathsguyon.fr\/index.php?rest_route=\/wp\/v2\/pages"}],"about":[{"href":"https:\/\/mathsguyon.fr\/index.php?rest_route=\/wp\/v2\/types\/page"}],"author":[{"embeddable":true,"href":"https:\/\/mathsguyon.fr\/index.php?rest_route=\/wp\/v2\/users\/1"}],"replies":[{"embeddable":true,"href":"https:\/\/mathsguyon.fr\/index.php?rest_route=%2Fwp%2Fv2%2Fcomments&post=2139"}],"version-history":[{"count":65,"href":"https:\/\/mathsguyon.fr\/index.php?rest_route=\/wp\/v2\/pages\/2139\/revisions"}],"predecessor-version":[{"id":5317,"href":"https:\/\/mathsguyon.fr\/index.php?rest_route=\/wp\/v2\/pages\/2139\/revisions\/5317"}],"up":[{"embeddable":true,"href":"https:\/\/mathsguyon.fr\/index.php?rest_route=\/wp\/v2\/pages\/1104"}],"wp:attachment":[{"href":"https:\/\/mathsguyon.fr\/index.php?rest_route=%2Fwp%2Fv2%2Fmedia&parent=2139"}],"curies":[{"name":"wp","href":"https:\/\/api.w.org\/{rel}","templated":true}]}}