{"id":192,"date":"2016-03-28T00:45:38","date_gmt":"2016-03-27T23:45:38","guid":{"rendered":"http:\/\/mathsguyon.fr\/?page_id=192"},"modified":"2018-03-04T21:46:46","modified_gmt":"2018-03-04T20:46:46","slug":"second-degre-ex-27-transmath","status":"publish","type":"page","link":"https:\/\/mathsguyon.fr\/?page_id=192","title":{"rendered":"Fonction carr\u00e9e et sens de variation"},"content":{"rendered":"<h2><span style=\"color: #ff0000;\"><b>M\u00e9thode de travail :<\/b><\/span><\/h2>\n<p><span style=\"color: #ff0000;\"><b><i>Pour que ces exercices soient utiles, vous devez les travailler avant par \u00e9crit, comme vous le feriez en devoir surveill\u00e9. Sans aide, ni cours.<\/i><\/b><\/span><\/p>\n<h5><span style=\"color: #ff0000;\"><b><i>Regardez ensuite la correction pour juger votre travail, trouver vos \u00e9ventuelles erreurs, en essayant de bien les analyser.<\/i><\/b><\/span><\/h5>\n<h3>Ex 27 p73 Transmath :<\/h3>\n<p>A partir de la parabole repr\u00e9sentant la fonction <em>f<\/em>(<em>x<\/em>)=<em>x<\/em>\u00b2, compl\u00e9ter :<\/p>\n<ol>\n<li>si -3&lt;<em>x<\/em>&lt;0 alors &#8230;..&lt;<em>x<\/em>\u00b2&lt;&#8230;.. \u00a0\u00a0\u00a0 <span style=\"font-size: small;\"><span style=\"font-family: Comic Sans MS,cursive;\"> <span style=\"color: #ff0000;\"><a href=\"https:\/\/youtube.com\/embed\/L4xEebfGwkU?rel=0\" target=\"_blank\">Correction<\/a><\/span><\/span><\/span><\/li>\n<li>si -3&lt;<em>x<\/em>&lt;1 alors &#8230;..&lt;<em>x<\/em>\u00b2&lt;&#8230;&#8230;.\u00a0\u00a0\u00a0 <a href=\"https:\/\/youtube.com\/embed\/AEdYVacKc04?rel=0\" target=\"_blank\">Correction<\/a><\/li>\n<\/ol>\n","protected":false},"excerpt":{"rendered":"<p>M\u00e9thode de travail : Pour que ces exercices soient utiles, vous devez les travailler avant par \u00e9crit, comme vous le feriez en devoir surveill\u00e9. Sans aide, ni cours. Regardez ensuite la correction pour juger votre travail, trouver vos \u00e9ventuelles erreurs, &hellip; <a href=\"https:\/\/mathsguyon.fr\/?page_id=192\">Continuer la lecture <span class=\"meta-nav\">&rarr;<\/span><\/a><\/p>\n","protected":false},"author":1,"featured_media":0,"parent":167,"menu_order":0,"comment_status":"closed","ping_status":"closed","template":"","meta":{"footnotes":""},"class_list":["post-192","page","type-page","status-publish","hentry"],"_links":{"self":[{"href":"https:\/\/mathsguyon.fr\/index.php?rest_route=\/wp\/v2\/pages\/192","targetHints":{"allow":["GET"]}}],"collection":[{"href":"https:\/\/mathsguyon.fr\/index.php?rest_route=\/wp\/v2\/pages"}],"about":[{"href":"https:\/\/mathsguyon.fr\/index.php?rest_route=\/wp\/v2\/types\/page"}],"author":[{"embeddable":true,"href":"https:\/\/mathsguyon.fr\/index.php?rest_route=\/wp\/v2\/users\/1"}],"replies":[{"embeddable":true,"href":"https:\/\/mathsguyon.fr\/index.php?rest_route=%2Fwp%2Fv2%2Fcomments&post=192"}],"version-history":[{"count":6,"href":"https:\/\/mathsguyon.fr\/index.php?rest_route=\/wp\/v2\/pages\/192\/revisions"}],"predecessor-version":[{"id":228,"href":"https:\/\/mathsguyon.fr\/index.php?rest_route=\/wp\/v2\/pages\/192\/revisions\/228"}],"up":[{"embeddable":true,"href":"https:\/\/mathsguyon.fr\/index.php?rest_route=\/wp\/v2\/pages\/167"}],"wp:attachment":[{"href":"https:\/\/mathsguyon.fr\/index.php?rest_route=%2Fwp%2Fv2%2Fmedia&parent=192"}],"curies":[{"name":"wp","href":"https:\/\/api.w.org\/{rel}","templated":true}]}}