{"id":187,"date":"2016-03-28T00:40:01","date_gmt":"2016-03-27T23:40:01","guid":{"rendered":"http:\/\/mathsguyon.fr\/?page_id=187"},"modified":"2018-03-04T21:46:46","modified_gmt":"2018-03-04T20:46:46","slug":"second-degre-exercice-4","status":"publish","type":"page","link":"https:\/\/mathsguyon.fr\/?page_id=187","title":{"rendered":"exercice 4"},"content":{"rendered":"<h3><span style=\"color: #ff0000;\"><b>M\u00e9thode de travail :<\/b><\/span><\/h3>\n<p><span style=\"color: #ff0000;\"><b><i>Pour que ces exercices soient utiles, vous devez les travailler avant par \u00e9crit, comme vous le feriez en devoir surveill\u00e9. Sans aide, ni cours.<\/i><\/b><\/span><\/p>\n<p><span style=\"color: #ff0000;\"><b><i>Regardez ensuite la correction pour juger votre travail, trouver vos \u00e9ventuelles erreurs, en essayant de bien les analyser.<\/i><\/b><\/span><\/p>\n<p><span style=\"font-family: Comic Sans MS,cursive;\"><span style=\"font-size: small;\">Soit <img loading=\"lazy\" decoding=\"async\" src=\"data:image\/png;base64,iVBORw0KGgoAAAANSUhEUgAAAF4AAAAOCAIAAAApPjzOAAAClElEQVR4nO1WMZKjMBAcqvYpgkC1LzAvwE6InG5mQpyQbbiZExOKjNSRE8wL8AtcBEZ\/0UmyhQUIS+xVXXQdydbQM2qmR3wwxuA\/TPhYFE3zpNqQFP1u+9ex\/5LrhTfS0Dz091fYXRiJnn8cICNvCkBpBklOHYq0UtmqAq2ucV4VokXMo068dQGm4Flp6sRvv7nZkvBOIRI5aQWx7dAojSGnYAtzoTI\/yCUtGUPyRCHumieLnrc+iMKjOs99O134gzvOJ9RM6qE4M9LQ\/Od2LAlfkUaFdwDWXCKkrazauFEZgFKSykWUHVd+y3lUolfeiBCh3DlmxMJGqxNsSyR5v3feuSaRpo1Bmr5lD3WqyUjvEOiiyk5cHbtmU4X+aateIApAr9hckhvVY0cc0WALFHxCO\/it8qr6i8T8pBk+Xt2UPx4wSIPS5tJOK+radhAWEdbh8OuQtLhkzYvRx7iTi15iDQ9Hu1K9A5f3mOkF9nl5\/Sx14uDyXtfPBujaK+DBrtFQ9H5b4cyBerOF0+w4dS\/RQKWmI0fhGcZkXUHmNq00ph6iQx\/eu+y8tVeoPweEJmleFnTAdWyfviXmu8aBijeSGBVmQ3Hmc9CMJsm4FRWeTDN47nLGQzCS2iQN763PeKKMj6EaeFFeF9tdMZpePea7ZjGVDn6KLyjl5SAuofTvP2dEX8FlUqtBmvpc7OKpzsP5KuhucnCe9msPXs1A7zi22ciRCuRLHUil3OF7e3j4Qu245J0eVdJxGmYQeCrNjDK8zBjn\/bsWjSgXo9bgXyyBvUInKuODc+5wy+tMJ6BJI\/1WYvVBYyDaQF5D+q7jaRdsXO5LB6pFcM27BMOuKda+GJRz7kVWYyPrqHCmWgTnvAvwBx5zrVukrNW0AAAAAElFTkSuQmCC\" alt=\"\" width=\"94\" height=\"14\" name=\"Objet18\" \/><\/span><\/span><\/p>\n<ol>\n<li>Donner la forme factoris\u00e9e de<i> f\u00a0\u00a0\u00a0\u00a0\u00a0 <\/i><a href=\"https:\/\/youtube.com\/embed\/EEuvdp1-G1g?rel=0\" target=\"_blank\"><strong>Correction<\/strong><\/a><\/li>\n<li>Donner la forme d\u00e9velopp\u00e9e de<i> f\u00a0\u00a0\u00a0\u00a0\u00a0 <\/i><strong><a href=\"https:\/\/youtube.com\/embed\/HftRy3Fv3Us?rel=0\" target=\"_blank\">Correction<\/a><\/strong><i><br \/>\n<\/i><\/li>\n<li>Quels sont les ant\u00e9c\u00e9dents de 0\u00a0?\u00a0\u00a0\u00a0 <a href=\"https:\/\/youtube.com\/embed\/tWiqau-bB38?rel=0\" target=\"_blank\">Correction<\/a><\/li>\n<\/ol>\n","protected":false},"excerpt":{"rendered":"<p>M\u00e9thode de travail : Pour que ces exercices soient utiles, vous devez les travailler avant par \u00e9crit, comme vous le feriez en devoir surveill\u00e9. Sans aide, ni cours. Regardez ensuite la correction pour juger votre travail, trouver vos \u00e9ventuelles erreurs, &hellip; <a href=\"https:\/\/mathsguyon.fr\/?page_id=187\">Continuer la lecture <span class=\"meta-nav\">&rarr;<\/span><\/a><\/p>\n","protected":false},"author":1,"featured_media":0,"parent":167,"menu_order":0,"comment_status":"closed","ping_status":"closed","template":"","meta":{"footnotes":""},"class_list":["post-187","page","type-page","status-publish","hentry"],"_links":{"self":[{"href":"https:\/\/mathsguyon.fr\/index.php?rest_route=\/wp\/v2\/pages\/187","targetHints":{"allow":["GET"]}}],"collection":[{"href":"https:\/\/mathsguyon.fr\/index.php?rest_route=\/wp\/v2\/pages"}],"about":[{"href":"https:\/\/mathsguyon.fr\/index.php?rest_route=\/wp\/v2\/types\/page"}],"author":[{"embeddable":true,"href":"https:\/\/mathsguyon.fr\/index.php?rest_route=\/wp\/v2\/users\/1"}],"replies":[{"embeddable":true,"href":"https:\/\/mathsguyon.fr\/index.php?rest_route=%2Fwp%2Fv2%2Fcomments&post=187"}],"version-history":[{"count":6,"href":"https:\/\/mathsguyon.fr\/index.php?rest_route=\/wp\/v2\/pages\/187\/revisions"}],"predecessor-version":[{"id":234,"href":"https:\/\/mathsguyon.fr\/index.php?rest_route=\/wp\/v2\/pages\/187\/revisions\/234"}],"up":[{"embeddable":true,"href":"https:\/\/mathsguyon.fr\/index.php?rest_route=\/wp\/v2\/pages\/167"}],"wp:attachment":[{"href":"https:\/\/mathsguyon.fr\/index.php?rest_route=%2Fwp%2Fv2%2Fmedia&parent=187"}],"curies":[{"name":"wp","href":"https:\/\/api.w.org\/{rel}","templated":true}]}}