{"id":182,"date":"2016-03-28T00:37:31","date_gmt":"2016-03-27T23:37:31","guid":{"rendered":"http:\/\/mathsguyon.fr\/?page_id=182"},"modified":"2016-04-18T21:50:01","modified_gmt":"2016-04-18T20:50:01","slug":"second-degre-exercice-1","status":"publish","type":"page","link":"https:\/\/mathsguyon.fr\/?page_id=182","title":{"rendered":"Exercice 1"},"content":{"rendered":"<h2><span style=\"color: #ff0000;\"><b>M\u00e9thode de travail :<\/b><\/span><\/h2>\n<p><em><span style=\"color: #ff0000;\">Pour que ces exercices soient utiles, vous devez les travailler avant par \u00e9crit, comme vous le feriez en devoir surveill\u00e9. Sans aide, ni cours.<\/span><\/em><\/p>\n<h5><em><span style=\"color: #ff0000;\">Regardez ensuite la correction pour juger votre travail, trouver vos \u00e9ventuelles erreurs, en essayant de bien les analyser.<\/span><\/em><\/h5>\n<h3>Soit <img loading=\"lazy\" decoding=\"async\" class=\"\" src=\"data:image\/png;base64,iVBORw0KGgoAAAANSUhEUgAAAGUAAAAOCAIAAAC5LUUBAAACnUlEQVR4nO1WO5KjMBBtV81RBIHKJ7BPgEmInE5mQjlxNuFmJEMIGSmRE0YnsE\/gIgDdhZVYPhIIhGa2apPtxCokv3799LrhrWka+B+b483qNIvDwk8I+t7230jxj+HW9GLx0bk+4fLVJF73IIJbspIakRuEMdtEr0OHw2f9GM8bU9hiTij1J8ai9EHD3SkVi+nBRb1o6JQfvFfDY8XAE9lYAYFJCUQCiBkYBRO6ZE2DBP+Ikp7SlhS2mDIlGomaPBrHzioUrXDNkTQ7C3qx+NfrM0v4Knn08tYA61nacKAszIIhkpD2190fJNRtKewwZUpekgjr3IMmWQHixV+vz2up86BGr96zIF2SeFyBK\/+9taxwvl8cnfzcdwByoeRlbzMJi6tA7kY5xQK+LaZCqS8tDYNBi04\/uTQ\/awjwo7twJplGL0QeX+UMA+qyVI55SVPj43sUljhrHiM\/B+O6I97pLoU0DvrtHAYplBRL+GuhwVQo8dIaYkRBSPyVPGo4vsfMU7TX9iOrXgd8M9ND\/plTW5rPBnLttigwLxjRe2eOP8xhKZTpbsQcQ8JKd2Ixne0ifTTpFZ1erMjhnG0cu89p9w0mMfjrDyXyccmr7fjcdKujR485bQ0FS9OPY+zxZJ7q9KrL5z6YyeVgKLo3ZRfihXS+pHeaeLpsm8xP76\/zrcecpDDgb8P8QdAox7dJBRq96D29BPNLVAe5MPOrHcb59bQDaSxVODCqNFpPGG4oTUqxiG+LaaTEbaZCK99eU9nnei3IxYEDHA+3L8zcLiYm4l9Q7oaJumC9McUSvj3mRkoSibWel\/TiFxS5Ge4\/vDRAPsQUyNpFs9r1rXrHPoVt\/JSSGqq\/0pOjM2EfyPjOQXaT5jsprBF\/SkmJ3+D81m9yxWXZAAAAAElFTkSuQmCC\" alt=\"\" width=\"152\" height=\"21\" name=\"Objet1\" \/><\/h3>\n<ol>\n<li>\n<h3>Montrer que <img loading=\"lazy\" decoding=\"async\" class=\"\" src=\"data:image\/png;base64,iVBORw0KGgoAAAANSUhEUgAAAG8AAAAOCAIAAACuD9XIAAAC7ElEQVR4nO1WvZKyMBS9zOyjEArGJ5AnQBsqWzspY0NnaWcDJXa0VDbIE+ATMBSQd+FL+NFIAok72+zOd5t1Azn35Nxzb\/hq2xb+xw\/F10dvk8jPtjE2v\/f478eCmiRy0PEBh3sbu8PCBYJ4QSsTB+BHREvPAR3WYVMsvp\/7xuYKHI3FoG+fbQ5x2K27XYPnuCCDnFUz91F1olPAd2oCbgeTgafSycQeRASUcrLCJG1rMmqXHC8d1I3bNs7zXEMLikalW4fcITZl2LTYpKL6+Tf0FHiOC12ZHHvihBk1SXQuwySmv+JipNAAIHV+BFWmltPEMe7+Wqu1ArVzF\/WBhhImLhpw9s\/\/SV2udwGjguy1ersOz3EB3CBco4pqolDzaeV305AaLP5E3SmZ\/7eZg9LdWCXTgmmO+SBR7fHVnWKeKtT1KZRjg3wU5nYHaB9tKVy68goF8+fDmzd18ZRnf9AVVJOEEjVphe+VCNlU73tpBza2s7\/4lZ20xSsTsu1moDBUhQtu1oyPU3gdR8SkXS4y1A4TJ2GKkJFS6V6HmWMuDxnPbr2GMNCZm6xD7ECDLK19Onsx0aq0eGEze8yophnBL5rLmOOlwsfiPdbArrmv0Ab5Fu8OSRYO+mpwF9cMzzyDQMgqU5NkKewSzb56TPv66WGFN\/tT4dMhrZWYz+iuJD1iPYMzJIWLOy9GxH07\/iTLAC3t9ClPCnyzCpGITM2meqw84TDIhux9eLH7bXe43vLYlV0RCm\/2kd\/K\/p7Qw\/w45IX5PAvHk0q5ZzViq1GEOL\/K1Mxv14Mn6v5+vbC+KLtBnh43BnDjsLY9pYYv2zKz8t+GUkzdGGGR0884NjYdZBjQjwNTJwu1qCsAvniO8wAZxwGV3yyqOSMmzePZ0dOcrC+6HxMD0o9SSynmjG3nMLVDhJUk+iSLuH151HBq0kJcrMQePzTFcLcQ5YCXDEMaa\/sjHfo7492b1w3iW28aJlZ+lf\/MtPut8Q94gxMUMb5dWQAAAABJRU5ErkJggg==\" alt=\"\" width=\"174\" height=\"22\" name=\"Objet69\" \/>\u00a0\u00a0\u00a0\u00a0\u00a0\u00a0\u00a0\u00a0\u00a0\u00a0\u00a0\u00a0\u00a0\u00a0\u00a0\u00a0\u00a0\u00a0\u00a0\u00a0\u00a0\u00a0\u00a0\u00a0 \u00a0 \u00a0 \u00a0 \u00a0 \u00a0 <strong><a href=\"https:\/\/youtube.com\/embed\/uuMcXjATD4M?rel=0\" target=\"_blank\">Correction<\/a><\/strong><\/h3>\n<\/li>\n<li>\n<h3>Choisir la forme la plus adapt\u00e9e pour calculer<img loading=\"lazy\" decoding=\"async\" class=\"\" src=\"data:image\/png;base64,iVBORw0KGgoAAAANSUhEUgAAACAAAAAOCAIAAADBvonlAAABXUlEQVR4nLWTvZGDMBCF92ZcikSgcQW4Ao5EkUuAUJeQObyMxArljJTICaYCXAGjAKkXHTD8S9jj4JQAu6v3vRWrgzEG\/nMdPqrWPC5CwdAHuRcAzU\/45wnRw4hgCKSQCLROg39VVSeLWAIx11vELqCMsby0xxefGg1Bt0kXQNksn0JmDOowacl6C4hR4BrWhB2A5r\/1NRPtm6iCIaYA8FSAmGD90zv6cxiDLDYEB2DsHUZnQ7gBL7BrG1rNgsgD2fp4A0CsesivOzVipaekdBvJQU0MTIhaVzmPSDe1TxJXZmPEsI6SF5q5J2sHoIscztneji3lEuXN9Gm16QQo+TxSSx8TKIZ5Wq7yXp+TF2YcgPJ+i6iwvS5\/4DQI\/TWZ9HVDKHsH2NEHCCjhYwv9+VsV7U3xttEFoHWVehkZL4CDEAIvgVmzOgkoL7SS6w5u33jV8mah\/WHp04GD\/QdPo6Sic8rj0AAAAABJRU5ErkJggg==\" alt=\"\" width=\"48\" height=\"21\" name=\"Objet3\" \/>\u00a0;<img loading=\"lazy\" decoding=\"async\" class=\"\" src=\"data:image\/png;base64,iVBORw0KGgoAAAANSUhEUgAAACgAAAAPCAIAAAAZNRq0AAABxElEQVR4nK2UvZLCIBDH1xkfBVIwPoE+AdqkuvY6U2KT7srrbKTELu1VNpEniE\/gUAjvwoEfMQjo3YxbZMIu\/\/x2lyVjay28xYwxCKE\/bx+\/hwogtZ5jnAwla\/sf2PCqXQiWqEsC0HTznIabWPMEbPgMrw6w3FtBr4411CLZTQOAAxX0OsRqSKCzYFlh9eVKqGYnA9SLTAtlqlgf0oDpLbfGWuTko\/mM6M4LECuBGwi1GbDh38dNI9yb6OjVp\/uqInOhyy7EBDu\/0Hozxcr5zzQMqn0gJ8B9s9aSCXp3n6Cgwb5+jOWNOzBUTEDdF9AnkQcj1u3VaFdaEXxNK3VfXJK7HqPBOOL6PDd178aE6DCebLU5HaekTkUGyVl2nlfKQGuILrBsoc4MRB5s2h\/4aF7\/C9CCuKMzBTwW7PqxKzox8ATtyoK1OkzKiIsJtNf57smsVNW6KIcIT\/2E5jySknPMMnUnwHK3XYbfulDiAXEzVcJuOFj+Fm19lqOVe043urskcyIlewXOcD2E8IeSnVOIcGltrHV\/gOKBOwS7Hq2LhtwucIK8AC6BxRP8wowuFpEorHg7x\/6K5OYK5Q7suSGayPUXPljReGg4MUQAAAAASUVORK5CYII=\" alt=\"\" width=\"64\" height=\"24\" name=\"Objet70\" \/>\u00a0;<img loading=\"lazy\" decoding=\"async\" class=\"\" src=\"data:image\/png;base64,iVBORw0KGgoAAAANSUhEUgAAACEAAAAOCAIAAAAufOLbAAABaElEQVR4nLWUMbLCIBCG1xmPAimYnCA5AdpQ2dqZEpt0lnZppIxdWiubmBPEEzgUCXfhEQdNRHiOM+9tlSzLfvsvC3OtNfyzzb+KViKrlyVH3y3\/wlAixdsrbC66pNZRQF4iZz059K1Ni3gOmVAuJchoMix3po9Z2imgwyZVA+MTwvq06nWLmiwVaqQwEApeIQGGEvvboSrNV9lS6+sB8FhCsY13ekhFWbwoGm61mhBZOxAPw\/YAYLJzcHcQ0fHnlpDcZiXJ7aHVKIlAmmo+MBBvL3J2ZnoCGGRI6dfsGCakf\/V4ezWt8g\/Mx1D1CVZVaEDvhqL4erYt6eU1ZmP0u14fw9lkDROon10Hmh\/2a6Eoh+d0fKOjOR837H2Tc5iIV6sUz7b3+zEpSHWE8U+MAGIYUiJGIffZ0NwNMpcocp0ThpnZIqpIWDpdgmiAU++izdFHy7f1Vx3HBR6ejtBxIx58qh4R1FPBDzPUph2NEM7SAAAAAElFTkSuQmCC\" alt=\"\" width=\"50\" height=\"21\" name=\"Objet2\" \/>\u00a0\u00a0\u00a0\u00a0 <strong><a href=\"https:\/\/youtube.com\/embed\/8m0BlzRn24g?rel=0\" target=\"_blank\">Correction<\/a><\/strong><\/h3>\n<\/li>\n<\/ol>\n","protected":false},"excerpt":{"rendered":"<p>M\u00e9thode de travail : Pour que ces exercices soient utiles, vous devez les travailler avant par \u00e9crit, comme vous le feriez en devoir surveill\u00e9. Sans aide, ni cours. Regardez ensuite la correction pour juger votre travail, trouver vos \u00e9ventuelles erreurs, &hellip; <a href=\"https:\/\/mathsguyon.fr\/?page_id=182\">Continuer la lecture <span class=\"meta-nav\">&rarr;<\/span><\/a><\/p>\n","protected":false},"author":1,"featured_media":0,"parent":219,"menu_order":0,"comment_status":"closed","ping_status":"closed","template":"","meta":{"footnotes":""},"class_list":["post-182","page","type-page","status-publish","hentry"],"_links":{"self":[{"href":"https:\/\/mathsguyon.fr\/index.php?rest_route=\/wp\/v2\/pages\/182","targetHints":{"allow":["GET"]}}],"collection":[{"href":"https:\/\/mathsguyon.fr\/index.php?rest_route=\/wp\/v2\/pages"}],"about":[{"href":"https:\/\/mathsguyon.fr\/index.php?rest_route=\/wp\/v2\/types\/page"}],"author":[{"embeddable":true,"href":"https:\/\/mathsguyon.fr\/index.php?rest_route=\/wp\/v2\/users\/1"}],"replies":[{"embeddable":true,"href":"https:\/\/mathsguyon.fr\/index.php?rest_route=%2Fwp%2Fv2%2Fcomments&post=182"}],"version-history":[{"count":6,"href":"https:\/\/mathsguyon.fr\/index.php?rest_route=\/wp\/v2\/pages\/182\/revisions"}],"predecessor-version":[{"id":343,"href":"https:\/\/mathsguyon.fr\/index.php?rest_route=\/wp\/v2\/pages\/182\/revisions\/343"}],"up":[{"embeddable":true,"href":"https:\/\/mathsguyon.fr\/index.php?rest_route=\/wp\/v2\/pages\/219"}],"wp:attachment":[{"href":"https:\/\/mathsguyon.fr\/index.php?rest_route=%2Fwp%2Fv2%2Fmedia&parent=182"}],"curies":[{"name":"wp","href":"https:\/\/api.w.org\/{rel}","templated":true}]}}