{"id":1808,"date":"2016-11-05T14:58:59","date_gmt":"2016-11-05T13:58:59","guid":{"rendered":"http:\/\/mathsguyon.fr\/?page_id=1808"},"modified":"2024-01-15T15:27:59","modified_gmt":"2024-01-15T14:27:59","slug":"videos-variations-de-fonctions","status":"publish","type":"page","link":"https:\/\/mathsguyon.fr\/?page_id=1808","title":{"rendered":"Variations de fonctions"},"content":{"rendered":"<h2 style=\"text-align: center;\"><\/h2>\n<h1 style=\"text-align: center;\"><a href=\"http:\/\/mathsguyon.fr\/wp-content\/uploads\/2024\/01\/Cours_variations_2023.pdf\">Cours<\/a>\u00a0\u00a0\u00a0\u00a0<a href=\"http:\/\/mathsguyon.fr\/wp-content\/uploads\/2024\/01\/PDT_2023_variations.pdf\">Plan de travail avec corrections<\/a><\/h1>\n<h2 style=\"text-align: center;\"><a href=\"https:\/\/www.dropbox.com\/s\/oebw7rx69vgmy4k\/DS%20variations.pdf?dl=0\">Sujet d&rsquo;\u00e9valuation<\/a> &#8211; <a href=\"https:\/\/www.dropbox.com\/s\/dn69wojswoyyyq4\/DS%20variations_corr.pdf?dl=0\">Correction<\/a><\/h2>\n<h1 style=\"text-align: center;\"><span style=\"color: #800000;\">Vid\u00e9os d&rsquo;accompagnement au cours :<\/span><\/h1>\n<h2><a href=\"https:\/\/youtube.com\/embed\/vQfHTJ4m_gk\">Vid\u00e9o 1 <\/a>: Introduction<\/h2>\n<h2><a href=\"https:\/\/youtube.com\/embed\/1XfQaVcur3s\">Vid\u00e9o 2 :<\/a> D\u00e9finition<\/h2>\n<h2><a href=\"https:\/\/youtube.com\/embed\/OzdaqOVEoJU\">Vid\u00e9o 3<\/a> : Tableau de variations<\/h2>\n<h2><a href=\"https:\/\/youtube.com\/embed\/nZocracNVIw\">Vid\u00e9o 4<\/a> : Extrema d&rsquo;une fonction<\/h2>\n<hr \/>\n<h1 style=\"text-align: center;\"><span style=\"color: #800000;\">Exercices corrig\u00e9s en vid\u00e9os :<\/span><\/h1>\n<p><strong>Exercice 1 :<\/strong><\/p>\n<p>$f$ est une fonction d\u00e9finie sur l&rsquo;intervalle [-7 ; 8], on donne son tableau de variations :<\/p>\n<p><img loading=\"lazy\" decoding=\"async\" class=\"alignnone size-medium wp-image-1918\" src=\"http:\/\/mathsguyon.fr\/wp-content\/uploads\/2016\/11\/tableau-300x75.jpg\" alt=\"tableau\" width=\"300\" height=\"75\" srcset=\"https:\/\/mathsguyon.fr\/wp-content\/uploads\/2016\/11\/tableau-300x75.jpg 300w, https:\/\/mathsguyon.fr\/wp-content\/uploads\/2016\/11\/tableau-768x193.jpg 768w, https:\/\/mathsguyon.fr\/wp-content\/uploads\/2016\/11\/tableau.jpg 775w\" sizes=\"auto, (max-width: 300px) 100vw, 300px\" \/><\/p>\n<ol>\n<li>Compl\u00e9ter avec \u00ab\u00a0&lt; \u00ab\u00a0ou \u00ab\u00a0&gt;\u00a0\u00bb en expliquant :<\/li>\n<\/ol>\n<p>a. $ f(-6) &#8230;&#8230; f(-4)$\u00a0\u00a0\u00a0\u00a0\u00a0\u00a0\u00a0\u00a0\u00a0\u00a0\u00a0\u00a0\u00a0\u00a0\u00a0\u00a0\u00a0\u00a0\u00a0\u00a0\u00a0\u00a0\u00a0\u00a0\u00a0\u00a0\u00a0\u00a0\u00a0 <a href=\"https:\/\/youtube.com\/embed\/ft9cvGHD7es\">Correction<\/a><\/p>\n<p>b. $ f(-2) &#8230;&#8230; f(-1)$\u00a0\u00a0\u00a0\u00a0\u00a0\u00a0\u00a0\u00a0\u00a0\u00a0\u00a0\u00a0\u00a0\u00a0\u00a0\u00a0\u00a0\u00a0\u00a0\u00a0\u00a0\u00a0\u00a0\u00a0\u00a0\u00a0\u00a0\u00a0\u00a0 <a href=\"https:\/\/youtube.com\/embed\/ow5qb5tR4Fk\">Correction<\/a><\/p>\n<p>c. $ f(4) &#8230;&#8230; f(5)$\u00a0\u00a0\u00a0\u00a0\u00a0\u00a0\u00a0\u00a0\u00a0\u00a0\u00a0\u00a0\u00a0\u00a0\u00a0\u00a0\u00a0\u00a0\u00a0\u00a0\u00a0\u00a0\u00a0\u00a0\u00a0\u00a0\u00a0\u00a0\u00a0\u00a0\u00a0\u00a0 <a href=\"https:\/\/youtube.com\/embed\/vI3aWQWcD7Y\">Correction<\/a><\/p>\n<p>d. $ f(-4) &#8230;&#8230; f(2)$\u00a0\u00a0\u00a0\u00a0\u00a0\u00a0\u00a0\u00a0\u00a0\u00a0\u00a0\u00a0\u00a0\u00a0\u00a0\u00a0\u00a0\u00a0\u00a0\u00a0\u00a0\u00a0\u00a0\u00a0\u00a0\u00a0\u00a0\u00a0\u00a0\u00a0 <a href=\"https:\/\/youtube.com\/embed\/hAVlm_-8Spc\">Aide pour d\u00e9marrer<\/a>\u00a0\u00a0\u00a0\u00a0\u00a0\u00a0\u00a0 <a href=\"https:\/\/youtube.com\/embed\/mkcw9ICPv8g\">Correction<\/a><\/p>\n<p>2. Quel est le maximum de cette fonction sur [-7 ; 8] ? Sur [1 ; 8] ? Quel est le minimum de cette fonction sur [-7 ; 8] ?<\/p>\n<p><a href=\"https:\/\/youtube.com\/embed\/pcE8YhiYuj4\">Correction <\/a><\/p>\n<p><span style=\"border-radius: 2px; text-indent: 20px; width: auto; padding: 0px 4px 0px 0px; text-align: center; font: bold 11px\/20px 'Helvetica Neue',Helvetica,sans-serif; color: #ffffff; background: #bd081c no-repeat scroll 3px 50% \/ 14px 14px; position: absolute; opacity: 1; z-index: 8675309; display: none; cursor: pointer;\">Enregistrer<\/span><\/p>\n<p><span style=\"border-radius: 2px; text-indent: 20px; width: auto; padding: 0px 4px 0px 0px; text-align: center; font: bold 11px\/20px 'Helvetica Neue',Helvetica,sans-serif; color: #ffffff; background: #bd081c no-repeat scroll 3px 50% \/ 14px 14px; position: absolute; opacity: 1; z-index: 8675309; display: none; cursor: pointer;\">Enregistrer<\/span><\/p>\n<p><span style=\"border-radius: 2px; text-indent: 20px; width: auto; padding: 0px 4px 0px 0px; text-align: center; font: bold 11px\/20px 'Helvetica Neue',Helvetica,sans-serif; color: #ffffff; background: #bd081c no-repeat scroll 3px 50% \/ 14px 14px; position: absolute; opacity: 1; z-index: 8675309; display: none; cursor: pointer;\">Enregistrer<\/span><\/p>\n<p><span style=\"border-radius: 2px; text-indent: 20px; width: auto; padding: 0px 4px 0px 0px; text-align: center; font: bold 11px\/20px 'Helvetica Neue',Helvetica,sans-serif; color: #ffffff; background: #bd081c no-repeat scroll 3px 50% \/ 14px 14px; position: absolute; opacity: 1; z-index: 8675309; display: none; cursor: pointer;\">Enregistrer<\/span><\/p>\n<p><span style=\"border-radius: 2px; text-indent: 20px; width: auto; padding: 0px 4px 0px 0px; text-align: center; font: bold 11px\/20px 'Helvetica Neue',Helvetica,sans-serif; color: #ffffff; background: #bd081c no-repeat scroll 3px 50% \/ 14px 14px; position: absolute; opacity: 1; z-index: 8675309; display: none; cursor: pointer;\">Enregistrer<\/span><\/p>\n","protected":false},"excerpt":{"rendered":"<p>Cours\u00a0\u00a0\u00a0\u00a0Plan de travail avec corrections Sujet d&rsquo;\u00e9valuation &#8211; Correction Vid\u00e9os d&rsquo;accompagnement au cours : Vid\u00e9o 1 : Introduction Vid\u00e9o 2 : D\u00e9finition Vid\u00e9o 3 : Tableau de variations Vid\u00e9o 4 : Extrema d&rsquo;une fonction Exercices corrig\u00e9s en vid\u00e9os : Exercice &hellip; <a href=\"https:\/\/mathsguyon.fr\/?page_id=1808\">Continuer la lecture <span class=\"meta-nav\">&rarr;<\/span><\/a><\/p>\n","protected":false},"author":1,"featured_media":0,"parent":0,"menu_order":0,"comment_status":"closed","ping_status":"closed","template":"","meta":{"footnotes":""},"class_list":["post-1808","page","type-page","status-publish","hentry"],"_links":{"self":[{"href":"https:\/\/mathsguyon.fr\/index.php?rest_route=\/wp\/v2\/pages\/1808","targetHints":{"allow":["GET"]}}],"collection":[{"href":"https:\/\/mathsguyon.fr\/index.php?rest_route=\/wp\/v2\/pages"}],"about":[{"href":"https:\/\/mathsguyon.fr\/index.php?rest_route=\/wp\/v2\/types\/page"}],"author":[{"embeddable":true,"href":"https:\/\/mathsguyon.fr\/index.php?rest_route=\/wp\/v2\/users\/1"}],"replies":[{"embeddable":true,"href":"https:\/\/mathsguyon.fr\/index.php?rest_route=%2Fwp%2Fv2%2Fcomments&post=1808"}],"version-history":[{"count":26,"href":"https:\/\/mathsguyon.fr\/index.php?rest_route=\/wp\/v2\/pages\/1808\/revisions"}],"predecessor-version":[{"id":9458,"href":"https:\/\/mathsguyon.fr\/index.php?rest_route=\/wp\/v2\/pages\/1808\/revisions\/9458"}],"wp:attachment":[{"href":"https:\/\/mathsguyon.fr\/index.php?rest_route=%2Fwp%2Fv2%2Fmedia&parent=1808"}],"curies":[{"name":"wp","href":"https:\/\/api.w.org\/{rel}","templated":true}]}}