{"id":1765,"date":"2016-11-02T10:39:52","date_gmt":"2016-11-02T09:39:52","guid":{"rendered":"http:\/\/mathsguyon.fr\/?page_id=1765"},"modified":"2023-02-08T10:30:45","modified_gmt":"2023-02-08T09:30:45","slug":"fonctions-de-reference","status":"publish","type":"page","link":"https:\/\/mathsguyon.fr\/?page_id=1765","title":{"rendered":"15. Fonctions de r\u00e9f\u00e9rence"},"content":{"rendered":"<h2 style=\"text-align: center;\"><span style=\"color: #800000;\">Documents de cours :<\/span><\/h2>\n<h2 style=\"text-align: center;\"><a href=\"http:\/\/mathsguyon.fr\/wp-content\/uploads\/2023\/01\/fonctions-reference2023.pdf\">Cours en pdf\u00a0<\/a>\u00a0\u00a0\u00a0<a href=\"http:\/\/mathsguyon.fr\/wp-content\/uploads\/2023\/01\/seconddegre_pdt_2023.pdf\">Plan de travail<\/a><\/h2>\n<h2 style=\"text-align: center;\"><a href=\"https:\/\/www.dropbox.com\/s\/1qye710r4pt5773\/eval_formative.pdf?dl=0\">Evaluation formative avec corrig\u00e9<\/a><\/h2>\n<h2 style=\"text-align: center;\"><span style=\"color: #800000;\">Vid\u00e9os du cours :<\/span><\/h2>\n<h2><a href=\"https:\/\/youtube.com\/embed\/Y1RpHX2NYmA\">Vid\u00e9o 1 <\/a>: \u00c9tude de la fonction carr\u00e9e<\/h2>\n<h2 align=\"LEFT\"><a href=\"https:\/\/youtube.com\/embed\/Uutm_BW1pfw\">Vid\u00e9o 2 :<\/a> Sens de variation de la fonction carr\u00e9e<\/h2>\n<h2 align=\"LEFT\"><a href=\"https:\/\/youtube.com\/embed\/sga5w8kHO-Y\">Vid\u00e9o 3<\/a> : Repr\u00e9sentation graphique de la fonction carr\u00e9e<\/h2>\n<h2><a href=\"https:\/\/youtube.com\/embed\/goK2VZoCKWY\">Vid\u00e9o 4<\/a> : D\u00e9finitions de la fonction inverse<\/h2>\n<h2><a href=\"https:\/\/youtube.com\/embed\/vCrPr5mDiwM\">Vid\u00e9o 5<\/a> : D\u00e9monstrations de la variation de la fonction inverse<\/h2>\n<h2><a href=\"https:\/\/youtube.com\/embed\/NlXOXRIgsDw\">Vid\u00e9o 6<\/a> : Repr\u00e9sentation graphique de la fonction inverse<\/h2>\n<h2><a href=\"https:\/\/youtube.com\/embed\/X9h2CHyS1I8\">Vid\u00e9o 7 :<\/a> D\u00e9finitions et propri\u00e9t\u00e9s de la fonction racine carr\u00e9e<\/h2>\n<h2><a href=\"https:\/\/youtube.com\/embed\/sQrO8QsQlI4\">Vid\u00e9o 8 :<\/a> Repr\u00e9sentation graphique de la fonction racine carr\u00e9e<\/h2>\n<h2><a href=\"https:\/\/youtube.com\/embed\/yMftxpJp-SI\">Vid\u00e9o 9 <\/a>: R\u00e9solution d&rsquo;\u00e9quations et in\u00e9quations avec la fonction racine carr\u00e9e<\/h2>\n<h2><a href=\"https:\/\/youtube.com\/embed\/25BsoenMSkE\">Vid\u00e9o 10 :<\/a>\u00a0 D\u00e9finitions et propri\u00e9t\u00e9s de la fonction cube<\/h2>\n<p><span style=\"border-radius: 2px; text-indent: 20px; width: auto; padding: 0px 4px 0px 0px; text-align: center; font: bold 11px\/20px 'Helvetica Neue',Helvetica,sans-serif; color: #ffffff; background: #bd081c no-repeat scroll 3px 50% \/ 14px 14px; position: absolute; opacity: 1; z-index: 8675309; display: none; cursor: pointer;\">Enregistrer<\/span><\/p>\n","protected":false},"excerpt":{"rendered":"<p>Documents de cours : Cours en pdf\u00a0\u00a0\u00a0\u00a0Plan de travail Evaluation formative avec corrig\u00e9 Vid\u00e9os du cours : Vid\u00e9o 1 : \u00c9tude de la fonction carr\u00e9e Vid\u00e9o 2 : Sens de variation de la fonction carr\u00e9e Vid\u00e9o 3 : Repr\u00e9sentation graphique &hellip; <a href=\"https:\/\/mathsguyon.fr\/?page_id=1765\">Continuer la lecture <span class=\"meta-nav\">&rarr;<\/span><\/a><\/p>\n","protected":false},"author":1,"featured_media":0,"parent":1104,"menu_order":0,"comment_status":"closed","ping_status":"closed","template":"","meta":{"footnotes":""},"class_list":["post-1765","page","type-page","status-publish","hentry"],"_links":{"self":[{"href":"https:\/\/mathsguyon.fr\/index.php?rest_route=\/wp\/v2\/pages\/1765","targetHints":{"allow":["GET"]}}],"collection":[{"href":"https:\/\/mathsguyon.fr\/index.php?rest_route=\/wp\/v2\/pages"}],"about":[{"href":"https:\/\/mathsguyon.fr\/index.php?rest_route=\/wp\/v2\/types\/page"}],"author":[{"embeddable":true,"href":"https:\/\/mathsguyon.fr\/index.php?rest_route=\/wp\/v2\/users\/1"}],"replies":[{"embeddable":true,"href":"https:\/\/mathsguyon.fr\/index.php?rest_route=%2Fwp%2Fv2%2Fcomments&post=1765"}],"version-history":[{"count":40,"href":"https:\/\/mathsguyon.fr\/index.php?rest_route=\/wp\/v2\/pages\/1765\/revisions"}],"predecessor-version":[{"id":9037,"href":"https:\/\/mathsguyon.fr\/index.php?rest_route=\/wp\/v2\/pages\/1765\/revisions\/9037"}],"up":[{"embeddable":true,"href":"https:\/\/mathsguyon.fr\/index.php?rest_route=\/wp\/v2\/pages\/1104"}],"wp:attachment":[{"href":"https:\/\/mathsguyon.fr\/index.php?rest_route=%2Fwp%2Fv2%2Fmedia&parent=1765"}],"curies":[{"name":"wp","href":"https:\/\/api.w.org\/{rel}","templated":true}]}}