{"id":1741,"date":"2016-10-30T14:24:09","date_gmt":"2016-10-30T13:24:09","guid":{"rendered":"http:\/\/mathsguyon.fr\/?page_id=1741"},"modified":"2016-10-30T14:24:09","modified_gmt":"2016-10-30T13:24:09","slug":"exercices-corriges-second-degre","status":"publish","type":"page","link":"https:\/\/mathsguyon.fr\/?page_id=1741","title":{"rendered":"Exercices corrig\u00e9s second degr\u00e9"},"content":{"rendered":"<h2><a href=\"http:\/\/mathsguyon.fr\/?page_id=1726\">R\u00e9soudre une in\u00e9quation en utilisant le second degr\u00e9<\/a><\/h2>\n","protected":false},"excerpt":{"rendered":"<p>R\u00e9soudre une in\u00e9quation en utilisant le second degr\u00e9<\/p>\n","protected":false},"author":1,"featured_media":0,"parent":0,"menu_order":0,"comment_status":"closed","ping_status":"closed","template":"","meta":{"footnotes":""},"class_list":["post-1741","page","type-page","status-publish","hentry"],"_links":{"self":[{"href":"https:\/\/mathsguyon.fr\/index.php?rest_route=\/wp\/v2\/pages\/1741","targetHints":{"allow":["GET"]}}],"collection":[{"href":"https:\/\/mathsguyon.fr\/index.php?rest_route=\/wp\/v2\/pages"}],"about":[{"href":"https:\/\/mathsguyon.fr\/index.php?rest_route=\/wp\/v2\/types\/page"}],"author":[{"embeddable":true,"href":"https:\/\/mathsguyon.fr\/index.php?rest_route=\/wp\/v2\/users\/1"}],"replies":[{"embeddable":true,"href":"https:\/\/mathsguyon.fr\/index.php?rest_route=%2Fwp%2Fv2%2Fcomments&post=1741"}],"version-history":[{"count":1,"href":"https:\/\/mathsguyon.fr\/index.php?rest_route=\/wp\/v2\/pages\/1741\/revisions"}],"predecessor-version":[{"id":1742,"href":"https:\/\/mathsguyon.fr\/index.php?rest_route=\/wp\/v2\/pages\/1741\/revisions\/1742"}],"wp:attachment":[{"href":"https:\/\/mathsguyon.fr\/index.php?rest_route=%2Fwp%2Fv2%2Fmedia&parent=1741"}],"curies":[{"name":"wp","href":"https:\/\/api.w.org\/{rel}","templated":true}]}}