{"id":167,"date":"2016-03-27T22:56:07","date_gmt":"2016-03-27T21:56:07","guid":{"rendered":"http:\/\/mathsguyon.fr\/?page_id=167"},"modified":"2018-03-04T21:46:46","modified_gmt":"2018-03-04T20:46:46","slug":"exercices-corriges","status":"publish","type":"page","link":"https:\/\/mathsguyon.fr\/?page_id=167","title":{"rendered":"exercices corrig\u00e9s"},"content":{"rendered":"<h2><span style=\"color: #ff0000;\"><b>M\u00e9thode de travail :<\/b><\/span><\/h2>\n<p><span style=\"color: #ff0000;\"><b><i>Pour que ces exercices soient utiles, vous devez les travailler avant par \u00e9crit, comme vous le feriez en devoir surveill\u00e9. Sans aide, ni cours.<\/i><\/b><\/span><\/p>\n<h5><span style=\"color: #ff0000;\"><b><i>Regardez ensuite la correction pour juger votre travail, trouver vos \u00e9ventuelles erreurs, en essayant de bien les analyser.<\/i><\/b><\/span><\/h5>\n<h3><a href=\"http:\/\/mathsguyon.fr\/?page_id=192\" target=\"_blank\">Fonction carr\u00e9e et sens de variation<\/a><\/h3>\n<h3><a href=\"http:\/\/mathsguyon.fr\/?page_id=219\" target=\"_blank\">Formes canoniques, polynomiales et factoris\u00e9es<\/a><\/h3>\n<h3><a href=\"http:\/\/mathsguyon.fr\/?page_id=240\">Sens de variations<\/a><\/h3>\n<p>&nbsp;<\/p>\n","protected":false},"excerpt":{"rendered":"<p>M\u00e9thode de travail : Pour que ces exercices soient utiles, vous devez les travailler avant par \u00e9crit, comme vous le feriez en devoir surveill\u00e9. Sans aide, ni cours. Regardez ensuite la correction pour juger votre travail, trouver vos \u00e9ventuelles erreurs, &hellip; <a href=\"https:\/\/mathsguyon.fr\/?page_id=167\">Continuer la lecture <span class=\"meta-nav\">&rarr;<\/span><\/a><\/p>\n","protected":false},"author":1,"featured_media":0,"parent":76,"menu_order":0,"comment_status":"closed","ping_status":"closed","template":"","meta":{"footnotes":""},"class_list":["post-167","page","type-page","status-publish","hentry"],"_links":{"self":[{"href":"https:\/\/mathsguyon.fr\/index.php?rest_route=\/wp\/v2\/pages\/167","targetHints":{"allow":["GET"]}}],"collection":[{"href":"https:\/\/mathsguyon.fr\/index.php?rest_route=\/wp\/v2\/pages"}],"about":[{"href":"https:\/\/mathsguyon.fr\/index.php?rest_route=\/wp\/v2\/types\/page"}],"author":[{"embeddable":true,"href":"https:\/\/mathsguyon.fr\/index.php?rest_route=\/wp\/v2\/users\/1"}],"replies":[{"embeddable":true,"href":"https:\/\/mathsguyon.fr\/index.php?rest_route=%2Fwp%2Fv2%2Fcomments&post=167"}],"version-history":[{"count":25,"href":"https:\/\/mathsguyon.fr\/index.php?rest_route=\/wp\/v2\/pages\/167\/revisions"}],"predecessor-version":[{"id":255,"href":"https:\/\/mathsguyon.fr\/index.php?rest_route=\/wp\/v2\/pages\/167\/revisions\/255"}],"up":[{"embeddable":true,"href":"https:\/\/mathsguyon.fr\/index.php?rest_route=\/wp\/v2\/pages\/76"}],"wp:attachment":[{"href":"https:\/\/mathsguyon.fr\/index.php?rest_route=%2Fwp%2Fv2%2Fmedia&parent=167"}],"curies":[{"name":"wp","href":"https:\/\/api.w.org\/{rel}","templated":true}]}}