{"id":1531,"date":"2016-10-14T14:38:53","date_gmt":"2016-10-14T13:38:53","guid":{"rendered":"http:\/\/mathsguyon.fr\/?page_id=1531"},"modified":"2018-03-04T21:46:42","modified_gmt":"2018-03-04T20:46:42","slug":"somme-et-difference-de-fractions","status":"publish","type":"page","link":"https:\/\/mathsguyon.fr\/?page_id=1531","title":{"rendered":"Fractions"},"content":{"rendered":"<h1 style=\"text-align: center;\"><span style=\"color: #800000;\">Voici la plupart des op\u00e9rations, strat\u00e9gies qu&rsquo;un coll\u00e9gien doit conna\u00eetre en fin de cycle 4, sur les calculs avec les fractions :<\/span><\/h1>\n<hr \/>\n<h2 style=\"text-align: center;\"><span style=\"color: #800000;\">Sommes et diff\u00e9rences de fractions :<\/span><\/h2>\n<ol>\n<li>\n<h2><strong><span style=\"color: #000000;\"><a style=\"color: #000000;\" href=\"http:\/\/mathsguyon.fr\/?page_id=1543\">Somme et diff\u00e9rence avec le m\u00eame d\u00e9nominateur<\/a><br \/>\n<\/span><\/strong><\/h2>\n<\/li>\n<li>\n<h2><strong><span style=\"color: #000000;\"><a style=\"color: #000000;\" href=\"http:\/\/mathsguyon.fr\/?page_id=1547\">Somme et diff\u00e9rence avec d\u00e9nominateurs multiples<\/a><\/span><\/strong><\/h2>\n<\/li>\n<li>\n<h2><strong><span style=\"color: #000000;\"><a style=\"color: #000000;\" href=\"http:\/\/mathsguyon.fr\/?page_id=1557\">Somme et diff\u00e9rence d&rsquo;entiers et de fractions<\/a><\/span><\/strong><\/h2>\n<\/li>\n<\/ol>\n<hr \/>\n<h2 style=\"text-align: center;\"><span style=\"color: #800000;\">Produit de fractions :<\/span><\/h2>\n<ol>\n<li>\n<h2><strong><span style=\"color: #000000;\"><a style=\"color: #000000;\" href=\"http:\/\/mathsguyon.fr\/?page_id=1513\">Produit \u00e9l\u00e9mentaires de fractions<\/a><\/span><\/strong><\/h2>\n<\/li>\n<li>\n<h2><strong><span style=\"color: #000000;\"><a style=\"color: #000000;\" href=\"http:\/\/mathsguyon.fr\/?page_id=1551\">Produits de fractions avec simplifications<\/a><\/span><\/strong><\/h2>\n<\/li>\n<li style=\"text-align: left;\">\n<h2><strong><span style=\"color: #000000;\"><a style=\"color: #000000;\" href=\"http:\/\/mathsguyon.fr\/?page_id=1564\">Fractions de fractions<\/a><br \/>\n<\/span><\/strong><\/h2>\n<\/li>\n<\/ol>\n<hr \/>\n<h2 style=\"text-align: center;\"><span style=\"color: #800000;\">Division de fractions :<\/span><\/h2>\n<h2 style=\"text-align: center;\">A venir<\/h2>\n<hr \/>\n<h2 style=\"text-align: center;\"><span style=\"color: #800000;\">Synth\u00e8se de calculs\u00a0 :<\/span><\/h2>\n<ol>\n<li style=\"text-align: left;\">\n<h2><span style=\"color: #800000;\"><strong><span style=\"color: #000000;\"><a style=\"color: #000000;\" href=\"http:\/\/mathsguyon.fr\/?page_id=1572\">Priorit\u00e9s avec les fractions<\/a><\/span><br \/>\n<\/strong><\/span><\/h2>\n<\/li>\n<\/ol>\n<hr \/>\n<h2 style=\"text-align: center;\"><span style=\"color: #800000;\">Probl\u00e8mes avec les fractions :<\/span><\/h2>\n<h2 style=\"text-align: center;\">A venir<\/h2>\n","protected":false},"excerpt":{"rendered":"<p>Voici la plupart des op\u00e9rations, strat\u00e9gies qu&rsquo;un coll\u00e9gien doit conna\u00eetre en fin de cycle 4, sur les calculs avec les fractions : Sommes et diff\u00e9rences de fractions : Somme et diff\u00e9rence avec le m\u00eame d\u00e9nominateur Somme et diff\u00e9rence avec d\u00e9nominateurs &hellip; <a href=\"https:\/\/mathsguyon.fr\/?page_id=1531\">Continuer la lecture <span class=\"meta-nav\">&rarr;<\/span><\/a><\/p>\n","protected":false},"author":1,"featured_media":0,"parent":874,"menu_order":0,"comment_status":"closed","ping_status":"closed","template":"","meta":{"footnotes":""},"class_list":["post-1531","page","type-page","status-publish","hentry"],"_links":{"self":[{"href":"https:\/\/mathsguyon.fr\/index.php?rest_route=\/wp\/v2\/pages\/1531","targetHints":{"allow":["GET"]}}],"collection":[{"href":"https:\/\/mathsguyon.fr\/index.php?rest_route=\/wp\/v2\/pages"}],"about":[{"href":"https:\/\/mathsguyon.fr\/index.php?rest_route=\/wp\/v2\/types\/page"}],"author":[{"embeddable":true,"href":"https:\/\/mathsguyon.fr\/index.php?rest_route=\/wp\/v2\/users\/1"}],"replies":[{"embeddable":true,"href":"https:\/\/mathsguyon.fr\/index.php?rest_route=%2Fwp%2Fv2%2Fcomments&post=1531"}],"version-history":[{"count":26,"href":"https:\/\/mathsguyon.fr\/index.php?rest_route=\/wp\/v2\/pages\/1531\/revisions"}],"predecessor-version":[{"id":1601,"href":"https:\/\/mathsguyon.fr\/index.php?rest_route=\/wp\/v2\/pages\/1531\/revisions\/1601"}],"up":[{"embeddable":true,"href":"https:\/\/mathsguyon.fr\/index.php?rest_route=\/wp\/v2\/pages\/874"}],"wp:attachment":[{"href":"https:\/\/mathsguyon.fr\/index.php?rest_route=%2Fwp%2Fv2%2Fmedia&parent=1531"}],"curies":[{"name":"wp","href":"https:\/\/api.w.org\/{rel}","templated":true}]}}