{"id":1338,"date":"2016-10-04T12:27:24","date_gmt":"2016-10-04T11:27:24","guid":{"rendered":"http:\/\/mathsguyon.fr\/?page_id=1338"},"modified":"2018-03-04T21:46:41","modified_gmt":"2018-03-04T20:46:41","slug":"second-degre","status":"publish","type":"page","link":"https:\/\/mathsguyon.fr\/?page_id=1338","title":{"rendered":"Second degr\u00e9"},"content":{"rendered":"<h1 style=\"text-align: center;\"><span style=\"color: #ff0000;\">Documents distribu\u00e9s en classe :<\/span><\/h1>\n<h2><strong><a href=\"http:\/\/mathsguyon.fr\/wp-content\/uploads\/2016\/09\/cours-\u00e0-trou.pdf\">Le cours \u00e0 trou<\/a><\/strong><\/h2>\n<h2><strong>Fiches exercices en pdf :<\/strong><\/h2>\n<ul>\n<li style=\"text-align: left;\">\n<h2>Second degr\u00e9\u00a0: \u00e9quations, factorisation et \u00e9tudes de signes :\u00a0 <a href=\"http:\/\/mathsguyon.fr\/wp-content\/uploads\/2016\/10\/TD1-1.pdf\">\u00e9nonc\u00e9<\/a><\/h2>\n<\/li>\n<li>\n<h2>Vers le second degr\u00e9 : <a href=\"http:\/\/mathsguyon.fr\/wp-content\/uploads\/2016\/10\/Vers-les-\u00e9quations-du-second-degr\u00e9.pdf\">\u00e9nonc\u00e9 <\/a>\u00a0\u00a0\u00a0\u00a0\u00a0 <a href=\"http:\/\/mathsguyon.fr\/wp-content\/uploads\/2016\/10\/Vers-les-\u00e9quations-du-second-degr\u00e9_corr2.pdf\">correction partielle<\/a><\/h2>\n<\/li>\n<li style=\"text-align: left;\">\n<h2>Application au second degr\u00e9 : <a href=\"http:\/\/mathsguyon.fr\/wp-content\/uploads\/2016\/10\/Applications-second-degr\u00e9.pdf\">\u00e9nonc\u00e9<\/a> \u00a0\u00a0\u00a0 <a href=\"http:\/\/mathsguyon.fr\/wp-content\/uploads\/2016\/10\/Applications-second-degr\u00e9_corr.pdf\">correction<\/a><span style=\"font-family: Comic Sans MS,cursive;\"><span style=\"font-size: large;\"><br \/>\n<\/span><\/span><\/h2>\n<\/li>\n<li style=\"text-align: left;\">Exercices 67 et 68p117 &#8211; <a href=\"http:\/\/mathsguyon.fr\/wp-content\/uploads\/2016\/10\/ex67et68p117.pdf\">ex67et68p117<\/a><\/li>\n<\/ul>\n<h1 style=\"text-align: center;\"><span style=\"color: #ff0000;\">Vid\u00e9os d&rsquo;accompagnement au cours :<\/span><\/h1>\n<h2><a href=\"https:\/\/youtube.com\/embed\/dbzzwCC4H3w\">Vid\u00e9o 1 :<\/a> Forme d\u00e9velopp\u00e9e<\/h2>\n<h2><a href=\"https:\/\/youtube.com\/embed\/ZosE0TonlHA\">Vid\u00e9o 2 :<\/a> Forme canonique<\/h2>\n<h2><a href=\"https:\/\/youtube.com\/embed\/bCT0mcVspJM\">Vid\u00e9o 3 :<\/a> Forme factoris\u00e9e<\/h2>\n<h2 style=\"text-align: center;\"><a href=\"https:\/\/goo.gl\/forms\/XlyHyp6JBSBJ5E4r2\">QCM bilan rappels de seconde<\/a><\/h2>\n<h2><a href=\"https:\/\/youtube.com\/embed\/zhLDrJqlOpY\">Vid\u00e9o 4<\/a> : Discriminant d&rsquo;une expression du second degr\u00e9<\/h2>\n<h2 style=\"text-align: center;\"><a href=\"https:\/\/goo.gl\/forms\/pe7rMYbERGKPJOvA2\">QCM Discriminant<\/a><\/h2>\n<h2><a href=\"https:\/\/youtube.com\/embed\/7Tjra3r1L4M\">Vid\u00e9o 5 <\/a>: Racines d&rsquo;une \u00e9quation du second degr\u00e9<\/h2>\n<h2><a href=\"https:\/\/youtube.com\/embed\/bjNk-5aFqk0\">Vid\u00e9o 6 :<\/a> R\u00e9soudre une \u00e9quation du second degr\u00e9<\/h2>\n<h2><a href=\"https:\/\/youtube.com\/embed\/-sjhFIUPILE\">Vid\u00e9o 7<\/a> : factoriser une expression du second degr\u00e9 (le cours)<\/h2>\n<h2><a href=\"https:\/\/youtube.com\/embed\/DQEE0NEP-V4\">Vid\u00e9o 8 <\/a>: factoriser une expression du second degr\u00e9 (exemple 1)<\/h2>\n<h2><a href=\"https:\/\/youtube.com\/embed\/K4S6ydJHpl8\">Vid\u00e9o 9<\/a> : factoriser une expression du second degr\u00e9 (exemple 2)<\/h2>\n<h2><a href=\"https:\/\/youtube.com\/embed\/CliwKgVx_dY\">Vid\u00e9o 10<\/a> : factoriser une expression du second degr\u00e9 (exemple 3)<\/h2>\n<h2><a href=\"https:\/\/youtube.com\/embed\/LMW3BRIfY-E\">Vid\u00e9o 11<\/a> : \u00c9tudier le signe d&rsquo;une expression du second degr\u00e9<\/h2>\n<p><span style=\"border-radius: 2px; text-indent: 20px; width: auto; padding: 0px 4px 0px 0px; text-align: center; font: bold 11px\/20px 'Helvetica Neue',Helvetica,sans-serif; color: #ffffff; background: #bd081c no-repeat scroll 3px 50% \/ 14px 14px; position: absolute; opacity: 1; z-index: 8675309; display: none; cursor: pointer;\">Enregistrer<\/span><\/p>\n<p><span style=\"border-radius: 2px; text-indent: 20px; width: auto; padding: 0px 4px 0px 0px; text-align: center; font: bold 11px\/20px 'Helvetica Neue',Helvetica,sans-serif; color: #ffffff; background: #bd081c no-repeat scroll 3px 50% \/ 14px 14px; position: absolute; opacity: 1; z-index: 8675309; display: none; cursor: pointer;\">Enregistrer<\/span><\/p>\n<p><span style=\"border-radius: 2px; text-indent: 20px; width: auto; padding: 0px 4px 0px 0px; text-align: center; font: bold 11px\/20px 'Helvetica Neue',Helvetica,sans-serif; color: #ffffff; background: #bd081c no-repeat scroll 3px 50% \/ 14px 14px; position: absolute; opacity: 1; z-index: 8675309; display: none; cursor: pointer;\">Enregistrer<\/span><\/p>\n","protected":false},"excerpt":{"rendered":"<p>Documents distribu\u00e9s en classe : Le cours \u00e0 trou Fiches exercices en pdf : Second degr\u00e9\u00a0: \u00e9quations, factorisation et \u00e9tudes de signes :\u00a0 \u00e9nonc\u00e9 Vers le second degr\u00e9 : \u00e9nonc\u00e9 \u00a0\u00a0\u00a0\u00a0\u00a0 correction partielle Application au second degr\u00e9 : \u00e9nonc\u00e9 \u00a0\u00a0\u00a0 &hellip; <a href=\"https:\/\/mathsguyon.fr\/?page_id=1338\">Continuer la lecture <span class=\"meta-nav\">&rarr;<\/span><\/a><\/p>\n","protected":false},"author":1,"featured_media":0,"parent":1097,"menu_order":0,"comment_status":"closed","ping_status":"closed","template":"","meta":{"footnotes":""},"class_list":["post-1338","page","type-page","status-publish","hentry"],"_links":{"self":[{"href":"https:\/\/mathsguyon.fr\/index.php?rest_route=\/wp\/v2\/pages\/1338","targetHints":{"allow":["GET"]}}],"collection":[{"href":"https:\/\/mathsguyon.fr\/index.php?rest_route=\/wp\/v2\/pages"}],"about":[{"href":"https:\/\/mathsguyon.fr\/index.php?rest_route=\/wp\/v2\/types\/page"}],"author":[{"embeddable":true,"href":"https:\/\/mathsguyon.fr\/index.php?rest_route=\/wp\/v2\/users\/1"}],"replies":[{"embeddable":true,"href":"https:\/\/mathsguyon.fr\/index.php?rest_route=%2Fwp%2Fv2%2Fcomments&post=1338"}],"version-history":[{"count":11,"href":"https:\/\/mathsguyon.fr\/index.php?rest_route=\/wp\/v2\/pages\/1338\/revisions"}],"predecessor-version":[{"id":2387,"href":"https:\/\/mathsguyon.fr\/index.php?rest_route=\/wp\/v2\/pages\/1338\/revisions\/2387"}],"up":[{"embeddable":true,"href":"https:\/\/mathsguyon.fr\/index.php?rest_route=\/wp\/v2\/pages\/1097"}],"wp:attachment":[{"href":"https:\/\/mathsguyon.fr\/index.php?rest_route=%2Fwp%2Fv2%2Fmedia&parent=1338"}],"curies":[{"name":"wp","href":"https:\/\/api.w.org\/{rel}","templated":true}]}}