{"id":1144,"date":"2016-09-10T11:35:52","date_gmt":"2016-09-10T10:35:52","guid":{"rendered":"http:\/\/mathsguyon.fr\/?page_id=1144"},"modified":"2023-10-03T14:09:59","modified_gmt":"2023-10-03T13:09:59","slug":"intervalle-de-r","status":"publish","type":"page","link":"https:\/\/mathsguyon.fr\/?page_id=1144","title":{"rendered":"Intervalles de R"},"content":{"rendered":"<h1 style=\"text-align: center;\"><span style=\"color: #ff0000;\"><span style=\"color: #800000;\">Documents :<\/span><br \/>\n<\/span><\/h1>\n<h2><a href=\"_wp_link_placeholder\" data-wplink-edit=\"true\">Cours en pdf<\/a><\/h2>\n<ul>\n<li style=\"text-align: left;\">\n<h2>Le Plan De Travail<span style=\"color: #000000;\"> \u00a0\u00a0\u00a0\u00a0\u00a0 \u00a0\u00a0\u00a0\u00a0\u00a0\u00a0\u00a0 <\/span><\/h2>\n<\/li>\n<li style=\"text-align: left;\">\n<h2><span style=\"color: #000000;\">Exercices compl\u00e9mentaires : <a href=\"http:\/\/mathsguyon.fr\/wp-content\/uploads\/2016\/09\/TD-intervalles2017.pdf\">Enonc\u00e9<\/a>&#8211; <a href=\"http:\/\/mathsguyon.fr\/wp-content\/uploads\/2016\/09\/TD-intervalles_corr-2.pdf\">Correction<\/a><br \/>\n<\/span><\/h2>\n<\/li>\n<\/ul>\n<h1 style=\"text-align: center;\"><span style=\"color: #800000;\"><strong>Vid\u00e9os d&rsquo;accompagnement au cours :<\/strong><\/span><\/h1>\n<ul>\n<li>\n<h2><a href=\"https:\/\/youtube.com\/embed\/4KoiGBrt9TA\">Vid\u00e9o 1<\/a>:\u00a0 La droite gradu\u00e9e<\/h2>\n<\/li>\n<li>\n<h2><a href=\"https:\/\/youtube.com\/embed\/NakhF1CUK74\">Vid\u00e9o 2 <\/a>: Les intervalles de $\\mathbb{R}$<\/h2>\n<h2 style=\"text-align: center;\"><span style=\"color: #ac0909;\"><b>Pour s&rsquo;\u00e9valuer :<\/b><\/span><br \/>\n<a href=\"https:\/\/link.dgpad.net\/uktt\" target=\"_blank\" rel=\"noopener\"> <b><span style=\"color: blue; font-size: x-large;\"> Acc\u00e8s avec indentifiants <\/span><\/b><\/a><br \/>\n<span id=\"MathJax-Element-40-Frame\" class=\"mjx-chtml MathJax_CHTML\" tabindex=\"0\" role=\"presentation\" data-mathml=\"&lt;math xmlns=&quot;http:\/\/www.w3.org\/1998\/Math\/MathML&quot;&gt;&lt;mspace width=&quot;1em&quot; \/&gt;&lt;\/math&gt;\"><span id=\"MJXc-Node-375\" class=\"mjx-math\" aria-hidden=\"true\"><span id=\"MJXc-Node-376\" class=\"mjx-mrow\"><span id=\"MJXc-Node-377\" class=\"mjx-mspace\"><\/span><\/span><\/span><\/span><a href=\"https:\/\/link.dgpad.net\/QaJn\" target=\"_blank\" rel=\"noopener\"> <b><span style=\"color: blue; font-size: x-large;\"> Acc\u00e8s sans indentifiants<br \/>\n<\/span><\/b><\/a><\/h2>\n<p><iframe loading=\"lazy\" src=\"https:\/\/coopmaths.fr\/mathalea.html?ex=2N11-1,n=4&amp;serie=ICSq&amp;v=e\" width=\"860\" height=\"415\" frameborder=\"0\"><br \/>\n<\/iframe><\/li>\n<li>\n<h2><a href=\"https:\/\/youtube.com\/embed\/KFLrQMISWDQ\">Vid\u00e9o 3<\/a> : Union et Intersection<\/h2>\n<\/li>\n<\/ul>\n<h2 style=\"text-align: center;\"><span style=\"color: #ac0909;\"><b>Pour s&rsquo;\u00e9valuer :<\/b><\/span><br \/>\n<a href=\"https:\/\/link.dgpad.net\/BUvX\" target=\"_blank\" rel=\"noopener\"> <b><span style=\"color: blue; font-size: x-large;\"> Acc\u00e8s avec indentifiants <\/span><\/b><\/a><br \/>\n<span id=\"MathJax-Element-61-Frame\" class=\"mjx-chtml MathJax_CHTML\" tabindex=\"0\" role=\"presentation\" data-mathml=\"&lt;math xmlns=&quot;http:\/\/www.w3.org\/1998\/Math\/MathML&quot;&gt;&lt;mspace width=&quot;1em&quot; \/&gt;&lt;\/math&gt;\"><span id=\"MJXc-Node-530\" class=\"mjx-math\" aria-hidden=\"true\"><span id=\"MJXc-Node-531\" class=\"mjx-mrow\"><span id=\"MJXc-Node-532\" class=\"mjx-mspace\"><\/span><\/span><\/span><\/span><a href=\"https:\/\/link.dgpad.net\/2nGz\" target=\"_blank\" rel=\"noopener\"> <b><span style=\"color: blue; font-size: x-large;\"> Acc\u00e8s sans indentifiants <\/span><\/b><\/a><\/h2>\n<p><iframe loading=\"lazy\" src=\"https:\/\/coopmaths.fr\/mathalea.html?ex=2N11-2,n=4&amp;serie=ICSq&amp;v=e\" width=\"860\" height=\"415\" frameborder=\"0\"><br \/>\n<\/iframe><\/p>\n","protected":false},"excerpt":{"rendered":"<p>Documents : Cours en pdf Le Plan De Travail \u00a0\u00a0\u00a0\u00a0\u00a0 \u00a0\u00a0\u00a0\u00a0\u00a0\u00a0\u00a0 Exercices compl\u00e9mentaires : Enonc\u00e9&#8211; Correction Vid\u00e9os d&rsquo;accompagnement au cours : Vid\u00e9o 1:\u00a0 La droite gradu\u00e9e Vid\u00e9o 2 : Les intervalles de $\\mathbb{R}$ Pour s&rsquo;\u00e9valuer : Acc\u00e8s avec indentifiants Acc\u00e8s &hellip; <a href=\"https:\/\/mathsguyon.fr\/?page_id=1144\">Continuer la lecture <span class=\"meta-nav\">&rarr;<\/span><\/a><\/p>\n","protected":false},"author":1,"featured_media":0,"parent":21,"menu_order":0,"comment_status":"closed","ping_status":"closed","template":"","meta":{"footnotes":""},"class_list":["post-1144","page","type-page","status-publish","hentry"],"_links":{"self":[{"href":"https:\/\/mathsguyon.fr\/index.php?rest_route=\/wp\/v2\/pages\/1144","targetHints":{"allow":["GET"]}}],"collection":[{"href":"https:\/\/mathsguyon.fr\/index.php?rest_route=\/wp\/v2\/pages"}],"about":[{"href":"https:\/\/mathsguyon.fr\/index.php?rest_route=\/wp\/v2\/types\/page"}],"author":[{"embeddable":true,"href":"https:\/\/mathsguyon.fr\/index.php?rest_route=\/wp\/v2\/users\/1"}],"replies":[{"embeddable":true,"href":"https:\/\/mathsguyon.fr\/index.php?rest_route=%2Fwp%2Fv2%2Fcomments&post=1144"}],"version-history":[{"count":32,"href":"https:\/\/mathsguyon.fr\/index.php?rest_route=\/wp\/v2\/pages\/1144\/revisions"}],"predecessor-version":[{"id":9351,"href":"https:\/\/mathsguyon.fr\/index.php?rest_route=\/wp\/v2\/pages\/1144\/revisions\/9351"}],"up":[{"embeddable":true,"href":"https:\/\/mathsguyon.fr\/index.php?rest_route=\/wp\/v2\/pages\/21"}],"wp:attachment":[{"href":"https:\/\/mathsguyon.fr\/index.php?rest_route=%2Fwp%2Fv2%2Fmedia&parent=1144"}],"curies":[{"name":"wp","href":"https:\/\/api.w.org\/{rel}","templated":true}]}}