{"id":1104,"date":"2016-09-05T14:56:28","date_gmt":"2016-09-05T13:56:28","guid":{"rendered":"http:\/\/mathsguyon.fr\/?page_id=1104"},"modified":"2019-09-04T21:01:10","modified_gmt":"2019-09-04T20:01:10","slug":"1ere-esl","status":"publish","type":"page","link":"https:\/\/mathsguyon.fr\/?page_id=1104","title":{"rendered":"1\u00e8re Sp\u00e9 Maths"},"content":{"rendered":"<h2 style=\"text-align: center;\"><span style=\"color: #800000;\">Cours\/Vid\u00e9os par chapitre :<\/span><\/h2>\n<ul>\n<li>\n<h2><span style=\"color: #000000;\"><a style=\"color: #000000;\" href=\"http:\/\/mathsguyon.fr\/?page_id=6040\">G\u00e9n\u00e9ralit\u00e9s avec les fonctions<\/a><\/span><\/h2>\n<\/li>\n<li>\n<h2><span style=\"color: #000000;\"><a style=\"color: #000000;\" href=\"http:\/\/mathsguyon.fr\/?page_id=1083\">Le Second degr\u00e9<\/a><\/span><\/h2>\n<\/li>\n<li>\n<h2><span style=\"color: #000000;\"><a style=\"color: #000000;\" href=\"http:\/\/mathsguyon.fr\/?page_id=2139\">D\u00e9rivation<\/a><\/span><\/h2>\n<\/li>\n<li>\n<h2><a href=\"http:\/\/mathsguyon.fr\/?page_id=2599\"><span style=\"color: #000000;\">Suites num\u00e9riques<\/span><\/a><\/h2>\n<\/li>\n<li>\n<h2><a href=\"http:\/\/mathsguyon.fr\/?page_id=4836\">Exponentielle<\/a><\/h2>\n<\/li>\n<li>Produit scalaire<\/li>\n<li>\n<h2><a href=\"http:\/\/mathsguyon.fr\/?page_id=4328\">Probabilit\u00e9s conditionnelles<\/a><\/h2>\n<\/li>\n<li>\n<h2><a href=\"http:\/\/mathsguyon.fr\/?page_id=2995\">Variables al\u00e9atoires<\/a><\/h2>\n<\/li>\n<\/ul>\n<h2 style=\"text-align: center;\"><\/h2>\n<p>&nbsp;<\/p>\n","protected":false},"excerpt":{"rendered":"<p>Cours\/Vid\u00e9os par chapitre : G\u00e9n\u00e9ralit\u00e9s avec les fonctions Le Second degr\u00e9 D\u00e9rivation Suites num\u00e9riques Exponentielle Produit scalaire Probabilit\u00e9s conditionnelles Variables al\u00e9atoires &nbsp;<\/p>\n","protected":false},"author":1,"featured_media":0,"parent":7,"menu_order":0,"comment_status":"closed","ping_status":"closed","template":"","meta":{"footnotes":""},"class_list":["post-1104","page","type-page","status-publish","hentry"],"_links":{"self":[{"href":"https:\/\/mathsguyon.fr\/index.php?rest_route=\/wp\/v2\/pages\/1104","targetHints":{"allow":["GET"]}}],"collection":[{"href":"https:\/\/mathsguyon.fr\/index.php?rest_route=\/wp\/v2\/pages"}],"about":[{"href":"https:\/\/mathsguyon.fr\/index.php?rest_route=\/wp\/v2\/types\/page"}],"author":[{"embeddable":true,"href":"https:\/\/mathsguyon.fr\/index.php?rest_route=\/wp\/v2\/users\/1"}],"replies":[{"embeddable":true,"href":"https:\/\/mathsguyon.fr\/index.php?rest_route=%2Fwp%2Fv2%2Fcomments&post=1104"}],"version-history":[{"count":31,"href":"https:\/\/mathsguyon.fr\/index.php?rest_route=\/wp\/v2\/pages\/1104\/revisions"}],"predecessor-version":[{"id":6043,"href":"https:\/\/mathsguyon.fr\/index.php?rest_route=\/wp\/v2\/pages\/1104\/revisions\/6043"}],"up":[{"embeddable":true,"href":"https:\/\/mathsguyon.fr\/index.php?rest_route=\/wp\/v2\/pages\/7"}],"wp:attachment":[{"href":"https:\/\/mathsguyon.fr\/index.php?rest_route=%2Fwp%2Fv2%2Fmedia&parent=1104"}],"curies":[{"name":"wp","href":"https:\/\/api.w.org\/{rel}","templated":true}]}}