{"id":1097,"date":"2016-09-05T14:42:45","date_gmt":"2016-09-05T13:42:45","guid":{"rendered":"http:\/\/mathsguyon.fr\/?page_id=1097"},"modified":"2018-03-04T21:46:41","modified_gmt":"2018-03-04T20:46:41","slug":"1ere-stmg","status":"publish","type":"page","link":"https:\/\/mathsguyon.fr\/?page_id=1097","title":{"rendered":"1\u00e8re STMG"},"content":{"rendered":"<h2 style=\"text-align: center;\"><span style=\"color: #800000;\">Chapitres :<\/span><\/h2>\n<h2 style=\"text-align: center;\"><a href=\"http:\/\/eduscol.education.fr\/ecogest\/enseignements\/ecogest\/im_ecogest\/9-stmg-maths.pdf\">Programme officiel<\/a><\/h2>\n<ul>\n<li>\n<h2><span style=\"color: #000000;\"><a style=\"color: #000000;\" href=\"http:\/\/mathsguyon.fr\/?page_id=1100\">Proportions<\/a><\/span><\/h2>\n<\/li>\n<li>\n<h2><span style=\"color: #000000;\"><a style=\"color: #000000;\" href=\"http:\/\/mathsguyon.fr\/?page_id=1225\">\u00c9volutions en pourcentage<\/a><\/span><\/h2>\n<\/li>\n<li>\n<h2><span style=\"color: #000000;\"><a style=\"color: #000000;\" href=\"http:\/\/mathsguyon.fr\/?page_id=1338\">Le second degr\u00e9<\/a><\/span><\/h2>\n<\/li>\n<li>\n<h2><span style=\"color: #000000;\"><a style=\"color: #000000;\" href=\"http:\/\/mathsguyon.fr\/?page_id=2391\">D\u00e9rivation<\/a><\/span><\/h2>\n<\/li>\n<li>\n<h2><span style=\"color: #000000;\"><a style=\"color: #000000;\" href=\"http:\/\/mathsguyon.fr\/?page_id=2645\">Suites Num\u00e9riques<\/a><\/span><\/h2>\n<\/li>\n<li>\n<h2><span style=\"color: #000000;\"><a style=\"color: #000000;\" href=\"http:\/\/mathsguyon.fr\/?page_id=2926\">Probabilit\u00e9s<\/a><\/span><\/h2>\n<\/li>\n<li>\n<h2><a href=\"http:\/\/mathsguyon.fr\/?page_id=3278\">Statistiques<\/a><\/h2>\n<\/li>\n<\/ul>\n<p>&nbsp;<\/p>\n<h2 style=\"text-align: center;\"><span style=\"color: #800000;\">Devoirs surveill\u00e9s :<\/span><\/h2>\n<ol>\n<li>\n<h3>DS n\u00b01 : 30\/09\/16 : Proportions et pourcentages &#8211; <a href=\"http:\/\/mathsguyon.fr\/wp-content\/uploads\/2016\/10\/DS1.pdf\">Enonc\u00e9<\/a>&#8211; <a href=\"http:\/\/mathsguyon.fr\/wp-content\/uploads\/2016\/10\/DS1_corr.pdf\">Corrig\u00e9<\/a><\/h3>\n<\/li>\n<li>\n<h3>DM n\u00b01 : 10\/10\/16 : Tableur et pourcentage :\u00a0 <a href=\"http:\/\/mathsguyon.fr\/wp-content\/uploads\/2016\/10\/TP-tableur2.pdf\">Enonc\u00e9<\/a><\/h3>\n<\/li>\n<li>\n<h3>DS n\u00b02 : 11\/10\/16 : \u00c9volutions et pourcentages <a href=\"http:\/\/mathsguyon.fr\/wp-content\/uploads\/2016\/09\/DS2.pdf\">Enonc\u00e9<\/a> \u00a0 <a href=\"http:\/\/mathsguyon.fr\/wp-content\/uploads\/2016\/09\/DS2_corr.pdf\">Corrig\u00e9<\/a><\/h3>\n<\/li>\n<li>\n<h3>DS n\u00b03: 18\/10\/16 : \u00c9volutions et rappels second degr\u00e9 : \u00a0 <a href=\"http:\/\/mathsguyon.fr\/wp-content\/uploads\/2016\/09\/DS3.pdf\">Enonc\u00e9<\/a><\/h3>\n<\/li>\n<li>\n<h3>DM n\u00b02 : \u00c9volutions : <a href=\"http:\/\/mathsguyon.fr\/wp-content\/uploads\/2016\/09\/DM_evolution.pdf\">Enonc\u00e9<\/a> \u00a0 \u00a0 \u00a0 <a href=\"http:\/\/mathsguyon.fr\/wp-content\/uploads\/2016\/09\/DM_evolution_corr.pdf\">Corrig\u00e9<\/a><\/h3>\n<\/li>\n<li>\n<h3>DS n\u00b04 : 29\/11\/16 : Second degr\u00e9 : <a href=\"http:\/\/mathsguyon.fr\/wp-content\/uploads\/2016\/09\/DS4.pdf\">Enonc\u00e9<\/a>\u00a0\u00a0\u00a0\u00a0 <a href=\"http:\/\/mathsguyon.fr\/wp-content\/uploads\/2016\/09\/DS4_corr.pdf\">Corrig\u00e9<\/a><\/h3>\n<\/li>\n<li>\n<h3>DS n\u00b05 : 24\/01\/17 : Second degr\u00e9 et D\u00e9rivation : <a href=\"http:\/\/mathsguyon.fr\/wp-content\/uploads\/2016\/09\/DS-5.pdf\">Enonc\u00e9<\/a><\/h3>\n<\/li>\n<li>\n<h3>DS n\u00b06 : 20\/02\/17 : D\u00e9rivation :<a href=\"http:\/\/mathsguyon.fr\/wp-content\/uploads\/2016\/09\/DS6.pdf\">Enonc\u00e9<\/a><\/h3>\n<\/li>\n<li>\n<h3>DS n\u00b07 :02\/03\/17 : D\u00e9rivation et suites num\u00e9riques : <a href=\"http:\/\/mathsguyon.fr\/wp-content\/uploads\/2016\/09\/DS-7.pdf\">Enonc\u00e9<\/a><\/h3>\n<ul>\n<li>\n<h3>Correction :<\/h3>\n<ul>\n<li>\n<h3>exercice 1 : <a href=\"https:\/\/youtube.com\/embed\/U66zJX4oilQ\">question 1<\/a> &#8211; <a href=\"https:\/\/youtube.com\/embed\/R2jLPmyOvoo\">question 2<\/a> &#8211; <a href=\"https:\/\/youtube.com\/embed\/7FPd4SKKmBU\">question 3<\/a><\/h3>\n<\/li>\n<li>\n<h3>exercice 2 : <a href=\"https:\/\/youtube.com\/embed\/TnrGNv_8te4\">sens de variation d&rsquo;une suite<\/a><\/h3>\n<\/li>\n<li>\n<h3>Exercice 3 : <a href=\"https:\/\/youtube.com\/embed\/-oSpwws7k7A\">Variations de polyn\u00f4me de degr\u00e9 3<\/a><\/h3>\n<\/li>\n<\/ul>\n<\/li>\n<\/ul>\n<\/li>\n<\/ol>\n<h2 style=\"text-align: center;\"><span style=\"color: #800000;\"><a href=\"http:\/\/mathsguyon.fr\/?page_id=1373\">Cahier de texte en ligne<\/a> :<\/span><\/h2>\n","protected":false},"excerpt":{"rendered":"<p>Chapitres : Programme officiel Proportions \u00c9volutions en pourcentage Le second degr\u00e9 D\u00e9rivation Suites Num\u00e9riques Probabilit\u00e9s Statistiques &nbsp; Devoirs surveill\u00e9s : DS n\u00b01 : 30\/09\/16 : Proportions et pourcentages &#8211; Enonc\u00e9&#8211; Corrig\u00e9 DM n\u00b01 : 10\/10\/16 : Tableur et pourcentage :\u00a0 &hellip; <a href=\"https:\/\/mathsguyon.fr\/?page_id=1097\">Continuer la lecture <span class=\"meta-nav\">&rarr;<\/span><\/a><\/p>\n","protected":false},"author":1,"featured_media":0,"parent":7,"menu_order":0,"comment_status":"closed","ping_status":"closed","template":"","meta":{"footnotes":""},"class_list":["post-1097","page","type-page","status-publish","hentry"],"_links":{"self":[{"href":"https:\/\/mathsguyon.fr\/index.php?rest_route=\/wp\/v2\/pages\/1097","targetHints":{"allow":["GET"]}}],"collection":[{"href":"https:\/\/mathsguyon.fr\/index.php?rest_route=\/wp\/v2\/pages"}],"about":[{"href":"https:\/\/mathsguyon.fr\/index.php?rest_route=\/wp\/v2\/types\/page"}],"author":[{"embeddable":true,"href":"https:\/\/mathsguyon.fr\/index.php?rest_route=\/wp\/v2\/users\/1"}],"replies":[{"embeddable":true,"href":"https:\/\/mathsguyon.fr\/index.php?rest_route=%2Fwp%2Fv2%2Fcomments&post=1097"}],"version-history":[{"count":21,"href":"https:\/\/mathsguyon.fr\/index.php?rest_route=\/wp\/v2\/pages\/1097\/revisions"}],"predecessor-version":[{"id":3280,"href":"https:\/\/mathsguyon.fr\/index.php?rest_route=\/wp\/v2\/pages\/1097\/revisions\/3280"}],"up":[{"embeddable":true,"href":"https:\/\/mathsguyon.fr\/index.php?rest_route=\/wp\/v2\/pages\/7"}],"wp:attachment":[{"href":"https:\/\/mathsguyon.fr\/index.php?rest_route=%2Fwp%2Fv2%2Fmedia&parent=1097"}],"curies":[{"name":"wp","href":"https:\/\/api.w.org\/{rel}","templated":true}]}}