{"id":1087,"date":"2016-09-04T22:19:43","date_gmt":"2016-09-04T21:19:43","guid":{"rendered":"http:\/\/mathsguyon.fr\/?page_id=1087"},"modified":"2024-12-27T17:44:59","modified_gmt":"2024-12-27T16:44:59","slug":"intervalles-de-r-et-notion-de-fonction","status":"publish","type":"page","link":"https:\/\/mathsguyon.fr\/?page_id=1087","title":{"rendered":"Notion de fonction"},"content":{"rendered":"<h2 style=\"text-align: center;\"><a href=\"http:\/\/mathsguyon.fr\/wp-content\/uploads\/2023\/12\/Cours_fonctions_2023.pdf\">Cours en pdf<\/a><\/h2>\n<h2 style=\"text-align: center;\"><a href=\"http:\/\/mathsguyon.fr\/wp-content\/uploads\/2023\/12\/PDT_2023-1.pdf\">Plan de travail rappels 3eme avec correction<\/a><\/h2>\n<h2 style=\"text-align: center;\"><a href=\"http:\/\/mathsguyon.fr\/wp-content\/uploads\/2023\/12\/PDT_2emepartie.pdf\">Plan de travail seconde avec correction partielle<\/a><\/h2>\n<h2 style=\"text-align: center;\"><a href=\"http:\/\/mathsguyon.fr\/wp-content\/uploads\/2022\/12\/eval-formative.pdf\">\u00c9valuation formative r\u00e9solutions graphiques<\/a><\/h2>\n<h1 style=\"text-align: center;\"><span style=\"color: #800000;\"><strong>Vid\u00e9os d&rsquo;accompagnement du cours :<\/strong><\/span><\/h1>\n<h2 style=\"text-align: left;\"><a href=\"https:\/\/youtube.com\/embed\/AT9PGBnm4Ac?rel=0\" target=\"_blank\" rel=\"noopener\">Vid\u00e9o 1 :<\/a>\u00a0 Premi\u00e8re d\u00e9finition +<a href=\"https:\/\/link.dgpad.net\/M3JA\" target=\"_blank\" rel=\"noopener\"> QCM n\u00b01<\/a><\/h2>\n<h2><a href=\"https:\/\/youtube.com\/embed\/M8BtBjMYV_8?rel=0\" target=\"_blank\" rel=\"noopener\">Vid\u00e9o 2<\/a> : Notations<\/h2>\n<h2><a href=\"https:\/\/youtube.com\/embed\/5DRVLC88Op0?rel=0\" target=\"_blank\" rel=\"noopener\">Vid\u00e9o 3<\/a> : Application +\u00a0<a href=\"https:\/\/link.dgpad.net\/Sxqb\" target=\"_blank\" rel=\"noopener\">QCM n\u00b02<\/a><\/h2>\n<h2><a href=\"https:\/\/youtube.com\/embed\/jJrXiQvy5Lk?rel=0\" target=\"_blank\" rel=\"noopener\">Vid\u00e9o 4<\/a> : D\u00e9finition<\/h2>\n<h2><a href=\"https:\/\/youtube.com\/embed\/K9k1HvdEPUg?rel=0\">Vid\u00e9o 5<\/a> : Application + <a href=\"https:\/\/link.dgpad.net\/dJKW\">QCM n\u00b03<\/a><\/h2>\n<h2><a href=\"https:\/\/youtube.com\/embed\/iytI-rtKNwI?rel=0\">Vid\u00e9o 6<\/a> : Domaine de d\u00e9finition<\/h2>\n<h2><a href=\"https:\/\/youtube.com\/embed\/sh2Xa2GrVrc?rel=0\">Vid\u00e9o 7<\/a> : Exercice 1<\/h2>\n<h2><a href=\"https:\/\/youtube.com\/embed\/XC3qMbBoJKc?rel=0\">Vid\u00e9o 8<\/a> :Exercice 2 + <a href=\"https:\/\/link.dgpad.net\/jtxD\">QCM n\u00b04<\/a><\/h2>\n<h2><a href=\"https:\/\/youtube.com\/embed\/9vn4Kvo-ACE\">Vid\u00e9o 9 :<\/a> Image d&rsquo;une fonction par lecture graphique ou avec un tableau + <a href=\"https:\/\/coopmaths.fr\/mathalea.html?ex=3F10,i=1&amp;serie=mLLD&amp;z=1\" target=\"_blank\" rel=\"noopener\">QCM n\u00b05<\/a><\/h2>\n<h2><a href=\"https:\/\/youtube.com\/embed\/yyZEz2i-xRM\">Vid\u00e9o 10 : <\/a>D\u00e9terminer l&rsquo;image d&rsquo;un nombre par une fonction donn\u00e9e par une formule. + <a href=\"https:\/\/coopmaths.fr\/mathalea.html?ex=3F12-2,s=5,n=4,i=1&amp;v=l\" target=\"_blank\" rel=\"noopener\">QCM n\u00b06<\/a><\/h2>\n<h2><a href=\"https:\/\/youtube.com\/embed\/K1_-FGMN3n8\">Vid\u00e9o 11:<\/a> D\u00e9terminer des ant\u00e9c\u00e9dents d&rsquo;un nombre par tableau ou lecture graphique. + <a href=\"https:\/\/coopmaths.fr\/mathalea.html?ex=3F12-4,s=3,i=1&amp;v=l\" target=\"_blank\" rel=\"noopener\">QCM n\u00b07<\/a><\/h2>\n<h2><a href=\"https:\/\/youtube.com\/embed\/2iDJxbqiPik\">Vid\u00e9o 12<\/a> : Rechercher des ant\u00e9c\u00e9dents par une fonction d\u00e9finie par une formule<\/h2>\n<h2><a href=\"https:\/\/youtube.com\/embed\/S3RMnmgAZjc\">Vid\u00e9o 13<\/a> : R\u00e9soudre graphiquement une \u00e9quation du type $ f(x) = k$<\/h2>\n<h2><a href=\"https:\/\/youtube.com\/embed\/yMhZIYWx3VI\">Vid\u00e9o 14 <\/a>: R\u00e9soudre graphiquement une in\u00e9quation<\/h2>\n<h2><a href=\"https:\/\/youtube.com\/embed\/FFiFcMzY5YM\">Vid\u00e9o 15<\/a> : Fonction paires et impaire<\/h2>\n<h1 style=\"text-align: center;\"><strong><span style=\"color: #800000;\">Travailler seul\/R\u00e9viser<\/span><\/strong><\/h1>\n<h2 style=\"text-align: center;\">\u00a0<a href=\"https:\/\/www.dropbox.com\/s\/crmywdpezeraa9d\/PDT%20fonctions%20paire.pdf?dl=0\">Exercices<\/a><a href=\"https:\/\/www.dropbox.com\/s\/crmywdpezeraa9d\/PDT%20fonctions%20paire.pdf?dl=0\"> corrig\u00e9s sur les fonctions paires et impaires<\/a><\/h2>\n<h2 style=\"text-align: center;\"><a href=\"https:\/\/coopmaths.fr\/mathalea.html?ex=3F10,i=1&amp;ex=3F10-2,s=2,s2=2,n=3,cd=0,i=1&amp;ex=3F12-2,s=5,n=2,i=1&amp;ex=3F12-4,s=3,i=1&amp;ex=3F13-1,i=1&amp;serie=infa&amp;v=can&amp;z=1\">S&rsquo;entra\u00eener avec mathalea<\/a><\/h2>\n<h2 style=\"text-align: center;\"><a href=\"https:\/\/coopmaths.fr\/mathalea.html?ex=3F10,i=1&amp;ex=3F10-1,s=2,n=3,cd=0,i=1&amp;ex=3F10-2,s=2,s2=false,n=3,cd=0,i=1&amp;ex=3F12-2,s=5,n=3,i=1&amp;ex=3F12-3,s=5,n=1,cd=1,i=1&amp;ex=3F12-4,s=3,i=1&amp;ex=3F13-1,i=1&amp;v=l\" target=\"_blank\" rel=\"noopener\">S&rsquo;\u00e9valuer sur les bases avec mathalea<\/a><\/h2>\n","protected":false},"excerpt":{"rendered":"<p>Cours en pdf Plan de travail rappels 3eme avec correction Plan de travail seconde avec correction partielle \u00c9valuation formative r\u00e9solutions graphiques Vid\u00e9os d&rsquo;accompagnement du cours : Vid\u00e9o 1 :\u00a0 Premi\u00e8re d\u00e9finition + QCM n\u00b01 Vid\u00e9o 2 : Notations Vid\u00e9o 3 &hellip; <a href=\"https:\/\/mathsguyon.fr\/?page_id=1087\">Continuer la lecture <span class=\"meta-nav\">&rarr;<\/span><\/a><\/p>\n","protected":false},"author":1,"featured_media":0,"parent":21,"menu_order":0,"comment_status":"closed","ping_status":"closed","template":"","meta":{"footnotes":""},"class_list":["post-1087","page","type-page","status-publish","hentry"],"_links":{"self":[{"href":"https:\/\/mathsguyon.fr\/index.php?rest_route=\/wp\/v2\/pages\/1087","targetHints":{"allow":["GET"]}}],"collection":[{"href":"https:\/\/mathsguyon.fr\/index.php?rest_route=\/wp\/v2\/pages"}],"about":[{"href":"https:\/\/mathsguyon.fr\/index.php?rest_route=\/wp\/v2\/types\/page"}],"author":[{"embeddable":true,"href":"https:\/\/mathsguyon.fr\/index.php?rest_route=\/wp\/v2\/users\/1"}],"replies":[{"embeddable":true,"href":"https:\/\/mathsguyon.fr\/index.php?rest_route=%2Fwp%2Fv2%2Fcomments&post=1087"}],"version-history":[{"count":80,"href":"https:\/\/mathsguyon.fr\/index.php?rest_route=\/wp\/v2\/pages\/1087\/revisions"}],"predecessor-version":[{"id":10194,"href":"https:\/\/mathsguyon.fr\/index.php?rest_route=\/wp\/v2\/pages\/1087\/revisions\/10194"}],"up":[{"embeddable":true,"href":"https:\/\/mathsguyon.fr\/index.php?rest_route=\/wp\/v2\/pages\/21"}],"wp:attachment":[{"href":"https:\/\/mathsguyon.fr\/index.php?rest_route=%2Fwp%2Fv2%2Fmedia&parent=1087"}],"curies":[{"name":"wp","href":"https:\/\/api.w.org\/{rel}","templated":true}]}}