{"id":1083,"date":"2016-09-02T13:41:44","date_gmt":"2016-09-02T12:41:44","guid":{"rendered":"http:\/\/mathsguyon.fr\/?page_id=1083"},"modified":"2019-09-16T16:45:19","modified_gmt":"2019-09-16T15:45:19","slug":"second-degre","status":"publish","type":"page","link":"https:\/\/mathsguyon.fr\/?page_id=1083","title":{"rendered":"Second degr\u00e9 1ES"},"content":{"rendered":"<hr \/>\n<h1 style=\"text-align: center;\"><a href=\"https:\/\/www.wooclap.com\/STAGE1ERE\">QCM du stage<\/a><\/h1>\n<hr \/>\n<h1 style=\"text-align: center;\"><span style=\"color: #800000;\">Documents en pdf : <\/span><\/h1>\n<h2 style=\"text-align: center;\"><a href=\"http:\/\/mathsguyon.fr\/wp-content\/uploads\/2016\/09\/cours-\u00e0-trou.pdf\">Cours \u00e0 trou<\/a>\u00a0\u00a0\u00a0\u00a0\u00a0\u00a0\u00a0\u00a0\u00a0\u00a0<a href=\"http:\/\/mathsguyon.fr\/wp-content\/uploads\/2016\/09\/PDT_second_degre3.pdf\">Plan De Travail<\/a><\/h2>\n<h2 style=\"text-align: center;\">Correction exos : <a href=\"http:\/\/mathsguyon.fr\/wp-content\/uploads\/2016\/09\/exo1-a-6_corr.pdf\">1 \u00e0 6<\/a>\u00a0\u00a0<a href=\"http:\/\/mathsguyon.fr\/wp-content\/uploads\/2016\/09\/exo7-8_1ESL.pdf\"> 7-8<\/a> &#8211; <a href=\"http:\/\/mathsguyon.fr\/wp-content\/uploads\/2016\/09\/correction-ex-18.pdf\">18<\/a> &#8211;<a href=\"http:\/\/mathsguyon.fr\/wp-content\/uploads\/2016\/09\/correction-ex-19.pdf\"> 19<\/a> &#8211; <a href=\"http:\/\/mathsguyon.fr\/wp-content\/uploads\/2016\/09\/correction-ex-21_2.pdf\"> 21-2<\/a> &#8211;\u00a0<a href=\"http:\/\/mathsguyon.fr\/wp-content\/uploads\/2016\/09\/correction-ex-21_3.pdf\"> 21_3<\/a><\/h2>\n<h2 style=\"text-align: center;\"><a href=\"http:\/\/mathsguyon.fr\/wp-content\/uploads\/2016\/09\/correction-ex-27_2.pdf\">ex 27<\/a> &#8211; \u00a0<a href=\"http:\/\/mathsguyon.fr\/wp-content\/uploads\/2016\/09\/correction-ex-28.pdf\"> ex 28<\/a><\/h2>\n<hr \/>\n<h1 style=\"text-align: center;\"><span style=\"color: #ff0000;\"><strong><span style=\"color: #800000;\">Vid\u00e9os d&rsquo;accompagnement au cours :<\/span><\/strong><\/span><\/h1>\n<h2 style=\"text-align: left;\"><a href=\"https:\/\/youtube.com\/embed\/dbzzwCC4H3w\">Vid\u00e9o 1 :<\/a> Forme d\u00e9velopp\u00e9e<\/h2>\n<h2><a href=\"https:\/\/youtube.com\/embed\/ZosE0TonlHA\">Vid\u00e9o 2 :<\/a> Forme canonique<\/h2>\n<h2><a href=\"https:\/\/youtube.com\/embed\/bCT0mcVspJM\">Vid\u00e9o 3 :<\/a> Forme factoris\u00e9e<\/h2>\n<h2 style=\"text-align: center;\"><a href=\"https:\/\/goo.gl\/forms\/XlyHyp6JBSBJ5E4r2\"><strong><span style=\"color: #800000;\">QCM bilan rappels de seconde<\/span><\/strong><\/a><\/h2>\n<p style=\"text-align: center;\">Page de rappels de seconde pour reprendre les bases<\/p>\n<h2><a href=\"https:\/\/youtube.com\/embed\/zhLDrJqlOpY\">Vid\u00e9o 4<\/a> : Discriminant d&rsquo;une expression du second degr\u00e9<\/h2>\n<h2 style=\"text-align: center;\"><span style=\"color: #800000;\"><strong><a href=\"https:\/\/goo.gl\/forms\/pe7rMYbERGKPJOvA2\">QCM Discriminant<\/a><\/strong><\/span><\/h2>\n<h2><a href=\"https:\/\/youtube.com\/embed\/7Tjra3r1L4M\">Vid\u00e9o 5 <\/a>: Solutions d&rsquo;une \u00e9quation du second degr\u00e9<\/h2>\n<h2 style=\"text-align: center;\"><\/h2>\n<h2><a href=\"https:\/\/youtube.com\/embed\/bjNk-5aFqk0\">Vid\u00e9o 6 :<\/a> R\u00e9soudre une \u00e9quation du second degr\u00e9<\/h2>\n<h2 style=\"text-align: center;\"><a href=\"https:\/\/goo.gl\/forms\/IGIxI11lSZcIZbpP2\">QCM solutions d&rsquo;une \u00e9quations<\/a><\/h2>\n<h2><a href=\"https:\/\/youtube.com\/embed\/-sjhFIUPILE\">Vid\u00e9o 7<\/a> : factoriser une expression du second degr\u00e9 (le cours)<\/h2>\n<h2><a href=\"https:\/\/youtube.com\/embed\/DQEE0NEP-V4\">Vid\u00e9o 8 <\/a>: factoriser une expression du second degr\u00e9 (exemple 1)<\/h2>\n<h2><a href=\"https:\/\/youtube.com\/embed\/K4S6ydJHpl8\">Vid\u00e9o 9<\/a> : factoriser une expression du second degr\u00e9 (exemple 2)<\/h2>\n<h2><a href=\"https:\/\/youtube.com\/embed\/CliwKgVx_dY\">Vid\u00e9o 10<\/a> : factoriser une expression du second degr\u00e9 (exemple 3)<\/h2>\n<h2><a href=\"https:\/\/youtube.com\/embed\/LMW3BRIfY-E\">Vid\u00e9o 11<\/a> : \u00c9tudier le signe d&rsquo;une expression du second degr\u00e9<\/h2>\n<h1 style=\"text-align: left;\"><span style=\"color: #ff0000;\">\u00a0<\/span><\/h1>\n<h1 style=\"text-align: center;\"><strong><span style=\"color: #800000;\"><a href=\"http:\/\/mathsguyon.fr\/?page_id=1741\">Exercices corrig\u00e9s en vid\u00e9os ou pdf<\/a><\/span><\/strong><\/h1>\n","protected":false},"excerpt":{"rendered":"<p>QCM du stage Documents en pdf : Cours \u00e0 trou\u00a0\u00a0\u00a0\u00a0\u00a0\u00a0\u00a0\u00a0\u00a0\u00a0Plan De Travail Correction exos : 1 \u00e0 6\u00a0\u00a0 7-8 &#8211; 18 &#8211; 19 &#8211; 21-2 &#8211;\u00a0 21_3 ex 27 &#8211; \u00a0 ex 28 Vid\u00e9os d&rsquo;accompagnement au cours : Vid\u00e9o 1 &hellip; <a href=\"https:\/\/mathsguyon.fr\/?page_id=1083\">Continuer la lecture <span class=\"meta-nav\">&rarr;<\/span><\/a><\/p>\n","protected":false},"author":1,"featured_media":0,"parent":1104,"menu_order":0,"comment_status":"closed","ping_status":"closed","template":"","meta":{"footnotes":""},"class_list":["post-1083","page","type-page","status-publish","hentry"],"_links":{"self":[{"href":"https:\/\/mathsguyon.fr\/index.php?rest_route=\/wp\/v2\/pages\/1083","targetHints":{"allow":["GET"]}}],"collection":[{"href":"https:\/\/mathsguyon.fr\/index.php?rest_route=\/wp\/v2\/pages"}],"about":[{"href":"https:\/\/mathsguyon.fr\/index.php?rest_route=\/wp\/v2\/types\/page"}],"author":[{"embeddable":true,"href":"https:\/\/mathsguyon.fr\/index.php?rest_route=\/wp\/v2\/users\/1"}],"replies":[{"embeddable":true,"href":"https:\/\/mathsguyon.fr\/index.php?rest_route=%2Fwp%2Fv2%2Fcomments&post=1083"}],"version-history":[{"count":48,"href":"https:\/\/mathsguyon.fr\/index.php?rest_route=\/wp\/v2\/pages\/1083\/revisions"}],"predecessor-version":[{"id":6162,"href":"https:\/\/mathsguyon.fr\/index.php?rest_route=\/wp\/v2\/pages\/1083\/revisions\/6162"}],"up":[{"embeddable":true,"href":"https:\/\/mathsguyon.fr\/index.php?rest_route=\/wp\/v2\/pages\/1104"}],"wp:attachment":[{"href":"https:\/\/mathsguyon.fr\/index.php?rest_route=%2Fwp%2Fv2%2Fmedia&parent=1083"}],"curies":[{"name":"wp","href":"https:\/\/api.w.org\/{rel}","templated":true}]}}