{"id":10381,"date":"2025-09-19T12:18:21","date_gmt":"2025-09-19T11:18:21","guid":{"rendered":"https:\/\/mathsguyon.fr\/?page_id=10381"},"modified":"2026-01-03T10:46:17","modified_gmt":"2026-01-03T09:46:17","slug":"front_page","status":"publish","type":"page","link":"https:\/\/mathsguyon.fr\/","title":{"rendered":""},"content":{"rendered":"\n\n\n<div class=\"wp-block-columns is-layout-flex wp-container-core-columns-is-layout-9d6595d7 wp-block-columns-is-layout-flex\">\n<div class=\"wp-block-column is-layout-flow wp-block-column-is-layout-flow\" style=\"flex-basis:100%\">\n\n\n<div class=\"wp-block-group\" style=\"text-align: left;\">Ce site est g\u00e9r\u00e9 par St\u00e9phane Guyon, enseignant au lyc\u00e9e Bellevue d&rsquo;Al\u00e8s(30). Passionn\u00e9 de p\u00e9dagogie, je suis pass\u00e9 par divers projets depuis des ann\u00e9es (S\u00e9samath, Inversons la Classe, &#8230;), toujours anim\u00e9s par le libre, la coop\u00e9ration, la p\u00e9dagogie active, &#8230;<\/div>\n<div class=\"wp-block-group\" style=\"text-align: left;\">Je suis aujourd&rsquo;hui codeur au sein de l&rsquo;\u00e9quipe de MathAL\u00c9A et secr\u00e9taire de l&rsquo;association Coopmaths.\n<p>L&rsquo;ensemble des ressources est \u00e0 la disposition de l&rsquo;enseignement des math\u00e9matiques \u00e0 but non lucratif, \u00e0 condition de respecter la licence CC-BY-SA.<\/p>\n<p>Je remercie Ari\u00e9 Yallouz, Jason Lapeyronie, Gilles Mora, Pierre Cauchois pour l&rsquo;ensemble des ressources qu&rsquo;ils m&rsquo;ont fournies.<\/p>\n<p>Je proposerai mes sources en LaTeX progressivement sur le site de <a href=\"https:\/\/forge.apps.education.fr\/mathsguyon\/partage\">la Forge des Communs Num\u00e9riques<\/a> .<\/p>\n<p>Pour me contacter : <a href=\"mailto:mathsguyon@gmail.com\">mathsguyon@gmail.com<\/a><\/p>\n<div class=\"wp-block-columns\">\u00a0<\/div>\n<\/div>\n\n\n<p><img loading=\"lazy\" decoding=\"async\" class=\"alignnone size-medium wp-image-10463\" src=\"http:\/\/mathsguyon.fr\/wp-content\/uploads\/2025\/09\/steph_mathalea-244x300.png\" alt=\"\" width=\"244\" height=\"300\" srcset=\"https:\/\/mathsguyon.fr\/wp-content\/uploads\/2025\/09\/steph_mathalea-244x300.png 244w, https:\/\/mathsguyon.fr\/wp-content\/uploads\/2025\/09\/steph_mathalea.png 513w\" sizes=\"auto, (max-width: 244px) 100vw, 244px\" \/><\/p>\n\n\n<\/div>\n<\/div>\n","protected":false},"excerpt":{"rendered":"","protected":false},"author":1,"featured_media":0,"parent":0,"menu_order":0,"comment_status":"closed","ping_status":"closed","template":"","meta":{"footnotes":""},"class_list":["post-10381","page","type-page","status-publish","hentry"],"_links":{"self":[{"href":"https:\/\/mathsguyon.fr\/index.php?rest_route=\/wp\/v2\/pages\/10381","targetHints":{"allow":["GET"]}}],"collection":[{"href":"https:\/\/mathsguyon.fr\/index.php?rest_route=\/wp\/v2\/pages"}],"about":[{"href":"https:\/\/mathsguyon.fr\/index.php?rest_route=\/wp\/v2\/types\/page"}],"author":[{"embeddable":true,"href":"https:\/\/mathsguyon.fr\/index.php?rest_route=\/wp\/v2\/users\/1"}],"replies":[{"embeddable":true,"href":"https:\/\/mathsguyon.fr\/index.php?rest_route=%2Fwp%2Fv2%2Fcomments&post=10381"}],"version-history":[{"count":29,"href":"https:\/\/mathsguyon.fr\/index.php?rest_route=\/wp\/v2\/pages\/10381\/revisions"}],"predecessor-version":[{"id":10629,"href":"https:\/\/mathsguyon.fr\/index.php?rest_route=\/wp\/v2\/pages\/10381\/revisions\/10629"}],"wp:attachment":[{"href":"https:\/\/mathsguyon.fr\/index.php?rest_route=%2Fwp%2Fv2%2Fmedia&parent=10381"}],"curies":[{"name":"wp","href":"https:\/\/api.w.org\/{rel}","templated":true}]}}