{"id":10321,"date":"2025-04-03T22:52:09","date_gmt":"2025-04-03T21:52:09","guid":{"rendered":"https:\/\/mathsguyon.fr\/?page_id=10321"},"modified":"2025-04-03T22:55:59","modified_gmt":"2025-04-03T21:55:59","slug":"combinatoire-et-denombrement","status":"publish","type":"page","link":"https:\/\/mathsguyon.fr\/?page_id=10321","title":{"rendered":"Combinatoire et d\u00e9nombrement"},"content":{"rendered":"<h1 style=\"text-align: center;\"><a href=\"https:\/\/www.dropbox.com\/scl\/fi\/bigqv5kdz9a0bcs4i3bn3\/Cours_combinatoire_2025.pdf?rlkey=i9fa3cu4eqwvoogwnv4x5v4i7&amp;dl=0\" target=\"_blank\" rel=\"noopener\">Cours<\/a> \u00a0\u00a0 \u00a0\u00a0 <a href=\"https:\/\/www.dropbox.com\/scl\/fi\/rx5zzxafaw9oirckextq6\/PDT_combinatoire.pdf?rlkey=g3caltfl2zwu640s5ez2j9ap3&amp;dl=0\" target=\"_blank\" rel=\"noopener\">Plan de travail<\/a><\/h1>\n<h2 style=\"text-align: center;\"><span style=\"color: #800000;\"><strong>D\u00e9monstrations fondamentales en vid\u00e9o :<\/strong><\/span><\/h2>\n<h2 class=\"style-scope ytd-watch-metadata\"><a href=\"https:\/\/youtube.com\/embed\/RXgChBHiBe4\" target=\"_blank\" rel=\"noopener\">D\u00e9montrer que le nombre total de parties d&rsquo;un ensemble \u00e0 $n$ \u00e9l\u00e9ments est \u00e9gal \u00e0 $2^n$<\/a><\/h2>\n<h2><a href=\"https:\/\/youtube.com\/embed\/2CmOjPqkWUg\" target=\"_blank\" rel=\"noopener\">D\u00e9montrer la relation de Pascal<\/a><\/h2>\n\n\n<p><\/p>\n","protected":false},"excerpt":{"rendered":"<p>Cours \u00a0\u00a0 \u00a0\u00a0 Plan de travail D\u00e9monstrations fondamentales en vid\u00e9o : D\u00e9montrer que le nombre total de parties d&rsquo;un ensemble \u00e0 $n$ \u00e9l\u00e9ments est \u00e9gal \u00e0 $2^n$ D\u00e9montrer la relation de Pascal<\/p>\n","protected":false},"author":1,"featured_media":0,"parent":0,"menu_order":0,"comment_status":"closed","ping_status":"closed","template":"","meta":{"footnotes":""},"class_list":["post-10321","page","type-page","status-publish","hentry"],"_links":{"self":[{"href":"https:\/\/mathsguyon.fr\/index.php?rest_route=\/wp\/v2\/pages\/10321","targetHints":{"allow":["GET"]}}],"collection":[{"href":"https:\/\/mathsguyon.fr\/index.php?rest_route=\/wp\/v2\/pages"}],"about":[{"href":"https:\/\/mathsguyon.fr\/index.php?rest_route=\/wp\/v2\/types\/page"}],"author":[{"embeddable":true,"href":"https:\/\/mathsguyon.fr\/index.php?rest_route=\/wp\/v2\/users\/1"}],"replies":[{"embeddable":true,"href":"https:\/\/mathsguyon.fr\/index.php?rest_route=%2Fwp%2Fv2%2Fcomments&post=10321"}],"version-history":[{"count":5,"href":"https:\/\/mathsguyon.fr\/index.php?rest_route=\/wp\/v2\/pages\/10321\/revisions"}],"predecessor-version":[{"id":10327,"href":"https:\/\/mathsguyon.fr\/index.php?rest_route=\/wp\/v2\/pages\/10321\/revisions\/10327"}],"wp:attachment":[{"href":"https:\/\/mathsguyon.fr\/index.php?rest_route=%2Fwp%2Fv2%2Fmedia&parent=10321"}],"curies":[{"name":"wp","href":"https:\/\/api.w.org\/{rel}","templated":true}]}}