{"id":10294,"date":"2025-03-20T09:59:49","date_gmt":"2025-03-20T08:59:49","guid":{"rendered":"https:\/\/mathsguyon.fr\/?page_id=10294"},"modified":"2025-04-04T05:51:27","modified_gmt":"2025-04-04T04:51:27","slug":"11-calcul-integral","status":"publish","type":"page","link":"https:\/\/mathsguyon.fr\/?page_id=10294","title":{"rendered":"11. Calcul int\u00e9gral"},"content":{"rendered":"<h1><a href=\"https:\/\/www.dropbox.com\/scl\/fi\/iz6d5413gx8pji8me2fhk\/Cours_integration_2025.pdf?rlkey=wsm0000znx168so5st4ub2ik3&amp;dl=0\" target=\"_blank\" rel=\"noopener\">Cours<\/a> \u00a0\u00a0 \u00a0\u00a0 \u00a0\u00a0 \u00a0\u00a0 \u00a0\u00a0<a href=\"https:\/\/www.dropbox.com\/scl\/fi\/n2ypujcx7jymu1c9465i1\/Plan-de-travail_2025.pdf?rlkey=jikm8ms4gihg4nkq0wel6fsty&amp;dl=0\">Plan de travail<\/a><\/h1>\n\n\n<h2 class=\"wp-block-heading\">QCM de synth\u00e8se \u00e0 mi parcours :&nbsp; <a href=\"https:\/\/link.dgpad.net\/G9Kt\">Sans identifiants<\/a><\/h2>\n\n\n\n<h1 class=\"wp-block-heading\">Les vid\u00e9os de cours<\/h1>\n\n\n\n<h2 class=\"wp-block-heading\"><a href=\"https:\/\/youtube.com\/embed\/p946SxJc5oE\">Vid\u00e9o 1<\/a> : Introduction et premi\u00e8re d\u00e9finition<\/h2>\n\n\n\n<h2 class=\"wp-block-heading\"><a href=\"https:\/\/youtube.com\/embed\/zf-Hq_E159o\">Vid\u00e9o 2<\/a> : Exemple simple<\/h2>\n\n\n\n<hr class=\"wp-block-separator has-alpha-channel-opacity\"\/>\n\n\n\n<h2 class=\"wp-block-heading\"><strong>QCM de validation : <a href=\"https:\/\/link.dgpad.net\/VdoD\">Identifi\u00e9<\/a>&nbsp; &#8211; <a href=\"https:\/\/link.dgpad.net\/4qHY\">Anonyme<\/a><\/strong><\/h2>\n\n\n\n<hr class=\"wp-block-separator has-alpha-channel-opacity\"\/>\n\n\n\n<h2 class=\"wp-block-heading\"><a href=\"https:\/\/youtube.com\/embed\/-_yuXdmwZ1w\">Vid\u00e9o 3<\/a> : Int\u00e9grale d&rsquo;une fonction continue et n\u00e9gative<\/h2>\n\n\n\n<h2 class=\"wp-block-heading\"><a href=\"https:\/\/youtube.com\/embed\/wMUtnSQbjMg\">Vid\u00e9o 4<\/a> : Fonction d\u00e9finie par une int\u00e9grale<\/h2>\n\n\n\n<hr class=\"wp-block-separator has-alpha-channel-opacity\"\/>\n\n\n\n<h2 class=\"wp-block-heading\"><strong>QCM validation : <a href=\"https:\/\/link.dgpad.net\/jYQL\">Indentifi\u00e9<\/a>&nbsp;&nbsp;&nbsp; &#8211;&nbsp;&nbsp; <a href=\"https:\/\/link.dgpad.net\/5PZF\">Anonyme<\/a><\/strong><\/h2>\n\n\n\n<hr class=\"wp-block-separator has-alpha-channel-opacity\"\/>\n\n\n\n<h2 class=\"wp-block-heading\"><a href=\"https:\/\/youtube.com\/embed\/5b2GFnejdKc\">Vid\u00e9o 5<\/a> : Primitive d&rsquo;une fonction<\/h2>\n\n\n\n<h2 class=\"wp-block-heading\"><a href=\"https:\/\/youtube.com\/embed\/HQr4RgVz1PI\">Vid\u00e9o 6<\/a> : Formules de calculs de primitives de fonctions usuelles<\/h2>\n\n\n\n<hr class=\"wp-block-separator has-alpha-channel-opacity\"\/>\n\n\n\n<h2 class=\"wp-block-heading\"><strong>QCM de validation : <a href=\"https:\/\/link.dgpad.net\/DLuC\">Identifi\u00e9 &nbsp;<\/a> <a href=\"https:\/\/link.dgpad.net\/b1Bp\">Anonyme<\/a><\/strong><\/h2>\n\n\n\n<hr class=\"wp-block-separator has-alpha-channel-opacity\"\/>\n\n\n\n<h2 class=\"wp-block-heading\"><a href=\"https:\/\/youtube.com\/embed\/NADKu1qyR5I\">Vid\u00e9o 7 :<\/a> Lin\u00e9arit\u00e9 du calcul des primitives<\/h2>\n\n\n\n<h2 class=\"wp-block-heading\"><a href=\"https:\/\/youtube.com\/embed\/bdG0MtFWyQU\">Vid\u00e9o 8 :<\/a> Formules de calculs de primitives de formes usuelles<\/h2>\n\n\n\n<hr class=\"wp-block-separator has-alpha-channel-opacity\"\/>\n\n\n\n<h2 class=\"wp-block-heading\"><strong>QCM de validation : <a href=\"https:\/\/link.dgpad.net\/XDNF\">Identifi\u00e9<\/a> &nbsp; <a href=\"https:\/\/link.dgpad.net\/FB4c\">Anonyme<\/a><\/strong><\/h2>\n\n\n\n<hr class=\"wp-block-separator has-alpha-channel-opacity\"\/>\n\n\n\n<h2 class=\"wp-block-heading\"><a href=\"https:\/\/youtube.com\/embed\/57w9LaCbvPs\">Vid\u00e9o 9<\/a> : Exemple de calcul d&rsquo;une primitive<\/h2>\n\n\n\n<h2 class=\"wp-block-heading\"><a href=\"https:\/\/youtube.com\/embed\/WkZraVfjgl4\">Vid\u00e9o 10 :<\/a> Primitives et calcul int\u00e9gral<\/h2>\n\n\n\n<hr class=\"wp-block-separator has-alpha-channel-opacity\"\/>\n\n\n\n<h2 class=\"wp-block-heading\"><strong>QCM de validation : <a href=\"https:\/\/link.dgpad.net\/fGza\">Identifi\u00e9<\/a> &nbsp; <a href=\"https:\/\/link.dgpad.net\/bXCT\">Anonyme<\/a><\/strong><\/h2>\n\n\n\n<hr class=\"wp-block-separator has-alpha-channel-opacity\"\/>\n\n\n\n<h2 class=\"wp-block-heading\"><a href=\"https:\/\/youtube.com\/embed\/BcvCvapwFFo\">Vid\u00e9o 11 :<\/a> Exemple de calcul int\u00e9gral<\/h2>\n\n\n\n<h2 class=\"wp-block-heading\"><a href=\"https:\/\/youtube.com\/embed\/hHxmizmbY_k\">Vid\u00e9o 12 :<\/a> Utilisation de la calculatrice<\/h2>\n\n\n\n<h2 class=\"wp-block-heading\"><a href=\"https:\/\/youtube.com\/embed\/jRA_ikvjbb0\">Vid\u00e9o 13 :<\/a> Premi\u00e8re propri\u00e9t\u00e9 de l&rsquo;int\u00e9grale<\/h2>\n\n\n\n<h2 class=\"wp-block-heading\"><a href=\"https:\/\/youtube.com\/embed\/76S7DrxDJNM\">Vid\u00e9o 14 :<\/a> Lin\u00e9arit\u00e9 et relation de Chasles<\/h2>\n\n\n\n<hr class=\"wp-block-separator has-alpha-channel-opacity\"\/>\n\n\n\n<h2 class=\"wp-block-heading\"><strong>QCM de validation : Identifi\u00e9 &nbsp; Anonyme<\/strong><\/h2>\n\n\n\n<hr class=\"wp-block-separator has-alpha-channel-opacity\"\/>\n\n\n\n<h2 class=\"wp-block-heading\"><a href=\"https:\/\/youtube.com\/embed\/goifJkJ0u20\">Vid\u00e9o 15<\/a> : Ordres des int\u00e9grales<\/h2>\n\n\n\n<h2 class=\"wp-block-heading\"><a href=\"https:\/\/youtube.com\/embed\/TxvEud-5ajY\">Vid\u00e9o 16 :<\/a> In\u00e9galit\u00e9 de la moyenne et valeur moyenne<\/h2>\n","protected":false},"excerpt":{"rendered":"<p>Cours \u00a0\u00a0 \u00a0\u00a0 \u00a0\u00a0 \u00a0\u00a0 \u00a0\u00a0Plan de travail QCM de synth\u00e8se \u00e0 mi parcours :&nbsp; Sans identifiants Les vid\u00e9os de cours Vid\u00e9o 1 : Introduction et premi\u00e8re d\u00e9finition Vid\u00e9o 2 : Exemple simple QCM de validation : Identifi\u00e9&nbsp; &#8211; Anonyme &hellip; <a href=\"https:\/\/mathsguyon.fr\/?page_id=10294\">Continuer la lecture <span class=\"meta-nav\">&rarr;<\/span><\/a><\/p>\n","protected":false},"author":1,"featured_media":0,"parent":0,"menu_order":0,"comment_status":"closed","ping_status":"closed","template":"","meta":{"footnotes":""},"class_list":["post-10294","page","type-page","status-publish","hentry"],"_links":{"self":[{"href":"https:\/\/mathsguyon.fr\/index.php?rest_route=\/wp\/v2\/pages\/10294","targetHints":{"allow":["GET"]}}],"collection":[{"href":"https:\/\/mathsguyon.fr\/index.php?rest_route=\/wp\/v2\/pages"}],"about":[{"href":"https:\/\/mathsguyon.fr\/index.php?rest_route=\/wp\/v2\/types\/page"}],"author":[{"embeddable":true,"href":"https:\/\/mathsguyon.fr\/index.php?rest_route=\/wp\/v2\/users\/1"}],"replies":[{"embeddable":true,"href":"https:\/\/mathsguyon.fr\/index.php?rest_route=%2Fwp%2Fv2%2Fcomments&post=10294"}],"version-history":[{"count":4,"href":"https:\/\/mathsguyon.fr\/index.php?rest_route=\/wp\/v2\/pages\/10294\/revisions"}],"predecessor-version":[{"id":10336,"href":"https:\/\/mathsguyon.fr\/index.php?rest_route=\/wp\/v2\/pages\/10294\/revisions\/10336"}],"wp:attachment":[{"href":"https:\/\/mathsguyon.fr\/index.php?rest_route=%2Fwp%2Fv2%2Fmedia&parent=10294"}],"curies":[{"name":"wp","href":"https:\/\/api.w.org\/{rel}","templated":true}]}}