{"id":10286,"date":"2025-03-20T09:51:37","date_gmt":"2025-03-20T08:51:37","guid":{"rendered":"https:\/\/mathsguyon.fr\/?page_id=10286"},"modified":"2025-03-25T16:12:15","modified_gmt":"2025-03-25T15:12:15","slug":"6-les-graphes","status":"publish","type":"page","link":"https:\/\/mathsguyon.fr\/?page_id=10286","title":{"rendered":"6. Les graphes"},"content":{"rendered":"<h1><a href=\"https:\/\/www.dropbox.com\/scl\/fi\/7mz1twszjngnkay5s4dm7\/Cours_graphes2025.pdf?rlkey=cvxxk6vyyy0baiz91h9thz8ap&amp;dl=0\" data-type=\"link\" data-id=\"https:\/\/www.dropbox.com\/scl\/fi\/7mz1twszjngnkay5s4dm7\/Cours_graphes2025.pdf?rlkey=cvxxk6vyyy0baiz91h9thz8ap&amp;dl=0\">Le cours<\/a> \u00a0\u00a0 <a href=\"https:\/\/www.dropbox.com\/scl\/fi\/k4ghdy6gk12e9wc0jgkzm\/PDT_graphes.pdf?rlkey=sbhkmp9atl7j6tee5s83oai09&amp;dl=0\">Le plan de travail<\/a><\/h1>\n<h1>Les Vid\u00e9os de cours :<\/h1>\n<h2><a href=\"https:\/\/youtube.com\/embed\/UxQIZRJ4IiA\">Vid\u00e9o 1<\/a> : D\u00e9finitions<\/h2>\n<h2><a href=\"https:\/\/youtube.com\/embed\/wqGv_kii6Vk\">Vid\u00e9o 2<\/a> : Graphes cha\u00eenes, cycles et connexit\u00e9<\/h2>\n<h2><a href=\"https:\/\/youtube.com\/embed\/24rdACjL-LI\">Vid\u00e9o 3 :<\/a> Th\u00e9or\u00e8me d&rsquo;Euler<\/h2>\n<h2><a href=\"https:\/\/youtube.com\/embed\/xOreJwdbYw8\">Vid\u00e9o 4<\/a> : Matrice d\u2019adjacence<\/h2>\n<h2><a href=\"https:\/\/youtube.com\/embed\/RJT86TKiRpc\">Vid\u00e9o 5<\/a> :Nombre de cha\u00eenes de longueur $n$<\/h2>\n\n\n<p><\/p>\n","protected":false},"excerpt":{"rendered":"<p>Le cours \u00a0\u00a0 Le plan de travail Les Vid\u00e9os de cours : Vid\u00e9o 1 : D\u00e9finitions Vid\u00e9o 2 : Graphes cha\u00eenes, cycles et connexit\u00e9 Vid\u00e9o 3 : Th\u00e9or\u00e8me d&rsquo;Euler Vid\u00e9o 4 : Matrice d\u2019adjacence Vid\u00e9o 5 :Nombre de cha\u00eenes de &hellip; <a href=\"https:\/\/mathsguyon.fr\/?page_id=10286\">Continuer la lecture <span class=\"meta-nav\">&rarr;<\/span><\/a><\/p>\n","protected":false},"author":1,"featured_media":0,"parent":0,"menu_order":0,"comment_status":"closed","ping_status":"closed","template":"","meta":{"footnotes":""},"class_list":["post-10286","page","type-page","status-publish","hentry"],"_links":{"self":[{"href":"https:\/\/mathsguyon.fr\/index.php?rest_route=\/wp\/v2\/pages\/10286","targetHints":{"allow":["GET"]}}],"collection":[{"href":"https:\/\/mathsguyon.fr\/index.php?rest_route=\/wp\/v2\/pages"}],"about":[{"href":"https:\/\/mathsguyon.fr\/index.php?rest_route=\/wp\/v2\/types\/page"}],"author":[{"embeddable":true,"href":"https:\/\/mathsguyon.fr\/index.php?rest_route=\/wp\/v2\/users\/1"}],"replies":[{"embeddable":true,"href":"https:\/\/mathsguyon.fr\/index.php?rest_route=%2Fwp%2Fv2%2Fcomments&post=10286"}],"version-history":[{"count":8,"href":"https:\/\/mathsguyon.fr\/index.php?rest_route=\/wp\/v2\/pages\/10286\/revisions"}],"predecessor-version":[{"id":10309,"href":"https:\/\/mathsguyon.fr\/index.php?rest_route=\/wp\/v2\/pages\/10286\/revisions\/10309"}],"wp:attachment":[{"href":"https:\/\/mathsguyon.fr\/index.php?rest_route=%2Fwp%2Fv2%2Fmedia&parent=10286"}],"curies":[{"name":"wp","href":"https:\/\/api.w.org\/{rel}","templated":true}]}}