{"id":10223,"date":"2025-01-27T23:41:06","date_gmt":"2025-01-27T22:41:06","guid":{"rendered":"https:\/\/mathsguyon.fr\/?page_id=10223"},"modified":"2025-03-25T16:18:38","modified_gmt":"2025-03-25T15:18:38","slug":"logarithme-neperien","status":"publish","type":"page","link":"https:\/\/mathsguyon.fr\/?page_id=10223","title":{"rendered":"9. Logarithme n\u00e9p\u00e9rien"},"content":{"rendered":"<h1><a href=\"https:\/\/www.dropbox.com\/scl\/fi\/td561jfttri1oqxn0l9qi\/Cours_fct_ln.pdf?rlkey=mqs3uncs3wlkb9o3zmuxxhteo&amp;dl=0\">Cours<\/a>\u00a0\u00a0\u00a0\u00a0\u00a0\u00a0\u00a0\u00a0\u00a0\u00a0\u00a0\u00a0\u00a0\u00a0\u00a0\u00a0\u00a0\u00a0\u00a0\u00a0\u00a0 <a href=\"https:\/\/www.dropbox.com\/scl\/fi\/3glk569ywhr8l8ry3uyw1\/PDT_ln_2.pdf?rlkey=ugqnjmwebv40pw1s0yhz2kwr7&amp;dl=0\">Plan de travail<\/a><\/h1>\n<h1><strong>Vid\u00e9os de cours :<\/strong><\/h1>\n<h2><a href=\"https:\/\/youtube.com\/embed\/T39jzSD-EYs\">Vid\u00e9o 1<\/a> : Introduction<\/h2>\n<h2><a href=\"https:\/\/youtube.com\/embed\/u9vXklD6fwM\">Vid\u00e9o 2 :<\/a> D\u00e9finition<\/h2>\n<h2><a href=\"https:\/\/youtube.com\/embed\/a3gnre6tnlY\">Vid\u00e9o 3 :<\/a> Premi\u00e8res applications<\/h2>\n<h2><a href=\"https:\/\/youtube.com\/embed\/lGZ-b0zX7E4\">Vid\u00e9o 4 :<\/a> Variations<\/h2>\n<h2><a href=\"https:\/\/youtube.com\/embed\/p-v4j_Axb90\">Vid\u00e9o 5 :<\/a> Propri\u00e9t\u00e9 fondamentale<\/h2>\n<h2><a href=\"https:\/\/youtube.com\/embed\/3mcJ5MjjfXQ\">Vid\u00e9o 6 :<\/a> D\u00e9riv\u00e9e<\/h2>\n<h2><a href=\"https:\/\/youtube.com\/embed\/8fRQvETruQk\">Vid\u00e9o 7 :<\/a> TVI, courbe et convexit\u00e9<\/h2>\n\n\n<p><\/p>\n","protected":false},"excerpt":{"rendered":"<p>Cours\u00a0\u00a0\u00a0\u00a0\u00a0\u00a0\u00a0\u00a0\u00a0\u00a0\u00a0\u00a0\u00a0\u00a0\u00a0\u00a0\u00a0\u00a0\u00a0\u00a0\u00a0 Plan de travail Vid\u00e9os de cours : Vid\u00e9o 1 : Introduction Vid\u00e9o 2 : D\u00e9finition Vid\u00e9o 3 : Premi\u00e8res applications Vid\u00e9o 4 : Variations Vid\u00e9o 5 : Propri\u00e9t\u00e9 fondamentale Vid\u00e9o 6 : D\u00e9riv\u00e9e Vid\u00e9o 7 : TVI, courbe et &hellip; <a href=\"https:\/\/mathsguyon.fr\/?page_id=10223\">Continuer la lecture <span class=\"meta-nav\">&rarr;<\/span><\/a><\/p>\n","protected":false},"author":1,"featured_media":0,"parent":0,"menu_order":0,"comment_status":"closed","ping_status":"closed","template":"","meta":{"footnotes":""},"class_list":["post-10223","page","type-page","status-publish","hentry"],"_links":{"self":[{"href":"https:\/\/mathsguyon.fr\/index.php?rest_route=\/wp\/v2\/pages\/10223","targetHints":{"allow":["GET"]}}],"collection":[{"href":"https:\/\/mathsguyon.fr\/index.php?rest_route=\/wp\/v2\/pages"}],"about":[{"href":"https:\/\/mathsguyon.fr\/index.php?rest_route=\/wp\/v2\/types\/page"}],"author":[{"embeddable":true,"href":"https:\/\/mathsguyon.fr\/index.php?rest_route=\/wp\/v2\/users\/1"}],"replies":[{"embeddable":true,"href":"https:\/\/mathsguyon.fr\/index.php?rest_route=%2Fwp%2Fv2%2Fcomments&post=10223"}],"version-history":[{"count":5,"href":"https:\/\/mathsguyon.fr\/index.php?rest_route=\/wp\/v2\/pages\/10223\/revisions"}],"predecessor-version":[{"id":10318,"href":"https:\/\/mathsguyon.fr\/index.php?rest_route=\/wp\/v2\/pages\/10223\/revisions\/10318"}],"wp:attachment":[{"href":"https:\/\/mathsguyon.fr\/index.php?rest_route=%2Fwp%2Fv2%2Fmedia&parent=10223"}],"curies":[{"name":"wp","href":"https:\/\/api.w.org\/{rel}","templated":true}]}}